{"id":766753,"date":"2025-08-28T12:24:02","date_gmt":"2025-08-28T09:24:02","guid":{"rendered":"https:\/\/roveyayinevi.com.tr\/index.php\/urun\/batman-bir-kotu-gun-bane\/"},"modified":"2026-04-15T03:32:37","modified_gmt":"2026-04-15T00:32:37","slug":"batman-bir-kotu-gun-bane","status":"publish","type":"product","link":"https:\/\/roveyayinevi.com.tr\/index.php\/urun\/batman-bir-kotu-gun-bane\/","title":{"rendered":"Batman: Bir K\u00f6t\u00fc G\u00fcn &#8211; Bane"},"content":{"rendered":"<p>ZEHRE BULANMI\u015e B\u0130R D\u00dcN, BUG\u00dcN VE DE YARIN. Bane, Yarasa\u2019y\u0131 par\u00e7alam\u0131\u015ft\u0131&#8211; Kara \u015e\u00f6valye\u2019yi ger\u00e7ekten alt eden nadir k\u00f6t\u00fclerden biriydi&#8211;peki, ba\u015fard\u0131\u011f\u0131 tek \u015fey bu mu? Y\u0131llar sonra Bane, \u00e7\u0131kt\u0131\u011f\u0131 ringde her g\u00fcn Batman k\u0131l\u0131\u011f\u0131nda birini yenerek, eski zafer g\u00fcnlerini tekrar ya\u015famaya \u00e7al\u0131\u015fan, y\u0131ld\u0131z\u0131 s\u00f6nm\u00fc\u015f bir g\u00fcre\u015f\u00e7iye d\u00f6n\u00fc\u015fm\u00fc\u015f durumda. Fakat d\u00fcnyada yeni bir Zehir kayna\u011f\u0131 oldu\u011funu \u00f6\u011frendi\u011finde, hayat\u0131n\u0131 mahveden zehri ba\u015fka kimsenin kullanmamas\u0131 i\u00e7in yenilenmi\u015f bir iradeyle bu tesisi temelli kapatmak i\u00e7in elinden geleni yapacak.<\/p>\n","protected":false},"excerpt":{"rendered":"<p>ZEHRE BULANMI\u015e B\u0130R D\u00dcN, BUG\u00dcN VE DE YARIN. Bane, Yarasa\u2019y\u0131 par\u00e7alam\u0131\u015ft\u0131&#8211; Kara \u015e\u00f6valye\u2019yi ger\u00e7ekten alt eden nadir k\u00f6t\u00fclerden biriydi&#8211;peki, ba\u015fard\u0131\u011f\u0131 tek \u015fey bu mu? Y\u0131llar sonra<span class=\"excerpt-hellip\"> [\u2026]<\/span><\/p>\n","protected":false},"featured_media":0,"template":"","meta":{"_monsterinsights_skip_tracking":false,"_monsterinsights_sitenote_active":false,"_monsterinsights_sitenote_note":"","_monsterinsights_sitenote_category":0},"product_brand":[],"product_cat":[12416,12291],"product_tag":[],"class_list":{"0":"post-766753","1":"product","2":"type-product","3":"status-publish","5":"product_cat-cizgi-roman","6":"product_cat-edebiyat","7":"pa_cilt-ciltsiz","8":"pa_tur-kitap","9":"pa_yayinevi-jbc-yayincilik","10":"pa_yazar-joshua-willamson","12":"first","13":"instock","14":"sale","15":"shipping-taxable","16":"purchasable","17":"product-type-simple"},"_links":{"self":[{"href":"https:\/\/roveyayinevi.com.tr\/index.php\/wp-json\/wp\/v2\/product\/766753","targetHints":{"allow":["GET"]}}],"collection":[{"href":"https:\/\/roveyayinevi.com.tr\/index.php\/wp-json\/wp\/v2\/product"}],"about":[{"href":"https:\/\/roveyayinevi.com.tr\/index.php\/wp-json\/wp\/v2\/types\/product"}],"wp:attachment":[{"href":"https:\/\/roveyayinevi.com.tr\/index.php\/wp-json\/wp\/v2\/media?parent=766753"}],"wp:term":[{"taxonomy":"product_brand","embeddable":true,"href":"https:\/\/roveyayinevi.com.tr\/index.php\/wp-json\/wp\/v2\/product_brand?post=766753"},{"taxonomy":"product_cat","embeddable":true,"href":"https:\/\/roveyayinevi.com.tr\/index.php\/wp-json\/wp\/v2\/product_cat?post=766753"},{"taxonomy":"product_tag","embeddable":true,"href":"https:\/\/roveyayinevi.com.tr\/index.php\/wp-json\/wp\/v2\/product_tag?post=766753"}],"curies":[{"name":"wp","href":"https:\/\/api.w.org\/{rel}","templated":true}]}}