{"id":766752,"date":"2025-08-28T12:23:59","date_gmt":"2025-08-28T09:23:59","guid":{"rendered":"https:\/\/roveyayinevi.com.tr\/index.php\/urun\/batman-bir-kotu-gun-mr-freeze\/"},"modified":"2026-04-15T03:32:37","modified_gmt":"2026-04-15T00:32:37","slug":"batman-bir-kotu-gun-mr-freeze","status":"publish","type":"product","link":"https:\/\/roveyayinevi.com.tr\/index.php\/urun\/batman-bir-kotu-gun-mr-freeze\/","title":{"rendered":"Batman: Bir K\u00f6t\u00fc G\u00fcn &#8211; Mr. Freeze"},"content":{"rendered":"<p>B\u0130Z\u0130 HAREKETE GE\u00c7\u0130REN \u015eEY A\u015eKI MI YOKSA SAPLANTI MI? Kara \u015e\u00f6valye\u2019nin Gotham\u2019daki ilk g\u00fcnlerine d\u00f6nelim: Batman ve Robin (Dick Grayson), Gotham\u2019\u0131n ge\u00e7irdi\u011fi en so\u011fuk k\u0131\u015fla kar\u015f\u0131 kar\u015f\u0131ya. O kadar so\u011fuk bir k\u0131\u015f ki Victor Fries, di\u011fer ad\u0131yla Mr. Freeze bile hayatta kalmak i\u00e7in \u00f6zel k\u0131yafetine ihtiya\u00e7 duymuyor; al\u0131\u015f\u0131k oldu\u011fu ortamda, g\u00fc\u00e7lenmeye haz\u0131r. Bu s\u0131rada Robin, Mr. Freeze ile empati kuruyor &#8211;Freeze\u2019in istedi\u011fi tek \u015fey, e\u015fi Nora\u2019y\u0131 kurtarmak&#8211; ama Batman, Victor Fries\u2019e kar\u015f\u0131 duygusal bir yak\u0131nl\u0131k duymamas\u0131 konusunda Robin\u2019i uyar\u0131yor. Fries, kendi kaderine uzun bir zaman \u00f6nce karar vermi\u015f bir adam ve s\u0131cak duygular\u0131m\u0131z\u0131 hi\u00e7 mi hi\u00e7 hak etmiyor. Ve bu k\u0131\u015f&#8230; bizlere ger\u00e7ek k\u00f6t\u00fcl\u00fc\u011f\u00fcn\u00fc ve g\u00fcc\u00fcn\u00fc g\u00f6sterecek. Etkileyici yarat\u0131c\u0131 ekip GERRY DUGGAN (Uncanny X-Men, Deadpool) ve MATTEO SCALERA\u2019dan (Black Science, Batman: White Knight Presents: Harley Quinn) y\u00fcrek burkan bir hik\u00e2ye: Batman &#8211; Bir K\u00f6t\u00fc G\u00fcn: Mr. Freeze.<\/p>\n","protected":false},"excerpt":{"rendered":"<p>B\u0130Z\u0130 HAREKETE GE\u00c7\u0130REN \u015eEY A\u015eKI MI YOKSA SAPLANTI MI? Kara \u015e\u00f6valye\u2019nin Gotham\u2019daki ilk g\u00fcnlerine d\u00f6nelim: Batman ve Robin (Dick Grayson), Gotham\u2019\u0131n ge\u00e7irdi\u011fi en so\u011fuk k\u0131\u015fla kar\u015f\u0131<span class=\"excerpt-hellip\"> [\u2026]<\/span><\/p>\n","protected":false},"featured_media":0,"template":"","meta":{"_monsterinsights_skip_tracking":false,"_monsterinsights_sitenote_active":false,"_monsterinsights_sitenote_note":"","_monsterinsights_sitenote_category":0},"product_brand":[],"product_cat":[12416,12291],"product_tag":[],"class_list":{"0":"post-766752","1":"product","2":"type-product","3":"status-publish","5":"product_cat-cizgi-roman","6":"product_cat-edebiyat","7":"pa_cilt-ciltsiz","8":"pa_tur-kitap","9":"pa_yayinevi-jbc-yayincilik","10":"pa_yazar-gerry-duggan","12":"first","13":"instock","14":"sale","15":"shipping-taxable","16":"purchasable","17":"product-type-simple"},"_links":{"self":[{"href":"https:\/\/roveyayinevi.com.tr\/index.php\/wp-json\/wp\/v2\/product\/766752","targetHints":{"allow":["GET"]}}],"collection":[{"href":"https:\/\/roveyayinevi.com.tr\/index.php\/wp-json\/wp\/v2\/product"}],"about":[{"href":"https:\/\/roveyayinevi.com.tr\/index.php\/wp-json\/wp\/v2\/types\/product"}],"wp:attachment":[{"href":"https:\/\/roveyayinevi.com.tr\/index.php\/wp-json\/wp\/v2\/media?parent=766752"}],"wp:term":[{"taxonomy":"product_brand","embeddable":true,"href":"https:\/\/roveyayinevi.com.tr\/index.php\/wp-json\/wp\/v2\/product_brand?post=766752"},{"taxonomy":"product_cat","embeddable":true,"href":"https:\/\/roveyayinevi.com.tr\/index.php\/wp-json\/wp\/v2\/product_cat?post=766752"},{"taxonomy":"product_tag","embeddable":true,"href":"https:\/\/roveyayinevi.com.tr\/index.php\/wp-json\/wp\/v2\/product_tag?post=766752"}],"curies":[{"name":"wp","href":"https:\/\/api.w.org\/{rel}","templated":true}]}}