{"id":766751,"date":"2025-08-28T12:23:57","date_gmt":"2025-08-28T09:23:57","guid":{"rendered":"https:\/\/roveyayinevi.com.tr\/index.php\/urun\/batman-bir-kotu-gun-two-face\/"},"modified":"2026-04-15T03:32:37","modified_gmt":"2026-04-15T00:32:37","slug":"batman-bir-kotu-gun-two-face","status":"publish","type":"product","link":"https:\/\/roveyayinevi.com.tr\/index.php\/urun\/batman-bir-kotu-gun-two-face\/","title":{"rendered":"Batman: Bir K\u00f6t\u00fc G\u00fcn &#8211; Two Face"},"content":{"rendered":"<p>YAZI DA GELSE TURA DA GELSE, BATMAN KAYBEDECEK! Two-Face her zaman Batman\u2019in en trajik d\u00fc\u015fman\u0131 olarak g\u00f6r\u00fclm\u00fc\u015ft\u00fcr. Harvey Dent asitle yaralanmasayd\u0131, Gotham\u2019da b\u00f6lge savc\u0131s\u0131 olarak iyi i\u015fler yapmay\u0131 s\u00fcrd\u00fcrebilir, Batman\u2019in en yak\u0131n dostu ve m\u00fcttefiki olabilirdi&#8230; \u00d6yle de\u011fil mi? Yoksa Batman, pek \u00e7ok kez d\u00fczeltmeye \u00e7al\u0131\u015ft\u0131\u011f\u0131 Dent\u2019e fazla m\u0131 merhamet g\u00f6sterdi? Eski yaralar\u0131n\u0131 h\u00e2l\u00e2 \u00fczerinde ta\u015f\u0131yan ancak Two-Face\u2019in etkisinde gibi g\u00f6r\u00fcnmeyen Dent, Gotham sokaklar\u0131nda tekrar \u00f6zg\u00fcrce dola\u015f\u0131rken Batman, kendine bu sorular\u0131 soracak. Fakat&#8230; Dent\u2019in babas\u0131, 88. do\u011fum g\u00fcn\u00fc partisi i\u00e7in ald\u0131\u011f\u0131 \u00f6l\u00fcm tehdidiyle ortaya \u00e7\u0131kt\u0131\u011f\u0131nda acaba Two-Face sakland\u0131\u011f\u0131 yerde durabilecek mi?<\/p>\n","protected":false},"excerpt":{"rendered":"<p>YAZI DA GELSE TURA DA GELSE, BATMAN KAYBEDECEK! Two-Face her zaman Batman\u2019in en trajik d\u00fc\u015fman\u0131 olarak g\u00f6r\u00fclm\u00fc\u015ft\u00fcr. Harvey Dent asitle yaralanmasayd\u0131, Gotham\u2019da b\u00f6lge savc\u0131s\u0131 olarak iyi<span class=\"excerpt-hellip\"> [\u2026]<\/span><\/p>\n","protected":false},"featured_media":0,"template":"","meta":{"_monsterinsights_skip_tracking":false,"_monsterinsights_sitenote_active":false,"_monsterinsights_sitenote_note":"","_monsterinsights_sitenote_category":0},"product_brand":[],"product_cat":[12416,12291],"product_tag":[],"class_list":{"0":"post-766751","1":"product","2":"type-product","3":"status-publish","5":"product_cat-cizgi-roman","6":"product_cat-edebiyat","7":"pa_cilt-ciltsiz","8":"pa_tur-kitap","9":"pa_yayinevi-jbc-yayincilik","10":"pa_yazar-mariko-tamaki","12":"first","13":"instock","14":"sale","15":"shipping-taxable","16":"purchasable","17":"product-type-simple"},"_links":{"self":[{"href":"https:\/\/roveyayinevi.com.tr\/index.php\/wp-json\/wp\/v2\/product\/766751","targetHints":{"allow":["GET"]}}],"collection":[{"href":"https:\/\/roveyayinevi.com.tr\/index.php\/wp-json\/wp\/v2\/product"}],"about":[{"href":"https:\/\/roveyayinevi.com.tr\/index.php\/wp-json\/wp\/v2\/types\/product"}],"wp:attachment":[{"href":"https:\/\/roveyayinevi.com.tr\/index.php\/wp-json\/wp\/v2\/media?parent=766751"}],"wp:term":[{"taxonomy":"product_brand","embeddable":true,"href":"https:\/\/roveyayinevi.com.tr\/index.php\/wp-json\/wp\/v2\/product_brand?post=766751"},{"taxonomy":"product_cat","embeddable":true,"href":"https:\/\/roveyayinevi.com.tr\/index.php\/wp-json\/wp\/v2\/product_cat?post=766751"},{"taxonomy":"product_tag","embeddable":true,"href":"https:\/\/roveyayinevi.com.tr\/index.php\/wp-json\/wp\/v2\/product_tag?post=766751"}],"curies":[{"name":"wp","href":"https:\/\/api.w.org\/{rel}","templated":true}]}}