{"id":766749,"date":"2025-08-28T12:23:52","date_gmt":"2025-08-28T09:23:52","guid":{"rendered":"https:\/\/roveyayinevi.com.tr\/index.php\/urun\/batman-bir-kotu-gun-the-riddler\/"},"modified":"2026-04-15T03:32:37","modified_gmt":"2026-04-15T00:32:37","slug":"batman-bir-kotu-gun-the-riddler","status":"publish","type":"product","link":"https:\/\/roveyayinevi.com.tr\/index.php\/urun\/batman-bir-kotu-gun-the-riddler\/","title":{"rendered":"Batman : Bir K\u00f6t\u00fc G\u00fcn &#8211; The Riddler"},"content":{"rendered":"<p>ARTIK B\u0130LMECE DE YOK, KURAL DA YOK. OYUN BA\u015eLASIN. Riddler, bir adam\u0131 g\u00fcpeg\u00fcnd\u00fcz g\u00f6r\u00fcn\u00fcrde hi\u00e7bir sebep yokken \u00f6ld\u00fcrd\u00fc&#8230; Ancak daima bir sebep vard\u0131r. Riddler, her zaman oyun oynar ve her zaman oynad\u0131\u011f\u0131 oyunun bir kural\u0131 vard\u0131r. Bu destans\u0131 psikolojik gerilim hik\u00e2yesinde Batman, Riddler\u2019\u0131n karma\u015f\u0131k ve \u015fiddet dolu ge\u00e7mi\u015fine yak\u0131ndan bakacak ve Riddler\u2019in ger\u00e7ek amac\u0131n\u0131 \u00e7\u00f6zmeye \u00e7al\u0131\u015f\u0131rken zek\u00e2s\u0131n\u0131n s\u0131n\u0131rlar\u0131na ula\u015facak. Ve Batman kendi kendini yok ederken Riddler, s\u0131rf zaman ge\u00e7irmek i\u00e7in Gotham Polisi ve Arkham T\u0131marhanesi\u2019ne y\u00f6nelecek&#8230; Mister Miracle, The Sheriff of Babylon ve Strange Adventures\u2019\u0131n arkas\u0131ndaki Eisner \u00d6d\u00fcll\u00fc yarat\u0131c\u0131 ikili TOM KING ve MITCH GERADS, Batman &#8211; Bir K\u00f6t\u00fc G\u00fcn serisinin a\u00e7\u0131l\u0131\u015f\u0131n\u0131 yapmak i\u00e7in Batman\u2019in en zeki d\u00fc\u015fman\u0131n\u0131n zihnine derinlemesine dalmak \u00fczere tekrar bir araya geliyor.<\/p>\n","protected":false},"excerpt":{"rendered":"<p>ARTIK B\u0130LMECE DE YOK, KURAL DA YOK. OYUN BA\u015eLASIN. Riddler, bir adam\u0131 g\u00fcpeg\u00fcnd\u00fcz g\u00f6r\u00fcn\u00fcrde hi\u00e7bir sebep yokken \u00f6ld\u00fcrd\u00fc&#8230; Ancak daima bir sebep vard\u0131r. Riddler, her zaman<span class=\"excerpt-hellip\"> [\u2026]<\/span><\/p>\n","protected":false},"featured_media":0,"template":"","meta":{"_monsterinsights_skip_tracking":false,"_monsterinsights_sitenote_active":false,"_monsterinsights_sitenote_note":"","_monsterinsights_sitenote_category":0},"product_brand":[],"product_cat":[12416,12291],"product_tag":[],"class_list":{"0":"post-766749","1":"product","2":"type-product","3":"status-publish","5":"product_cat-cizgi-roman","6":"product_cat-edebiyat","7":"pa_cilt-ciltsiz","8":"pa_tur-kitap","9":"pa_yayinevi-jbc-yayincilik","10":"pa_yazar-tom-king","12":"first","13":"instock","14":"sale","15":"shipping-taxable","16":"purchasable","17":"product-type-simple"},"_links":{"self":[{"href":"https:\/\/roveyayinevi.com.tr\/index.php\/wp-json\/wp\/v2\/product\/766749","targetHints":{"allow":["GET"]}}],"collection":[{"href":"https:\/\/roveyayinevi.com.tr\/index.php\/wp-json\/wp\/v2\/product"}],"about":[{"href":"https:\/\/roveyayinevi.com.tr\/index.php\/wp-json\/wp\/v2\/types\/product"}],"wp:attachment":[{"href":"https:\/\/roveyayinevi.com.tr\/index.php\/wp-json\/wp\/v2\/media?parent=766749"}],"wp:term":[{"taxonomy":"product_brand","embeddable":true,"href":"https:\/\/roveyayinevi.com.tr\/index.php\/wp-json\/wp\/v2\/product_brand?post=766749"},{"taxonomy":"product_cat","embeddable":true,"href":"https:\/\/roveyayinevi.com.tr\/index.php\/wp-json\/wp\/v2\/product_cat?post=766749"},{"taxonomy":"product_tag","embeddable":true,"href":"https:\/\/roveyayinevi.com.tr\/index.php\/wp-json\/wp\/v2\/product_tag?post=766749"}],"curies":[{"name":"wp","href":"https:\/\/api.w.org\/{rel}","templated":true}]}}