{"id":766747,"date":"2025-08-28T12:23:48","date_gmt":"2025-08-28T09:23:48","guid":{"rendered":"https:\/\/roveyayinevi.com.tr\/index.php\/urun\/kediler-ve-zen\/"},"modified":"2026-04-11T14:35:45","modified_gmt":"2026-04-11T11:35:45","slug":"kediler-ve-zen","status":"publish","type":"product","link":"https:\/\/roveyayinevi.com.tr\/index.php\/urun\/kediler-ve-zen\/","title":{"rendered":"Kediler ve Zen"},"content":{"rendered":"<p>Kedilerin Japon ya\u015fam\u0131n\u0131n anlaml\u0131 bir par\u00e7as\u0131 oldu\u011fu, halk\u00f6yk\u00fclerinden modaya k\u00fclt\u00fcr \u00fczerinde dev bir pati izib\u0131rakt\u0131klar\u0131 su g\u00f6t\u00fcrmez bir ger\u00e7ek. Kedigillerin Japonya\u2019da ilkkez Budizmin \u00c7in \u00fczerinden geli\u015fiyle, yakla\u015f\u0131k 552 y\u0131l\u0131ndaortaya \u00e7\u0131kt\u0131klar\u0131na inan\u0131l\u0131yor. Ba\u015fl\u0131ca g\u00f6revleri, ha\u015ferelerinkutsal kitaplara zarar vermesini engellemekti. Peki bu bilgin kedigillerden neler \u00f6\u011frenebiliriz? Y\u00fczy\u0131llarboyunca antik tap\u0131naklarda ya\u015fayarak; sanat\u00e7\u0131lar, fahi\u015feler,ke\u015fi\u015fler ve yazarlarla bir arada bulunarak edindikleri bilgeliksayesinde bize \u00f6\u011fretecek \u00e7ok \u015feyleri var ku\u015fkusuz. Kediler ve Zen, kediler, Japonya ve Zen felsefesi hakk\u0131ndahik\u00e2yeler ve ger\u00e7ek hayat \u00f6yk\u00fcleriyle \u00f6r\u00fcl\u00fc bir metin. CarlaFrancis bu kitapta, Japon kedi severlerle yap\u0131lan tart\u0131\u015fmalarayer veriyor ve okurlara ilham verecek Japonca kelimelerdenm\u00fcte\u015fekkil bir s\u00f6zl\u00fck vesilesiyle herkesi \u201cdikkatli miyavlamaya\u201d davet ediyor.<\/p>\n","protected":false},"excerpt":{"rendered":"<p>Kedilerin Japon ya\u015fam\u0131n\u0131n anlaml\u0131 bir par\u00e7as\u0131 oldu\u011fu, halk\u00f6yk\u00fclerinden modaya k\u00fclt\u00fcr \u00fczerinde dev bir pati izib\u0131rakt\u0131klar\u0131 su g\u00f6t\u00fcrmez bir ger\u00e7ek. Kedigillerin Japonya\u2019da ilkkez Budizmin \u00c7in \u00fczerinden geli\u015fiyle,<span class=\"excerpt-hellip\"> [\u2026]<\/span><\/p>\n","protected":false},"featured_media":0,"template":"","meta":{"_monsterinsights_skip_tracking":false,"_monsterinsights_sitenote_active":false,"_monsterinsights_sitenote_note":"","_monsterinsights_sitenote_category":0},"product_brand":[],"product_cat":[12364,12376],"product_tag":[],"class_list":{"0":"post-766747","1":"product","2":"type-product","3":"status-publish","5":"product_cat-genel-konular","6":"product_cat-kisisel-gelisim","7":"pa_cilt-ciltsiz","8":"pa_tur-kitap","9":"pa_yayinevi-serenad-yayinevi","10":"pa_yazar-carla-francis","12":"first","13":"instock","14":"sale","15":"shipping-taxable","16":"purchasable","17":"product-type-simple"},"_links":{"self":[{"href":"https:\/\/roveyayinevi.com.tr\/index.php\/wp-json\/wp\/v2\/product\/766747","targetHints":{"allow":["GET"]}}],"collection":[{"href":"https:\/\/roveyayinevi.com.tr\/index.php\/wp-json\/wp\/v2\/product"}],"about":[{"href":"https:\/\/roveyayinevi.com.tr\/index.php\/wp-json\/wp\/v2\/types\/product"}],"wp:attachment":[{"href":"https:\/\/roveyayinevi.com.tr\/index.php\/wp-json\/wp\/v2\/media?parent=766747"}],"wp:term":[{"taxonomy":"product_brand","embeddable":true,"href":"https:\/\/roveyayinevi.com.tr\/index.php\/wp-json\/wp\/v2\/product_brand?post=766747"},{"taxonomy":"product_cat","embeddable":true,"href":"https:\/\/roveyayinevi.com.tr\/index.php\/wp-json\/wp\/v2\/product_cat?post=766747"},{"taxonomy":"product_tag","embeddable":true,"href":"https:\/\/roveyayinevi.com.tr\/index.php\/wp-json\/wp\/v2\/product_tag?post=766747"}],"curies":[{"name":"wp","href":"https:\/\/api.w.org\/{rel}","templated":true}]}}