{"id":766744,"date":"2025-08-28T12:23:42","date_gmt":"2025-08-28T09:23:42","guid":{"rendered":"https:\/\/roveyayinevi.com.tr\/index.php\/urun\/gidenleri-rahat-birakma-kilavuzu-kalanlari-rahat-birakma-kilavuzu\/"},"modified":"2026-04-05T03:24:06","modified_gmt":"2026-04-05T00:24:06","slug":"gidenleri-rahat-birakma-kilavuzu-kalanlari-rahat-birakma-kilavuzu","status":"publish","type":"product","link":"https:\/\/roveyayinevi.com.tr\/index.php\/urun\/gidenleri-rahat-birakma-kilavuzu-kalanlari-rahat-birakma-kilavuzu\/","title":{"rendered":"Gidenleri Rahat B\u0131rakma K\u0131lavuzu &#8211;  Kalanlar\u0131 Rahat B\u0131rakma K\u0131lavuzu"},"content":{"rendered":"<p>G\u0130DENLER\u0130 RAHAT BIRAKIN, gitme d\u00fc\u015f\u00fcncesi birdenbire akl\u0131na gelmez insan\u0131n. Kendini bulmak i\u00e7in okudu\u011fu roman, izledi\u011fi film, \u00e7\u0131kamad\u0131\u011f\u0131 yolculuk, giremedi\u011fi ev, atlayamad\u0131\u011f\u0131 ip, oynayamad\u0131\u011f\u0131 sokak oyunlar\u0131 gelir akl\u0131na.   KALANLARI RAHAT BIRAKIN, kalanlar tekinsizli\u011fi, yabanc\u0131l\u0131\u011f\u0131, yenili\u011fi, i\u00e7ermediklerini, korku ve umudu s\u0131rtlar\u0131ndan \u00e7\u0131kard\u0131lar. Zamirleri, edatlar\u0131, ba\u011fla\u00e7lar\u0131, s\u0131fatlar\u0131 b\u0131rak\u0131p isim ve fiilleri al\u0131p kald\u0131lar. \u015eiddet ve insaf\u0131 b\u0131rak\u0131p tahrip ve takdiri g\u00f6\u011f\u00fcslerine ald\u0131lar. <\/p>\n","protected":false},"excerpt":{"rendered":"<p>G\u0130DENLER\u0130 RAHAT BIRAKIN, gitme d\u00fc\u015f\u00fcncesi birdenbire akl\u0131na gelmez insan\u0131n. Kendini bulmak i\u00e7in okudu\u011fu roman, izledi\u011fi film, \u00e7\u0131kamad\u0131\u011f\u0131 yolculuk, giremedi\u011fi ev, atlayamad\u0131\u011f\u0131 ip, oynayamad\u0131\u011f\u0131 sokak oyunlar\u0131 gelir<span class=\"excerpt-hellip\"> [\u2026]<\/span><\/p>\n","protected":false},"featured_media":0,"template":"","meta":{"_monsterinsights_skip_tracking":false,"_monsterinsights_sitenote_active":false,"_monsterinsights_sitenote_note":"","_monsterinsights_sitenote_category":0},"product_brand":[],"product_cat":[12364,12376],"product_tag":[],"class_list":{"0":"post-766744","1":"product","2":"type-product","3":"status-publish","5":"product_cat-genel-konular","6":"product_cat-kisisel-gelisim","7":"pa_cilt-ciltsiz","8":"pa_tur-kitap","9":"pa_yayinevi-ayrinti-yayinlari","10":"pa_yazar-lal-lales","12":"first","13":"instock","14":"sale","15":"shipping-taxable","16":"purchasable","17":"product-type-simple"},"_links":{"self":[{"href":"https:\/\/roveyayinevi.com.tr\/index.php\/wp-json\/wp\/v2\/product\/766744","targetHints":{"allow":["GET"]}}],"collection":[{"href":"https:\/\/roveyayinevi.com.tr\/index.php\/wp-json\/wp\/v2\/product"}],"about":[{"href":"https:\/\/roveyayinevi.com.tr\/index.php\/wp-json\/wp\/v2\/types\/product"}],"wp:attachment":[{"href":"https:\/\/roveyayinevi.com.tr\/index.php\/wp-json\/wp\/v2\/media?parent=766744"}],"wp:term":[{"taxonomy":"product_brand","embeddable":true,"href":"https:\/\/roveyayinevi.com.tr\/index.php\/wp-json\/wp\/v2\/product_brand?post=766744"},{"taxonomy":"product_cat","embeddable":true,"href":"https:\/\/roveyayinevi.com.tr\/index.php\/wp-json\/wp\/v2\/product_cat?post=766744"},{"taxonomy":"product_tag","embeddable":true,"href":"https:\/\/roveyayinevi.com.tr\/index.php\/wp-json\/wp\/v2\/product_tag?post=766744"}],"curies":[{"name":"wp","href":"https:\/\/api.w.org\/{rel}","templated":true}]}}