{"id":766741,"date":"2025-08-28T12:23:38","date_gmt":"2025-08-28T09:23:38","guid":{"rendered":"https:\/\/roveyayinevi.com.tr\/index.php\/urun\/ayrintili-ajanda25\/"},"modified":"2026-04-15T03:32:37","modified_gmt":"2026-04-15T00:32:37","slug":"ayrintili-ajanda25","status":"publish","type":"product","link":"https:\/\/roveyayinevi.com.tr\/index.php\/urun\/ayrintili-ajanda25\/","title":{"rendered":"Ayr\u0131nt\u0131l\u0131 Ajanda\u201925"},"content":{"rendered":"<p>Haklar ve \u00d6zg\u00fcrl\u00fckler Yirmi birinci y\u00fczy\u0131l\u0131n ilk \u00e7eyre\u011fini tamamlayaca\u011f\u0131m\u0131z 2025\u2019e uzun m\u00fccadeleler sonucu kazand\u0131\u011f\u0131m\u0131z haklar\u0131 ve \u00f6zg\u00fcrl\u00fckleri hedef alan geni\u015f \u00e7apl\u0131 ve yo\u011fun sald\u0131r\u0131lar alt\u0131nda giriyoruz. Hem insan haklar\u0131 hem de hayvan haklar\u0131 d\u00fcnyan\u0131n bir\u00e7ok b\u00f6lgesinde sistematik bir bi\u00e7imde ihlal ediliyor. Demokratik d\u00fczenlerin alt\u0131n\u0131 oyan a\u015f\u0131r\u0131 sa\u011f ak\u0131mlar ve pop\u00fclist, otoriter rejimler canl\u0131 varl\u0131\u011f\u0131n\u0131 \u201cya\u015famas\u0131na izin verilenler\u201d ve \u201cyok edilmesi gerekenler\u201d olarak ay\u0131r\u0131yor, evrensel kazan\u0131mlar\u0131 birer tehdit olarak sunuyor. Onurlu bir ya\u015fam\u0131n zemini olan temel hak ve \u00f6zg\u00fcrl\u00fcklere ili\u015fkin g\u00fcvenceler, k\u00fcresel s\u00f6m\u00fcr\u00fc d\u00fczeni ve onun bek\u00e7ili\u011fine soyunan otoriter rejimlerin \u00e7arklar\u0131nda eziliyor. Toplum i\u00e7indeki en k\u0131r\u0131lgan gruplar, hak gasplar\u0131na da en fazla maruz kalanlar. \u00c7ocuklar, kad\u0131nlar, g\u00f6\u00e7menler, sokak hayvanlar\u0131\u2026 Her ge\u00e7en g\u00fcn daha \u00e7ok \u015fiddete, a\u015fa\u011f\u0131lanmaya, ayr\u0131mc\u0131l\u0131\u011fa u\u011frarken hak m\u00fccadelesi verenler de damgalan\u0131yor ve s\u00fcrekli geni\u015fletilen bir \u201cd\u00fc\u015fman\u201d tan\u0131m\u0131n\u0131n i\u00e7ine al\u0131n\u0131yor. \u00d6zcesi, h\u00fcr ve e\u015fit bir bi\u00e7imde var olma halinin \u00f6te k\u0131y\u0131s\u0131na s\u00fcr\u00fcl\u00fcyoruz; haklara sahip olma hakk\u0131m\u0131z ad\u0131m ad\u0131m tart\u0131\u015fma konusu haline getiriliyor. T\u00fcrkiye\u2019de de uzun bir s\u00fcredir hak talepleri ve \u00f6zg\u00fcrl\u00fck m\u00fccadelesi ancak b\u00fcy\u00fck bedeller \u00f6demeyi g\u00f6ze alarak s\u00fcrd\u00fcr\u00fclebiliyor. Adliye saraylar\u0131n\u0131n d\u0131\u015f\u0131nda veya mahkeme salonlar\u0131nda bu denli \u00e7ok toplanmam\u0131z tesad\u00fcf de\u011fil. K\u00e2h ifade \u00f6zg\u00fcrl\u00fc\u011f\u00fcn\u00fc kullanmas\u0131 nedeniyle yarg\u0131lanan bir akademisyen ya da gazeteci i\u00e7in k\u00e2h laik demokratik e\u011fitim m\u00fccadelesi veren \u00f6\u011frenci i\u00e7in mahkeme kap\u0131s\u0131nda bekliyoruz. K\u00f6lelik ko\u015fullar\u0131nda ya\u015fam\u0131n\u0131 kaybeden bir i\u015f\u00e7i, m\u00fcteahhitlerin insaf\u0131na b\u0131rak\u0131lan depremzede, \u00f6nlenmeyen erkek \u015fiddeti nedeniyle ya\u015fam hakk\u0131 ve v\u00fccut b\u00fct\u00fcnl\u00fc\u011f\u00fc ihlal edilen kad\u0131n veya \u00e7ocuk, se\u00e7me ve se\u00e7ilme hakk\u0131 gasp edilen hem\u015ferilerimiz, bar\u0131naklarda katledilen hayvanlar&#8230; hepsi farkl\u0131 s\u00fcre\u00e7lerin ancak ayn\u0131 cezas\u0131zl\u0131k ve keyfilik d\u00fczeninin ma\u011fduru oluveriyor. Sadece insanlarla s\u0131n\u0131rl\u0131 olmayan, kentlere, do\u011faya, sokak hayvanlar\u0131na kadar el uzatan bir k\u00f6t\u00fcl\u00fck bu. Uluslararas\u0131 s\u00f6zle\u015fmeler ve anayasada yaz\u0131l\u0131 haklar\u0131m\u0131za ve \u00f6zg\u00fcrl\u00fcklerimize dair g\u00fcvencelerin fiili olarak ask\u0131ya al\u0131nd\u0131\u011f\u0131 bir d\u00f6nemdeyiz. \u0130stanbul S\u00f6zle\u015fmesi\u2019nden \u00e7\u0131k\u0131lm\u0131\u015f olmas\u0131, Anayasa Mahkemesi kararlar\u0131n\u0131n uygulanmamas\u0131 en somut \u00f6rneklerin ba\u015f\u0131nda geliyor. B\u00f6ylesi bir zamanda haklar\u0131, b\u00fct\u00fcnsellik ve evrensellik ilkelerinden \u00f6d\u00fcn vermeden her zamankinden fazla savunmak zorunday\u0131z. \u00c7\u00fcnk\u00fc biliyoruz ki se\u00e7me se\u00e7ilme hakk\u0131ndan \u00f6rg\u00fctlenme hakk\u0131na, ifade h\u00fcrriyetinden m\u00fclteci haklar\u0131na, hayvan haklar\u0131ndan kent hakk\u0131na t\u00fcm haklar bizlere zorlu bir m\u00fccadelenin miras\u0131. Ve yine biliyoruz ki kaybetme tehdidiyle kar\u015f\u0131 kar\u015f\u0131ya oldu\u011fumuz haklar ve \u00f6zg\u00fcrl\u00fckler sadece bug\u00fcn\u00fcm\u00fcze de\u011fil gelece\u011fimize de etki edecek. <\/p>\n","protected":false},"excerpt":{"rendered":"<p>Haklar ve \u00d6zg\u00fcrl\u00fckler Yirmi birinci y\u00fczy\u0131l\u0131n ilk \u00e7eyre\u011fini tamamlayaca\u011f\u0131m\u0131z 2025\u2019e uzun m\u00fccadeleler sonucu kazand\u0131\u011f\u0131m\u0131z haklar\u0131 ve \u00f6zg\u00fcrl\u00fckleri hedef alan geni\u015f \u00e7apl\u0131 ve yo\u011fun sald\u0131r\u0131lar alt\u0131nda giriyoruz.<span class=\"excerpt-hellip\"> [\u2026]<\/span><\/p>\n","protected":false},"featured_media":0,"template":"","meta":{"_monsterinsights_skip_tracking":false,"_monsterinsights_sitenote_active":false,"_monsterinsights_sitenote_note":"","_monsterinsights_sitenote_category":0},"product_brand":[],"product_cat":[28265,15563],"product_tag":[],"class_list":{"0":"post-766741","1":"product","2":"type-product","3":"status-publish","5":"product_cat-diger-hobi","6":"product_cat-hobi","7":"pa_cilt-ciltsiz","8":"pa_tur-kitap","9":"pa_yayinevi-ayrinti-yayinlari","10":"pa_yazar-gokce-alper","12":"first","13":"instock","14":"sale","15":"shipping-taxable","16":"purchasable","17":"product-type-simple"},"_links":{"self":[{"href":"https:\/\/roveyayinevi.com.tr\/index.php\/wp-json\/wp\/v2\/product\/766741","targetHints":{"allow":["GET"]}}],"collection":[{"href":"https:\/\/roveyayinevi.com.tr\/index.php\/wp-json\/wp\/v2\/product"}],"about":[{"href":"https:\/\/roveyayinevi.com.tr\/index.php\/wp-json\/wp\/v2\/types\/product"}],"wp:attachment":[{"href":"https:\/\/roveyayinevi.com.tr\/index.php\/wp-json\/wp\/v2\/media?parent=766741"}],"wp:term":[{"taxonomy":"product_brand","embeddable":true,"href":"https:\/\/roveyayinevi.com.tr\/index.php\/wp-json\/wp\/v2\/product_brand?post=766741"},{"taxonomy":"product_cat","embeddable":true,"href":"https:\/\/roveyayinevi.com.tr\/index.php\/wp-json\/wp\/v2\/product_cat?post=766741"},{"taxonomy":"product_tag","embeddable":true,"href":"https:\/\/roveyayinevi.com.tr\/index.php\/wp-json\/wp\/v2\/product_tag?post=766741"}],"curies":[{"name":"wp","href":"https:\/\/api.w.org\/{rel}","templated":true}]}}