{"id":766740,"date":"2025-08-28T12:23:36","date_gmt":"2025-08-28T09:23:36","guid":{"rendered":"https:\/\/roveyayinevi.com.tr\/index.php\/urun\/yine-yeni-yeniden-90lar\/"},"modified":"2026-04-15T03:32:37","modified_gmt":"2026-04-15T00:32:37","slug":"yine-yeni-yeniden-90lar","status":"publish","type":"product","link":"https:\/\/roveyayinevi.com.tr\/index.php\/urun\/yine-yeni-yeniden-90lar\/","title":{"rendered":"Yine Yeni Yeniden 90\u2019lar"},"content":{"rendered":"<p>G\u00fcn\u00fcm\u00fczde g\u00fc\u00e7l\u00fc bir nostaljiyle hat\u0131rlanan 90\u2019lar asl\u0131nda nas\u0131l bir d\u00f6nemdi? \u00d6zel radyo ve televizyonlar\u0131n a\u00e7\u0131lmas\u0131yla patlayan T\u00fcrk\u00e7e pop, d\u00f6nemin siyasal ve k\u00fclt\u00fcrel akt\u00f6rleriyle nas\u0131l bir ili\u015fki i\u00e7indeydi? 90\u2019lar hat\u0131rlan\u0131rken hangi sanat\u00e7\u0131lar \u00f6ne \u00e7\u0131k\u0131yor, hangi g\u00f6r\u00fc\u015fler g\u00f6lgede kal\u0131yor? T\u00fcrk\u00e7e pop m\u00fczi\u011fin bu en \u015fa\u015faal\u0131 d\u00f6neminde kad\u0131n ve LGBT\u0130+ sanat\u00e7\u0131lar\u0131n yeri neydi? D\u00f6nemin medyas\u0131 kad\u0131nlara ve LGBT\u0130+\u2019lara nas\u0131l yakla\u015ft\u0131; onlar medyayla nas\u0131l bir m\u00fccadele s\u00fcrd\u00fcrd\u00fc? 90\u2019lar\u0131n k\u00fclt\u00fcrel tarihini yazarken kad\u0131n ve LGBT\u0130+\u2019lar\u0131n yerini yeni bir bak\u0131\u015f a\u00e7\u0131s\u0131yla de\u011ferlendirmek T\u00fcrkiye\u2019deki haf\u0131za pratikleri ve hak m\u00fccadelelerine ne gibi katk\u0131larda bulunabilir?   2019\u2019dan beri podcast d\u00fcnyas\u0131nda bu sorulara cevap arayan Yine Yeni Yeniden 90\u2019lar T\u00fcrk\u00e7e pop m\u00fczi\u011fin hayat\u0131m\u0131zdaki yerini yeniden d\u00fc\u015f\u00fcnme ser\u00fcvenine bu kitapla devam ediyor. 90\u2019lar T\u00fcrk\u00e7e pop m\u00fczi\u011fini k\u00fclt\u00fcrel \u00e7al\u0131\u015fmalar ve m\u00fczik pedagojisi disiplinlerinin y\u00f6ntemleriyle mercek alt\u0131na alan \u0130lker Hepkaner ve Sezgin \u0130nceel, bu kitapla podcast\u2019te anlatt\u0131klar\u0131n\u0131 yeni bir ar\u015fiv taramas\u0131 \u0131\u015f\u0131\u011f\u0131nda geli\u015ftirerek hem dinleyicilerine hem de pop\u00fcler m\u00fczikle ilgilenenlere sunuyor. Yine Yeni Yeniden 90\u2019lar\u2019\u0131 okuduktan sonra 90\u2019lar nostaljinizi yeniden g\u00f6zden ge\u00e7ireceksiniz. <\/p>\n","protected":false},"excerpt":{"rendered":"<p>G\u00fcn\u00fcm\u00fczde g\u00fc\u00e7l\u00fc bir nostaljiyle hat\u0131rlanan 90\u2019lar asl\u0131nda nas\u0131l bir d\u00f6nemdi? \u00d6zel radyo ve televizyonlar\u0131n a\u00e7\u0131lmas\u0131yla patlayan T\u00fcrk\u00e7e pop, d\u00f6nemin siyasal ve k\u00fclt\u00fcrel akt\u00f6rleriyle nas\u0131l bir ili\u015fki<span class=\"excerpt-hellip\"> [\u2026]<\/span><\/p>\n","protected":false},"featured_media":0,"template":"","meta":{"_monsterinsights_skip_tracking":false,"_monsterinsights_sitenote_active":false,"_monsterinsights_sitenote_note":"","_monsterinsights_sitenote_category":0},"product_brand":[],"product_cat":[12364,16266],"product_tag":[],"class_list":{"0":"post-766740","1":"product","2":"type-product","3":"status-publish","5":"product_cat-genel-konular","6":"product_cat-referans-kaynak-kitap","7":"pa_cilt-ciltsiz","8":"pa_tur-kitap","9":"pa_yayinevi-ayrinti-yayinlari","10":"pa_yazar-ilker-hepkaner-sezgin-inceel","12":"first","13":"instock","14":"sale","15":"shipping-taxable","16":"purchasable","17":"product-type-simple"},"_links":{"self":[{"href":"https:\/\/roveyayinevi.com.tr\/index.php\/wp-json\/wp\/v2\/product\/766740","targetHints":{"allow":["GET"]}}],"collection":[{"href":"https:\/\/roveyayinevi.com.tr\/index.php\/wp-json\/wp\/v2\/product"}],"about":[{"href":"https:\/\/roveyayinevi.com.tr\/index.php\/wp-json\/wp\/v2\/types\/product"}],"wp:attachment":[{"href":"https:\/\/roveyayinevi.com.tr\/index.php\/wp-json\/wp\/v2\/media?parent=766740"}],"wp:term":[{"taxonomy":"product_brand","embeddable":true,"href":"https:\/\/roveyayinevi.com.tr\/index.php\/wp-json\/wp\/v2\/product_brand?post=766740"},{"taxonomy":"product_cat","embeddable":true,"href":"https:\/\/roveyayinevi.com.tr\/index.php\/wp-json\/wp\/v2\/product_cat?post=766740"},{"taxonomy":"product_tag","embeddable":true,"href":"https:\/\/roveyayinevi.com.tr\/index.php\/wp-json\/wp\/v2\/product_tag?post=766740"}],"curies":[{"name":"wp","href":"https:\/\/api.w.org\/{rel}","templated":true}]}}