{"id":766739,"date":"2025-08-28T12:23:34","date_gmt":"2025-08-28T09:23:34","guid":{"rendered":"https:\/\/roveyayinevi.com.tr\/index.php\/urun\/bu-hayvanlar-bialem\/"},"modified":"2026-04-08T03:29:25","modified_gmt":"2026-04-08T00:29:25","slug":"bu-hayvanlar-bialem","status":"publish","type":"product","link":"https:\/\/roveyayinevi.com.tr\/index.php\/urun\/bu-hayvanlar-bialem\/","title":{"rendered":"Bu Hayvanlar Bi\u2019alem"},"content":{"rendered":"<p>Boks ma\u00e7\u0131 yapan \u015fa\u015f\u0131rt\u0131c\u0131 kanguru, K\u00fcre imalat\u00e7\u0131s\u0131 komik g\u00fcbre b\u00f6ce\u011fi, Kamuflaj ustas\u0131 ilgin\u00e7 peygamberdevesi, K\u00fc\u00e7\u00fcc\u00fck canl\u0131larla beslenen b\u00fcy\u00fck balina, On d\u00f6rt bin di\u015fe sahip ola\u011fan\u00fcst\u00fc salyangoz, Mavi dilli ve beyaz k\u00fcrkl\u00fc g\u00fc\u00e7l\u00fc kutup ay\u0131s\u0131, \u00dc\u00e7 kalpli ve mavi kanl\u0131 s\u00fcper ahtapot, Alt\u0131 metre s\u0131\u00e7rayan tehlikeli leopar, Saniyede yirmi kez gagalayan ne\u015feli a\u011fa\u00e7kakan\u2026 Her biri bi\u2019\u00e2lem olan tam 43 ilgin\u00e7 hayvan, \u00e7ocuklar i\u00e7in bu atlasta bulu\u015ftu.<\/p>\n","protected":false},"excerpt":{"rendered":"<p>Boks ma\u00e7\u0131 yapan \u015fa\u015f\u0131rt\u0131c\u0131 kanguru, K\u00fcre imalat\u00e7\u0131s\u0131 komik g\u00fcbre b\u00f6ce\u011fi, Kamuflaj ustas\u0131 ilgin\u00e7 peygamberdevesi, K\u00fc\u00e7\u00fcc\u00fck canl\u0131larla beslenen b\u00fcy\u00fck balina, On d\u00f6rt bin di\u015fe sahip ola\u011fan\u00fcst\u00fc salyangoz,<span class=\"excerpt-hellip\"> [\u2026]<\/span><\/p>\n","protected":false},"featured_media":0,"template":"","meta":{"_monsterinsights_skip_tracking":false,"_monsterinsights_sitenote_active":false,"_monsterinsights_sitenote_note":"","_monsterinsights_sitenote_category":0},"product_brand":[],"product_cat":[12274,12284],"product_tag":[],"class_list":{"0":"post-766739","1":"product","2":"type-product","3":"status-publish","5":"product_cat-cocuk-ve-genclik-kitaplari","6":"product_cat-hikayeler","7":"pa_cilt-ciltsiz","8":"pa_tur-kitap","9":"pa_yayinevi-turkuvaz-kitap","10":"pa_yazar-h-salih-zengin","12":"first","13":"instock","14":"sale","15":"shipping-taxable","16":"purchasable","17":"product-type-simple"},"_links":{"self":[{"href":"https:\/\/roveyayinevi.com.tr\/index.php\/wp-json\/wp\/v2\/product\/766739","targetHints":{"allow":["GET"]}}],"collection":[{"href":"https:\/\/roveyayinevi.com.tr\/index.php\/wp-json\/wp\/v2\/product"}],"about":[{"href":"https:\/\/roveyayinevi.com.tr\/index.php\/wp-json\/wp\/v2\/types\/product"}],"wp:attachment":[{"href":"https:\/\/roveyayinevi.com.tr\/index.php\/wp-json\/wp\/v2\/media?parent=766739"}],"wp:term":[{"taxonomy":"product_brand","embeddable":true,"href":"https:\/\/roveyayinevi.com.tr\/index.php\/wp-json\/wp\/v2\/product_brand?post=766739"},{"taxonomy":"product_cat","embeddable":true,"href":"https:\/\/roveyayinevi.com.tr\/index.php\/wp-json\/wp\/v2\/product_cat?post=766739"},{"taxonomy":"product_tag","embeddable":true,"href":"https:\/\/roveyayinevi.com.tr\/index.php\/wp-json\/wp\/v2\/product_tag?post=766739"}],"curies":[{"name":"wp","href":"https:\/\/api.w.org\/{rel}","templated":true}]}}