{"id":766738,"date":"2025-08-28T12:23:31","date_gmt":"2025-08-28T09:23:31","guid":{"rendered":"https:\/\/roveyayinevi.com.tr\/index.php\/urun\/kusursuz-dusus\/"},"modified":"2026-04-15T03:32:37","modified_gmt":"2026-04-15T00:32:37","slug":"kusursuz-dusus","status":"publish","type":"product","link":"https:\/\/roveyayinevi.com.tr\/index.php\/urun\/kusursuz-dusus\/","title":{"rendered":"Kusursuz D\u00fc\u015f\u00fc\u015f"},"content":{"rendered":"<p>Yery\u00fcz\u00fcn\u00fcn en kadim, en ortak hik\u00e2yesi d\u00fc\u015f\u00fc\u015f. T\u00fcm mitolojik anlat\u0131larda bir cennetten d\u00fc\u015f\u00fc\u015f tasviri var. Hepsinde oradan d\u00fcnyaya s\u00fcr\u00fcl\u00fcyoruz. Bir elman\u0131n hat\u0131r\u0131na kendimizi elma a\u011fa\u00e7lar\u0131 alt\u0131nda saban s\u00fcrerken buluyoruz. Zamans\u0131z, ac\u0131s\u0131z ve sonsuz \u00e7i\u00e7ekli o ye\u015fil bah\u00e7elerden ac\u0131n\u0131n, a\u015fk\u0131n ve kederin diyar\u0131na g\u00f6nderiliyoruz. Tevhid a\u011fac\u0131n\u0131n \u00e7ocuksu kunda\u011f\u0131ndan, bilgi a\u011fac\u0131 u\u011fruna kopar\u0131l\u0131yoruz. Ve \u00f6mr\u00fcm\u00fcz tekrar o vahdet duygusunu ve tamamlanm\u0131\u015fl\u0131k hissini aramakla ge\u00e7iyor. Tanr\u0131da bir kere daha kaybolman\u0131n yollar\u0131n\u0131 ar\u0131yoruz. Fakat kusursuz bir d\u00fc\u015f\u00fc\u015f bu. Kusursuzluk evreninden kusurun evrenine kusursuz g\u00fczel bir d\u00fc\u015f\u00fc\u015f. D\u00fc\u015fmenin b\u00fct\u00fcn bi\u00e7imlerini ezberleyene dek d\u00fc\u015f\u00fcyoruz. Kusursuz d\u00fc\u015f\u00fc\u015f\u00fc bulana dek. Ve tam da orada \u00e7i\u00e7ekleniyoruz.   D\u00fc\u015ft\u00fc\u011f\u00fcm her yerde \u00e7i\u00e7ek a\u00e7aca\u011f\u0131m. * B\u00f6yledir ya\u015fam d\u00fc\u015fersin yedi kez kalkars\u0131n sekiz kez. * Bir de\u011fil be\u015f de\u011fil belki bin kere D\u00fc\u015ft\u00fcm ibret ald\u0131m kalkt\u0131m unuttum<\/p>\n","protected":false},"excerpt":{"rendered":"<p>Yery\u00fcz\u00fcn\u00fcn en kadim, en ortak hik\u00e2yesi d\u00fc\u015f\u00fc\u015f. T\u00fcm mitolojik anlat\u0131larda bir cennetten d\u00fc\u015f\u00fc\u015f tasviri var. Hepsinde oradan d\u00fcnyaya s\u00fcr\u00fcl\u00fcyoruz. Bir elman\u0131n hat\u0131r\u0131na kendimizi elma a\u011fa\u00e7lar\u0131 alt\u0131nda<span class=\"excerpt-hellip\"> [\u2026]<\/span><\/p>\n","protected":false},"featured_media":0,"template":"","meta":{"_monsterinsights_skip_tracking":false,"_monsterinsights_sitenote_active":false,"_monsterinsights_sitenote_note":"","_monsterinsights_sitenote_category":0},"product_brand":[],"product_cat":[12777,12291],"product_tag":[],"class_list":{"0":"post-766738","1":"product","2":"type-product","3":"status-publish","5":"product_cat-deneme","6":"product_cat-edebiyat","7":"pa_cilt-ciltsiz","8":"pa_tur-kitap","9":"pa_yayinevi-muhit-kitap","10":"pa_yazar-dilara-ayse-akdeniz","12":"first","13":"instock","14":"sale","15":"shipping-taxable","16":"purchasable","17":"product-type-simple"},"_links":{"self":[{"href":"https:\/\/roveyayinevi.com.tr\/index.php\/wp-json\/wp\/v2\/product\/766738","targetHints":{"allow":["GET"]}}],"collection":[{"href":"https:\/\/roveyayinevi.com.tr\/index.php\/wp-json\/wp\/v2\/product"}],"about":[{"href":"https:\/\/roveyayinevi.com.tr\/index.php\/wp-json\/wp\/v2\/types\/product"}],"wp:attachment":[{"href":"https:\/\/roveyayinevi.com.tr\/index.php\/wp-json\/wp\/v2\/media?parent=766738"}],"wp:term":[{"taxonomy":"product_brand","embeddable":true,"href":"https:\/\/roveyayinevi.com.tr\/index.php\/wp-json\/wp\/v2\/product_brand?post=766738"},{"taxonomy":"product_cat","embeddable":true,"href":"https:\/\/roveyayinevi.com.tr\/index.php\/wp-json\/wp\/v2\/product_cat?post=766738"},{"taxonomy":"product_tag","embeddable":true,"href":"https:\/\/roveyayinevi.com.tr\/index.php\/wp-json\/wp\/v2\/product_tag?post=766738"}],"curies":[{"name":"wp","href":"https:\/\/api.w.org\/{rel}","templated":true}]}}