{"id":766737,"date":"2025-08-28T12:23:30","date_gmt":"2025-08-28T09:23:30","guid":{"rendered":"https:\/\/roveyayinevi.com.tr\/index.php\/urun\/iyiler-yalniz-degildir\/"},"modified":"2026-04-11T03:30:37","modified_gmt":"2026-04-11T00:30:37","slug":"iyiler-yalniz-degildir","status":"publish","type":"product","link":"https:\/\/roveyayinevi.com.tr\/index.php\/urun\/iyiler-yalniz-degildir\/","title":{"rendered":"\u0130yiler Yaln\u0131z De\u011fildir"},"content":{"rendered":"<p>\u201cEtraf\u0131m\u0131zdakiler i\u00e7in yapabilece\u011fimiz en harika yat\u0131r\u0131m, kendimizi iyile\u015ftirmektir. Bize bakt\u0131klar\u0131nda iyilik numuneleri g\u00f6rmeleri, onlar\u0131n hayat\u0131nda b\u00fcy\u00fck bir zenginlik olu\u015fturur. Etraf\u0131m\u0131zda zihinsel, ruhsal ve sosyal a\u00e7\u0131dan giderek zenginle\u015fen bir yak\u0131n\u0131m\u0131z oldu\u011funu g\u00f6rmenin, bizim i\u00e7in ne \u015fahane bir ikram oldu\u011funu hat\u0131rlayal\u0131m.\u201d   Fatma Bayram, bazen ta\u015flar bazen de \u00e7i\u00e7ekler d\u00f6\u015fedi\u011fimiz hayat yolunda bize e\u015flik ediyor. \u0130yilik, do\u011fruluk ve takva kavramlar\u0131n\u0131n birbiri ile ili\u015fkilerindeki s\u0131k\u0131l\u0131\u011fa dikkat etmeyi ve birindeki eksikli\u011fin (veya taml\u0131\u011f\u0131n) di\u011ferini etkiledi\u011fini unutmamak gerekti\u011fini s\u00f6yl\u00fcyor. Mademki iyilerden olmak ve bu d\u00fczeyi korumak, \u00e7o\u011fumuz i\u00e7in ancak iyi bir \u00e7evre i\u00e7inde m\u00fcmk\u00fcn, o halde \u201cben her \u00e7evrede kendi \u00e7izgimi korurum\u201d iddias\u0131n\u0131 tekrar g\u00f6zden ge\u00e7irip, hi\u00e7 olmazsa en yak\u0131n halkada iyileri \u00e7o\u011faltmaya bakmam\u0131z gerekti\u011finin alt\u0131n\u0131 \u00e7iziyor.\u201cYapmad\u0131\u011f\u0131m \u015feyleri ba\u015fkalar\u0131na da anlatmamal\u0131y\u0131m,\u201d diye d\u00fc\u015f\u00fcnmek yerine, insanlara anlatt\u0131\u011f\u0131m do\u011frular\u0131 ben de yapmal\u0131y\u0131m dedirten ve \u00f6\u011frenilmi\u015f kusurlar\u0131m\u0131z\u0131 d\u00fczeltmemize yard\u0131m eden Fatma Bayram\u2019\u0131n kaleme ald\u0131\u011f\u0131 \u0130yiler Yaln\u0131z De\u011fildir, yalpalad\u0131\u011f\u0131n\u0131 hisseden her bireyi, iyili\u011fin akl\u00ee ve kalb\u00ee ba\u011f\u0131na g\u00f6t\u00fcr\u00fcyor. <\/p>\n","protected":false},"excerpt":{"rendered":"<p>\u201cEtraf\u0131m\u0131zdakiler i\u00e7in yapabilece\u011fimiz en harika yat\u0131r\u0131m, kendimizi iyile\u015ftirmektir. Bize bakt\u0131klar\u0131nda iyilik numuneleri g\u00f6rmeleri, onlar\u0131n hayat\u0131nda b\u00fcy\u00fck bir zenginlik olu\u015fturur. Etraf\u0131m\u0131zda zihinsel, ruhsal ve sosyal a\u00e7\u0131dan giderek<span class=\"excerpt-hellip\"> [\u2026]<\/span><\/p>\n","protected":false},"featured_media":0,"template":"","meta":{"_monsterinsights_skip_tracking":false,"_monsterinsights_sitenote_active":false,"_monsterinsights_sitenote_note":"","_monsterinsights_sitenote_category":0},"product_brand":[],"product_cat":[12364,12376],"product_tag":[],"class_list":{"0":"post-766737","1":"product","2":"type-product","3":"status-publish","5":"product_cat-genel-konular","6":"product_cat-kisisel-gelisim","7":"pa_cilt-ciltsiz","8":"pa_tur-kitap","9":"pa_yayinevi-tk-yayinlari","10":"pa_yazar-fatma-bayram","12":"first","13":"instock","14":"sale","15":"shipping-taxable","16":"purchasable","17":"product-type-simple"},"_links":{"self":[{"href":"https:\/\/roveyayinevi.com.tr\/index.php\/wp-json\/wp\/v2\/product\/766737","targetHints":{"allow":["GET"]}}],"collection":[{"href":"https:\/\/roveyayinevi.com.tr\/index.php\/wp-json\/wp\/v2\/product"}],"about":[{"href":"https:\/\/roveyayinevi.com.tr\/index.php\/wp-json\/wp\/v2\/types\/product"}],"wp:attachment":[{"href":"https:\/\/roveyayinevi.com.tr\/index.php\/wp-json\/wp\/v2\/media?parent=766737"}],"wp:term":[{"taxonomy":"product_brand","embeddable":true,"href":"https:\/\/roveyayinevi.com.tr\/index.php\/wp-json\/wp\/v2\/product_brand?post=766737"},{"taxonomy":"product_cat","embeddable":true,"href":"https:\/\/roveyayinevi.com.tr\/index.php\/wp-json\/wp\/v2\/product_cat?post=766737"},{"taxonomy":"product_tag","embeddable":true,"href":"https:\/\/roveyayinevi.com.tr\/index.php\/wp-json\/wp\/v2\/product_tag?post=766737"}],"curies":[{"name":"wp","href":"https:\/\/api.w.org\/{rel}","templated":true}]}}