{"id":766736,"date":"2025-08-28T12:23:27","date_gmt":"2025-08-28T09:23:27","guid":{"rendered":"https:\/\/roveyayinevi.com.tr\/index.php\/urun\/buyuk-yazarlar-ve-kedileri\/"},"modified":"2026-04-15T03:32:37","modified_gmt":"2026-04-15T00:32:37","slug":"buyuk-yazarlar-ve-kedileri","status":"publish","type":"product","link":"https:\/\/roveyayinevi.com.tr\/index.php\/urun\/buyuk-yazarlar-ve-kedileri\/","title":{"rendered":"B\u00fcy\u00fck Yazarlar ve Kedileri"},"content":{"rendered":"<p>\u0130nsan\u0131n en yak\u0131n arkada\u015f\u0131 k\u00f6pek midir? Dalga m\u0131 ge\u00e7iyorsun?   Haruki Murakami, Frida Kahlo ve Freddie Mercury gibi \u00fcnl\u00fclerin tek bir ortak noktas\u0131 vard\u0131r: Kedileri. Andreas Schlieper ve Heike Reinecke \u00fcnl\u00fc t\u00fcyl\u00fc dostlar\u0131n hayatlar\u0131ndan ilgin\u00e7 hik\u00e2yeleri ve komik anekdotlar\u0131 bir araya getirerek konserve a\u00e7aca\u011f\u0131na yeni bir bak\u0131\u015f a\u00e7\u0131s\u0131 sunuyor.   Hemingway\u2019in kedilerinin di\u011fer kedilerden farkl\u0131 parmaklar\u0131 oldu\u011funu, Rosa Luxemburg\u2019un kedisi Mimi\u2019nin, Lenin\u2019e \u015faplak atmay\u0131 sevdi\u011fini ama yemek yerken masada kibarca oturdu\u011funu, E. T. A. Hoffmann\u2019\u0131n kedisi Murr\u2019un, kitaplar\u0131n\u0131 yazmas\u0131na \u015fahsen nezaret etti\u011fini biliyor muydun?   \u00dcnl\u00fc insanlar\u0131n \u00fcnl\u00fc kedilerinin \u00f6yk\u00fclerinin bir\u00e7o\u011fu sizi g\u00fcl\u00fcmsetecek ve \u015fa\u015fk\u0131na \u00e7evirecek. Di\u011ferleri ise kedi severlerin ba\u015flar\u0131n\u0131 bilmi\u015flikle sallamalar\u0131n\u0131 sa\u011flayacak. \u0130nsan e\u011fitiminin ustalar\u0131: Kediler. Ara\u015ft\u0131rma \u0130nceleme, tarihi fig\u00fcrler, \u00f6nemli sanat\u00e7\u0131lar, kediler. <\/p>\n","protected":false},"excerpt":{"rendered":"<p>\u0130nsan\u0131n en yak\u0131n arkada\u015f\u0131 k\u00f6pek midir? Dalga m\u0131 ge\u00e7iyorsun? Haruki Murakami, Frida Kahlo ve Freddie Mercury gibi \u00fcnl\u00fclerin tek bir ortak noktas\u0131 vard\u0131r: Kedileri. Andreas Schlieper<span class=\"excerpt-hellip\"> [\u2026]<\/span><\/p>\n","protected":false},"featured_media":0,"template":"","meta":{"_monsterinsights_skip_tracking":false,"_monsterinsights_sitenote_active":false,"_monsterinsights_sitenote_note":"","_monsterinsights_sitenote_category":0},"product_brand":[],"product_cat":[13072,12291],"product_tag":[],"class_list":{"0":"post-766736","1":"product","2":"type-product","3":"status-publish","5":"product_cat-arastirma-inceleme-referans","6":"product_cat-edebiyat","7":"pa_cilt-ciltsiz","8":"pa_tur-kitap","9":"pa_yayinevi-sahi-kitap","10":"pa_yazar-heike-reinecke-andreas-schlieper","12":"first","13":"instock","14":"sale","15":"shipping-taxable","16":"purchasable","17":"product-type-simple"},"_links":{"self":[{"href":"https:\/\/roveyayinevi.com.tr\/index.php\/wp-json\/wp\/v2\/product\/766736","targetHints":{"allow":["GET"]}}],"collection":[{"href":"https:\/\/roveyayinevi.com.tr\/index.php\/wp-json\/wp\/v2\/product"}],"about":[{"href":"https:\/\/roveyayinevi.com.tr\/index.php\/wp-json\/wp\/v2\/types\/product"}],"wp:attachment":[{"href":"https:\/\/roveyayinevi.com.tr\/index.php\/wp-json\/wp\/v2\/media?parent=766736"}],"wp:term":[{"taxonomy":"product_brand","embeddable":true,"href":"https:\/\/roveyayinevi.com.tr\/index.php\/wp-json\/wp\/v2\/product_brand?post=766736"},{"taxonomy":"product_cat","embeddable":true,"href":"https:\/\/roveyayinevi.com.tr\/index.php\/wp-json\/wp\/v2\/product_cat?post=766736"},{"taxonomy":"product_tag","embeddable":true,"href":"https:\/\/roveyayinevi.com.tr\/index.php\/wp-json\/wp\/v2\/product_tag?post=766736"}],"curies":[{"name":"wp","href":"https:\/\/api.w.org\/{rel}","templated":true}]}}