{"id":766735,"date":"2025-08-28T12:23:25","date_gmt":"2025-08-28T09:23:25","guid":{"rendered":"https:\/\/roveyayinevi.com.tr\/index.php\/urun\/cizili-atlarin-pesinde\/"},"modified":"2026-04-03T03:23:54","modified_gmt":"2026-04-03T00:23:54","slug":"cizili-atlarin-pesinde","status":"publish","type":"product","link":"https:\/\/roveyayinevi.com.tr\/index.php\/urun\/cizili-atlarin-pesinde\/","title":{"rendered":"\u00c7izili Atlar\u0131n Pe\u015finde"},"content":{"rendered":"<p>Polis memuru Ralph Thomas sabah\u0131n erken saatlerinde ara sokakta bir at\u0131n \u00e7izimine rastlad\u0131\u011f\u0131nda donup kal\u0131r. Bu at\u0131 tan\u0131yordur. Yar\u0131 uykulu, evsiz bir adam, Ralph\u2019\u0131n ata verdi\u011fi tepkiyi g\u00f6r\u00fcr ve ona seslenir. Son derece so\u011fuk bir g\u00fcnde, sabah s\u0131cak kahve i\u00e7erken, Ralph ve evsiz adam konu\u015fur ve Ralph, k\u00fc\u00e7\u00fck Danielle\u2019in, bir yar\u0131\u015fma i\u00e7in annesinin Her \u015eey Duvar\u0131\u2019na en g\u00fczel ve ilgi \u00e7ekici at\u0131 \u00e7izdi\u011fi s\u0131k\u0131nt\u0131l\u0131 bir \u00e7ocukluk an\u0131s\u0131n\u0131 hat\u0131rlar. Bu yar\u0131\u015fmay\u0131 Danielle kazan\u0131r.   Ralph, o k\u0131\u015ftan kalan bir\u00e7ok soruyla ya\u015famaktad\u0131r. At kendisi, k\u0131z karde\u015fi, en yak\u0131n arkada\u015f\u0131 ve en \u00f6nemlisi onu \u00e7izen k\u0131z i\u00e7in ne anlama geliyordu? Bu sorular asla pe\u015fini b\u0131rakmam\u0131\u015ft\u0131r.   \u00c7izili Atlar\u0131n Pe\u015finde, yerli halklar\u0131n sorunlar\u0131na, arkada\u015fl\u0131\u011fa ve insanl\u0131\u011fa derin bir bak\u0131\u015f a\u00e7\u0131\u015f\u0131 sunacak. <\/p>\n","protected":false},"excerpt":{"rendered":"<p>Polis memuru Ralph Thomas sabah\u0131n erken saatlerinde ara sokakta bir at\u0131n \u00e7izimine rastlad\u0131\u011f\u0131nda donup kal\u0131r. Bu at\u0131 tan\u0131yordur. Yar\u0131 uykulu, evsiz bir adam, Ralph\u2019\u0131n ata verdi\u011fi<span class=\"excerpt-hellip\"> [\u2026]<\/span><\/p>\n","protected":false},"featured_media":0,"template":"","meta":{"_monsterinsights_skip_tracking":false,"_monsterinsights_sitenote_active":false,"_monsterinsights_sitenote_note":"","_monsterinsights_sitenote_category":0},"product_brand":[],"product_cat":[12291,12711],"product_tag":[],"class_list":{"0":"post-766735","1":"product","2":"type-product","3":"status-publish","5":"product_cat-edebiyat","6":"product_cat-roman-oyku","7":"pa_cilt-ciltsiz","8":"pa_tur-kitap","9":"pa_yayinevi-sahi-kitap","10":"pa_yazar-hayden-taylor","12":"first","13":"instock","14":"sale","15":"shipping-taxable","16":"purchasable","17":"product-type-simple"},"_links":{"self":[{"href":"https:\/\/roveyayinevi.com.tr\/index.php\/wp-json\/wp\/v2\/product\/766735","targetHints":{"allow":["GET"]}}],"collection":[{"href":"https:\/\/roveyayinevi.com.tr\/index.php\/wp-json\/wp\/v2\/product"}],"about":[{"href":"https:\/\/roveyayinevi.com.tr\/index.php\/wp-json\/wp\/v2\/types\/product"}],"wp:attachment":[{"href":"https:\/\/roveyayinevi.com.tr\/index.php\/wp-json\/wp\/v2\/media?parent=766735"}],"wp:term":[{"taxonomy":"product_brand","embeddable":true,"href":"https:\/\/roveyayinevi.com.tr\/index.php\/wp-json\/wp\/v2\/product_brand?post=766735"},{"taxonomy":"product_cat","embeddable":true,"href":"https:\/\/roveyayinevi.com.tr\/index.php\/wp-json\/wp\/v2\/product_cat?post=766735"},{"taxonomy":"product_tag","embeddable":true,"href":"https:\/\/roveyayinevi.com.tr\/index.php\/wp-json\/wp\/v2\/product_tag?post=766735"}],"curies":[{"name":"wp","href":"https:\/\/api.w.org\/{rel}","templated":true}]}}