{"id":766733,"date":"2025-08-28T12:23:20","date_gmt":"2025-08-28T09:23:20","guid":{"rendered":"https:\/\/roveyayinevi.com.tr\/index.php\/urun\/bu-hayvanlar-biacayip\/"},"modified":"2026-04-15T03:32:37","modified_gmt":"2026-04-15T00:32:37","slug":"bu-hayvanlar-biacayip","status":"publish","type":"product","link":"https:\/\/roveyayinevi.com.tr\/index.php\/urun\/bu-hayvanlar-biacayip\/","title":{"rendered":"Bu Hayvanlar Bi\u2019acayip"},"content":{"rendered":"<p>Hayvanlar\u0131n kral\u0131 g\u00fc\u00e7l\u00fc aslan, Keskin di\u015fli ve tehlikeli k\u00f6pek bal\u0131\u011f\u0131, Ar\u0131lardan korkan b\u00fcy\u00fck fil, Hi\u00e7 terlemeyen \u015fa\u015f\u0131rt\u0131c\u0131 gergedan, Mavi dilli ve uzun boylu ilgin\u00e7 z\u00fcrafa, Boynuzlu s\u00fcper denizgergedan\u0131, G\u00f6ky\u00fcz\u00fcn\u00fcn akrobat\u0131 ola\u011fan\u00fcst\u00fc k\u0131rlang\u0131\u00e7, Bambuyu oturarak yiyen ne\u015feli panda, T\u00fcnel kazma ustas\u0131 komik mirket&#8230; Her biri ger\u00e7ekten bi\u2019acayip olan tam 43 ilgin\u00e7 hayvan, \u00e7ocuklar i\u00e7in bu atlasta bir araya geldi. <\/p>\n","protected":false},"excerpt":{"rendered":"<p>Hayvanlar\u0131n kral\u0131 g\u00fc\u00e7l\u00fc aslan, Keskin di\u015fli ve tehlikeli k\u00f6pek bal\u0131\u011f\u0131, Ar\u0131lardan korkan b\u00fcy\u00fck fil, Hi\u00e7 terlemeyen \u015fa\u015f\u0131rt\u0131c\u0131 gergedan, Mavi dilli ve uzun boylu ilgin\u00e7 z\u00fcrafa, Boynuzlu<span class=\"excerpt-hellip\"> [\u2026]<\/span><\/p>\n","protected":false},"featured_media":0,"template":"","meta":{"_monsterinsights_skip_tracking":false,"_monsterinsights_sitenote_active":false,"_monsterinsights_sitenote_note":"","_monsterinsights_sitenote_category":0},"product_brand":[],"product_cat":[12274,15842],"product_tag":[],"class_list":{"0":"post-766733","1":"product","2":"type-product","3":"status-publish","5":"product_cat-cocuk-ve-genclik-kitaplari","6":"product_cat-egitici-kitaplar","7":"pa_cilt-ciltsiz","8":"pa_tur-kitap","9":"pa_yayinevi-turkuvaz-kitap","10":"pa_yazar-h-salih-zengin","12":"first","13":"instock","14":"sale","15":"shipping-taxable","16":"purchasable","17":"product-type-simple"},"_links":{"self":[{"href":"https:\/\/roveyayinevi.com.tr\/index.php\/wp-json\/wp\/v2\/product\/766733","targetHints":{"allow":["GET"]}}],"collection":[{"href":"https:\/\/roveyayinevi.com.tr\/index.php\/wp-json\/wp\/v2\/product"}],"about":[{"href":"https:\/\/roveyayinevi.com.tr\/index.php\/wp-json\/wp\/v2\/types\/product"}],"wp:attachment":[{"href":"https:\/\/roveyayinevi.com.tr\/index.php\/wp-json\/wp\/v2\/media?parent=766733"}],"wp:term":[{"taxonomy":"product_brand","embeddable":true,"href":"https:\/\/roveyayinevi.com.tr\/index.php\/wp-json\/wp\/v2\/product_brand?post=766733"},{"taxonomy":"product_cat","embeddable":true,"href":"https:\/\/roveyayinevi.com.tr\/index.php\/wp-json\/wp\/v2\/product_cat?post=766733"},{"taxonomy":"product_tag","embeddable":true,"href":"https:\/\/roveyayinevi.com.tr\/index.php\/wp-json\/wp\/v2\/product_tag?post=766733"}],"curies":[{"name":"wp","href":"https:\/\/api.w.org\/{rel}","templated":true}]}}