{"id":766732,"date":"2025-08-28T12:23:17","date_gmt":"2025-08-28T09:23:17","guid":{"rendered":"https:\/\/roveyayinevi.com.tr\/index.php\/urun\/hikmet-dagi\/"},"modified":"2026-04-15T03:32:37","modified_gmt":"2026-04-15T00:32:37","slug":"hikmet-dagi","status":"publish","type":"product","link":"https:\/\/roveyayinevi.com.tr\/index.php\/urun\/hikmet-dagi\/","title":{"rendered":"Hikmet Da\u011f\u0131"},"content":{"rendered":"<p>Da\u011flar bizde nebileri, \u00e2limleri, velileri, hak\u00eemleri, \u00e2rifleri temsil eder. \u201cHikmet Da\u011f\u0131\u2019n\u0131n erenleri\u201d derdi dedem onlara. \u201cAs\u0131l da\u011flar onlar\u201d der ve eklerdi: \u201cNas\u0131l bu d\u00fcnya \u015fu g\u00f6rd\u00fc\u011f\u00fcn da\u011flar \u00fczerinde duruyorsa \u00e2lem de Hakk\u2019\u0131n inayetiyle o Hikmet Da\u011f\u0131 erenlerinin ilmi \u00fcst\u00fcnde durur. Cen\u00e2b-\u0131 Hak ilmini onlar \u00fczerinden belletir, Hakk\u2019\u0131n ilmi onlarla ve onlarda tez\u00e2h\u00fcr eder.\u201d   Bu kitap, bir dedenin torunlar\u0131na anlatt\u0131\u011f\u0131 \u0130slam d\u00fc\u015f\u00fcnce, amel ve ahl\u00e2k tarihi dersleridir. Bir ba\u015fka deyi\u015fle belli mefhumlar ve \u0131st\u0131lahlar \u00fczerinden anlat\u0131lan bir tarih\u00ee tecr\u00fcbenin, bir temedd\u00fcn\u00fcn, bir yolun ve yolculu\u011fun hik\u00e2yesi\u2026<\/p>\n","protected":false},"excerpt":{"rendered":"<p>Da\u011flar bizde nebileri, \u00e2limleri, velileri, hak\u00eemleri, \u00e2rifleri temsil eder. \u201cHikmet Da\u011f\u0131\u2019n\u0131n erenleri\u201d derdi dedem onlara. \u201cAs\u0131l da\u011flar onlar\u201d der ve eklerdi: \u201cNas\u0131l bu d\u00fcnya \u015fu g\u00f6rd\u00fc\u011f\u00fcn<span class=\"excerpt-hellip\"> [\u2026]<\/span><\/p>\n","protected":false},"featured_media":0,"template":"","meta":{"_monsterinsights_skip_tracking":false,"_monsterinsights_sitenote_active":false,"_monsterinsights_sitenote_note":"","_monsterinsights_sitenote_category":0},"product_brand":[],"product_cat":[12777,12291],"product_tag":[],"class_list":{"0":"post-766732","1":"product","2":"type-product","3":"status-publish","5":"product_cat-deneme","6":"product_cat-edebiyat","7":"pa_cilt-ciltsiz","8":"pa_tur-kitap","9":"pa_yayinevi-muhit-kitap","10":"pa_yazar-dursun-cicek","12":"first","13":"instock","14":"sale","15":"shipping-taxable","16":"purchasable","17":"product-type-simple"},"_links":{"self":[{"href":"https:\/\/roveyayinevi.com.tr\/index.php\/wp-json\/wp\/v2\/product\/766732","targetHints":{"allow":["GET"]}}],"collection":[{"href":"https:\/\/roveyayinevi.com.tr\/index.php\/wp-json\/wp\/v2\/product"}],"about":[{"href":"https:\/\/roveyayinevi.com.tr\/index.php\/wp-json\/wp\/v2\/types\/product"}],"wp:attachment":[{"href":"https:\/\/roveyayinevi.com.tr\/index.php\/wp-json\/wp\/v2\/media?parent=766732"}],"wp:term":[{"taxonomy":"product_brand","embeddable":true,"href":"https:\/\/roveyayinevi.com.tr\/index.php\/wp-json\/wp\/v2\/product_brand?post=766732"},{"taxonomy":"product_cat","embeddable":true,"href":"https:\/\/roveyayinevi.com.tr\/index.php\/wp-json\/wp\/v2\/product_cat?post=766732"},{"taxonomy":"product_tag","embeddable":true,"href":"https:\/\/roveyayinevi.com.tr\/index.php\/wp-json\/wp\/v2\/product_tag?post=766732"}],"curies":[{"name":"wp","href":"https:\/\/api.w.org\/{rel}","templated":true}]}}