{"id":766731,"date":"2025-08-28T12:23:15","date_gmt":"2025-08-28T09:23:15","guid":{"rendered":"https:\/\/roveyayinevi.com.tr\/index.php\/urun\/gunlugume-kim-sizdi\/"},"modified":"2026-04-15T03:32:37","modified_gmt":"2026-04-15T00:32:37","slug":"gunlugume-kim-sizdi","status":"publish","type":"product","link":"https:\/\/roveyayinevi.com.tr\/index.php\/urun\/gunlugume-kim-sizdi\/","title":{"rendered":"G\u00fcnl\u00fc\u011f\u00fcme Kim S\u0131zd\u0131?"},"content":{"rendered":"<p>\u201cG\u00fcnl\u00fc\u011f\u00fcme s\u0131zan ki\u015fiyi bulmak i\u00e7in neler yapmad\u0131m ki? Bir \u015f\u00fcpheli listesi bile haz\u0131rlad\u0131m&#8230; Ama o hep bir ad\u0131m \u00f6ndeydi.\u201d Lina\u2019ya g\u00f6re, 12,5 ya\u015f\u0131nda olman\u0131n zorluklar\u0131n\u0131 ancak bu ya\u015fta olanlar anlayabilir. Evde, ebeveynler aras\u0131ndaki gerilimi azaltmak i\u00e7in \u00e7\u00f6z\u00fcmler \u00fcret! Okul arkada\u015flar\u0131n\u0131n tuhaf sorunlar\u0131yla u\u011fra\u015f! Biricik babaannenin yoksunlu\u011fuyla ba\u015f et! Bir de gizemli biri g\u00fcnl\u00fc\u011f\u00fcne s\u0131z\u0131p, yazd\u0131klar\u0131na yorum yazmaya ba\u015flamas\u0131n m\u0131? Lina, bir dedektif titizli\u011fiyle g\u00fcnl\u00fc\u011f\u00fcne kimin s\u0131zd\u0131\u011f\u0131n\u0131 bulmaya \u00e7al\u0131\u015f\u0131rken hayat s\u00fcratle devam etmektedir. Okulda ilk kalp \u00e7arp\u0131nt\u0131s\u0131n\u0131n heyecan\u0131, \u00e7at\u0131\u015fmalara \u00fcretti\u011fi \u00e7\u00f6z\u00fcmler derken b\u00fcy\u00fcmenin biraz sars\u0131c\u0131 ama kendini ke\u015ffetmenin e\u011flenceli bir ser\u00fcven oldu\u011funu fark eder. Nilay \u015eanl\u0131\u2019n\u0131n kaleminden gizemli, mizahi yakla\u015f\u0131m\u0131 ve anlat\u0131m i\u00e7tenli\u011fiyle okurunu sar\u0131p sarmalayan bir kitap.<\/p>\n","protected":false},"excerpt":{"rendered":"<p>\u201cG\u00fcnl\u00fc\u011f\u00fcme s\u0131zan ki\u015fiyi bulmak i\u00e7in neler yapmad\u0131m ki? Bir \u015f\u00fcpheli listesi bile haz\u0131rlad\u0131m&#8230; Ama o hep bir ad\u0131m \u00f6ndeydi.\u201d Lina\u2019ya g\u00f6re, 12,5 ya\u015f\u0131nda olman\u0131n zorluklar\u0131n\u0131 ancak<span class=\"excerpt-hellip\"> [\u2026]<\/span><\/p>\n","protected":false},"featured_media":0,"template":"","meta":{"_monsterinsights_skip_tracking":false,"_monsterinsights_sitenote_active":false,"_monsterinsights_sitenote_note":"","_monsterinsights_sitenote_category":0},"product_brand":[],"product_cat":[12274,12284],"product_tag":[],"class_list":{"0":"post-766731","1":"product","2":"type-product","3":"status-publish","5":"product_cat-cocuk-ve-genclik-kitaplari","6":"product_cat-hikayeler","7":"pa_cilt-ciltsiz","8":"pa_tur-kitap","9":"pa_yayinevi-bilgi-yayinevi-cocuk","10":"pa_yazar-nilay-sanli","12":"first","13":"instock","14":"sale","15":"shipping-taxable","16":"purchasable","17":"product-type-simple"},"_links":{"self":[{"href":"https:\/\/roveyayinevi.com.tr\/index.php\/wp-json\/wp\/v2\/product\/766731","targetHints":{"allow":["GET"]}}],"collection":[{"href":"https:\/\/roveyayinevi.com.tr\/index.php\/wp-json\/wp\/v2\/product"}],"about":[{"href":"https:\/\/roveyayinevi.com.tr\/index.php\/wp-json\/wp\/v2\/types\/product"}],"wp:attachment":[{"href":"https:\/\/roveyayinevi.com.tr\/index.php\/wp-json\/wp\/v2\/media?parent=766731"}],"wp:term":[{"taxonomy":"product_brand","embeddable":true,"href":"https:\/\/roveyayinevi.com.tr\/index.php\/wp-json\/wp\/v2\/product_brand?post=766731"},{"taxonomy":"product_cat","embeddable":true,"href":"https:\/\/roveyayinevi.com.tr\/index.php\/wp-json\/wp\/v2\/product_cat?post=766731"},{"taxonomy":"product_tag","embeddable":true,"href":"https:\/\/roveyayinevi.com.tr\/index.php\/wp-json\/wp\/v2\/product_tag?post=766731"}],"curies":[{"name":"wp","href":"https:\/\/api.w.org\/{rel}","templated":true}]}}