{"id":766730,"date":"2025-08-28T12:23:13","date_gmt":"2025-08-28T09:23:13","guid":{"rendered":"https:\/\/roveyayinevi.com.tr\/index.php\/urun\/dinozor-cobani-mojo\/"},"modified":"2026-04-15T03:32:37","modified_gmt":"2026-04-15T00:32:37","slug":"dinozor-cobani-mojo","status":"publish","type":"product","link":"https:\/\/roveyayinevi.com.tr\/index.php\/urun\/dinozor-cobani-mojo\/","title":{"rendered":"Dinozor \u00c7oban\u0131 Mojo"},"content":{"rendered":"<p>Dinozor \u00e7oban\u0131 Mojo, m\u0131z\u0131ka \u00e7almay\u0131, \u015fark\u0131 s\u00f6yleyip dinozorlarla dans etmeyi ama en \u00e7ok da arkada\u015f\u0131 Trodon\u2019la zaman ge\u00e7irmeyi sever. O sabah uyand\u0131\u011f\u0131nda Trodon\u2019u yan\u0131nda g\u00f6remez. Arkada\u015f\u0131n\u0131 g\u00fcn boyu s\u00fcren aray\u0131\u015f\u0131 nas\u0131l bir s\u00fcrprizle sonlanacakt\u0131r acaba? Do\u011fan\u0131n bin bir g\u00fczelli\u011fi i\u00e7inde \u00e7e\u015fitli dinozor t\u00fcrleriyle ve bir\u00e7ok hayvanla kar\u015f\u0131la\u015faca\u011f\u0131n\u0131z s\u0131ms\u0131cak bir dostluk hik\u00e2yesi\u2026 <\/p>\n","protected":false},"excerpt":{"rendered":"<p>Dinozor \u00e7oban\u0131 Mojo, m\u0131z\u0131ka \u00e7almay\u0131, \u015fark\u0131 s\u00f6yleyip dinozorlarla dans etmeyi ama en \u00e7ok da arkada\u015f\u0131 Trodon\u2019la zaman ge\u00e7irmeyi sever. O sabah uyand\u0131\u011f\u0131nda Trodon\u2019u yan\u0131nda g\u00f6remez. Arkada\u015f\u0131n\u0131<span class=\"excerpt-hellip\"> [\u2026]<\/span><\/p>\n","protected":false},"featured_media":0,"template":"","meta":{"_monsterinsights_skip_tracking":false,"_monsterinsights_sitenote_active":false,"_monsterinsights_sitenote_note":"","_monsterinsights_sitenote_category":0},"product_brand":[],"product_cat":[12274,12284],"product_tag":[],"class_list":{"0":"post-766730","1":"product","2":"type-product","3":"status-publish","5":"product_cat-cocuk-ve-genclik-kitaplari","6":"product_cat-hikayeler","7":"pa_cilt-ciltsiz","8":"pa_tur-kitap","9":"pa_yayinevi-bilgi-yayinevi-cocuk","10":"pa_yazar-ceren-pelit","12":"first","13":"instock","14":"sale","15":"shipping-taxable","16":"purchasable","17":"product-type-simple"},"_links":{"self":[{"href":"https:\/\/roveyayinevi.com.tr\/index.php\/wp-json\/wp\/v2\/product\/766730","targetHints":{"allow":["GET"]}}],"collection":[{"href":"https:\/\/roveyayinevi.com.tr\/index.php\/wp-json\/wp\/v2\/product"}],"about":[{"href":"https:\/\/roveyayinevi.com.tr\/index.php\/wp-json\/wp\/v2\/types\/product"}],"wp:attachment":[{"href":"https:\/\/roveyayinevi.com.tr\/index.php\/wp-json\/wp\/v2\/media?parent=766730"}],"wp:term":[{"taxonomy":"product_brand","embeddable":true,"href":"https:\/\/roveyayinevi.com.tr\/index.php\/wp-json\/wp\/v2\/product_brand?post=766730"},{"taxonomy":"product_cat","embeddable":true,"href":"https:\/\/roveyayinevi.com.tr\/index.php\/wp-json\/wp\/v2\/product_cat?post=766730"},{"taxonomy":"product_tag","embeddable":true,"href":"https:\/\/roveyayinevi.com.tr\/index.php\/wp-json\/wp\/v2\/product_tag?post=766730"}],"curies":[{"name":"wp","href":"https:\/\/api.w.org\/{rel}","templated":true}]}}