{"id":766729,"date":"2025-08-28T12:23:11","date_gmt":"2025-08-28T09:23:11","guid":{"rendered":"https:\/\/roveyayinevi.com.tr\/index.php\/urun\/bak-bakalim-kim-gelmis\/"},"modified":"2026-04-15T03:32:37","modified_gmt":"2026-04-15T00:32:37","slug":"bak-bakalim-kim-gelmis","status":"publish","type":"product","link":"https:\/\/roveyayinevi.com.tr\/index.php\/urun\/bak-bakalim-kim-gelmis\/","title":{"rendered":"Bak Bakal\u0131m Kim Gelmi\u015f"},"content":{"rendered":"<p>Anne mutfakta har\u0131l har\u0131l \u00e7al\u0131\u015f\u0131yor: Tombul biberler k\u0131zar\u0131rken, portakall\u0131 muhallebi \u201cplof, plof, plof!\u201d kaynarken, limon kabuklar\u0131 kek hamurunun i\u00e7ine rendelenirken\u2026 Ding dong ding! Beklenen kim, kap\u0131lar\u0131 \u00e7al\u0131p duran ne acaba? Asya\u2019n\u0131n her kap\u0131y\u0131 a\u00e7t\u0131\u011f\u0131nda kar\u015f\u0131la\u015ft\u0131\u011f\u0131 bu rengarenk ku\u015f t\u00fcylerinin s\u0131rr\u0131 ne ola ki? Bir kap\u0131 da sizin i\u00e7in \u00e7alacak bu kitapta. Bak\u0131n Bakal\u0131m Kim Gelmi\u015f! <\/p>\n","protected":false},"excerpt":{"rendered":"<p>Anne mutfakta har\u0131l har\u0131l \u00e7al\u0131\u015f\u0131yor: Tombul biberler k\u0131zar\u0131rken, portakall\u0131 muhallebi \u201cplof, plof, plof!\u201d kaynarken, limon kabuklar\u0131 kek hamurunun i\u00e7ine rendelenirken\u2026 Ding dong ding! Beklenen kim, kap\u0131lar\u0131<span class=\"excerpt-hellip\"> [\u2026]<\/span><\/p>\n","protected":false},"featured_media":0,"template":"","meta":{"_monsterinsights_skip_tracking":false,"_monsterinsights_sitenote_active":false,"_monsterinsights_sitenote_note":"","_monsterinsights_sitenote_category":0},"product_brand":[],"product_cat":[12274,12284],"product_tag":[],"class_list":{"0":"post-766729","1":"product","2":"type-product","3":"status-publish","5":"product_cat-cocuk-ve-genclik-kitaplari","6":"product_cat-hikayeler","7":"pa_cilt-ciltsiz","8":"pa_tur-kitap","9":"pa_yayinevi-bilgi-yayinevi-cocuk","10":"pa_yazar-melek-ozlem-sezer","12":"first","13":"instock","14":"sale","15":"shipping-taxable","16":"purchasable","17":"product-type-simple"},"_links":{"self":[{"href":"https:\/\/roveyayinevi.com.tr\/index.php\/wp-json\/wp\/v2\/product\/766729","targetHints":{"allow":["GET"]}}],"collection":[{"href":"https:\/\/roveyayinevi.com.tr\/index.php\/wp-json\/wp\/v2\/product"}],"about":[{"href":"https:\/\/roveyayinevi.com.tr\/index.php\/wp-json\/wp\/v2\/types\/product"}],"wp:attachment":[{"href":"https:\/\/roveyayinevi.com.tr\/index.php\/wp-json\/wp\/v2\/media?parent=766729"}],"wp:term":[{"taxonomy":"product_brand","embeddable":true,"href":"https:\/\/roveyayinevi.com.tr\/index.php\/wp-json\/wp\/v2\/product_brand?post=766729"},{"taxonomy":"product_cat","embeddable":true,"href":"https:\/\/roveyayinevi.com.tr\/index.php\/wp-json\/wp\/v2\/product_cat?post=766729"},{"taxonomy":"product_tag","embeddable":true,"href":"https:\/\/roveyayinevi.com.tr\/index.php\/wp-json\/wp\/v2\/product_tag?post=766729"}],"curies":[{"name":"wp","href":"https:\/\/api.w.org\/{rel}","templated":true}]}}