{"id":766728,"date":"2025-08-28T12:23:10","date_gmt":"2025-08-28T09:23:10","guid":{"rendered":"https:\/\/roveyayinevi.com.tr\/index.php\/urun\/ders-calisma-kitabi\/"},"modified":"2026-04-15T03:32:37","modified_gmt":"2026-04-15T00:32:37","slug":"ders-calisma-kitabi","status":"publish","type":"product","link":"https:\/\/roveyayinevi.com.tr\/index.php\/urun\/ders-calisma-kitabi\/","title":{"rendered":"Ders \u00c7al\u0131\u015fma Kitab\u0131"},"content":{"rendered":"<p>\u00d6\u011frenme s\u00fcreci nas\u0131l ger\u00e7ekle\u015fir? \u00dc\u015fenge\u00e7likle nas\u0131l ba\u015fa \u00e7\u0131kabiliriz? Etkili not alma yollar\u0131 nelerdir? Ba\u015far\u0131ya g\u00f6t\u00fcren s\u00fcre\u00e7 nas\u0131l olu\u015fur? En etkili ders \u00e7al\u0131\u015fma y\u00f6ntemleri nelerdir? Y\u00fcksek motivasyona ula\u015fman\u0131n yollar\u0131 nelerdir? Neden etkili bir \u00e7al\u0131\u015fma plan\u0131na ihtiya\u00e7 duyar\u0131z? \u00d6\u011frenmeyi peki\u015ftirmek i\u00e7in hangi teknikleri kullanabiliriz?   Bunlar gibi pek \u00e7ok sorunun cevab\u0131n\u0131 Ders \u00c7al\u0131\u015fma Kitab\u0131&#8217;nda bulabilirsiniz.   Filozof Me\u015fe, Samanadam gibi \u00f6zellikle \u00e7ocuklar\u0131 sorgulamaya ve do\u011fru d\u00fc\u015f\u00fcnmeye y\u00f6nlendiren felsefi hik\u00e2yeleriyle \u00e7ok sevilen Anooshirvan Miandji, bu kitapta \u00f6ncelikle s\u0131navlar aras\u0131nda bunalan ortaokul ve lise \u00f6\u011frencilerine derslerle, s\u0131navlarla ba\u015f etmelerine yard\u0131mc\u0131 olacak kapsaml\u0131 bir rehber sunuyor. Bu rehber \u00f6\u011frencilerle birlikte \u00f6\u011fretmenler, ebeveynler ve disiplinli \u00e7al\u0131ma konusunda zorluk \u00e7eken herkes i\u00e7in de yard\u0131mc\u0131 bir kitap olma \u00f6zelli\u011fini ta\u015f\u0131yor. <\/p>\n","protected":false},"excerpt":{"rendered":"<p>\u00d6\u011frenme s\u00fcreci nas\u0131l ger\u00e7ekle\u015fir? \u00dc\u015fenge\u00e7likle nas\u0131l ba\u015fa \u00e7\u0131kabiliriz? Etkili not alma yollar\u0131 nelerdir? Ba\u015far\u0131ya g\u00f6t\u00fcren s\u00fcre\u00e7 nas\u0131l olu\u015fur? En etkili ders \u00e7al\u0131\u015fma y\u00f6ntemleri nelerdir? Y\u00fcksek motivasyona<span class=\"excerpt-hellip\"> [\u2026]<\/span><\/p>\n","protected":false},"featured_media":0,"template":"","meta":{"_monsterinsights_skip_tracking":false,"_monsterinsights_sitenote_active":false,"_monsterinsights_sitenote_note":"","_monsterinsights_sitenote_category":0},"product_brand":[],"product_cat":[20502,12357],"product_tag":[],"class_list":{"0":"post-766728","1":"product","2":"type-product","3":"status-publish","5":"product_cat-basvuru-kitaplari-psikoloji","6":"product_cat-psikoloji","7":"pa_cilt-ciltsiz","8":"pa_tur-kitap","9":"pa_yayinevi-bilgi-yayinevi","10":"pa_yazar-anooshirvan-miandji","12":"first","13":"instock","14":"sale","15":"shipping-taxable","16":"purchasable","17":"product-type-simple"},"_links":{"self":[{"href":"https:\/\/roveyayinevi.com.tr\/index.php\/wp-json\/wp\/v2\/product\/766728","targetHints":{"allow":["GET"]}}],"collection":[{"href":"https:\/\/roveyayinevi.com.tr\/index.php\/wp-json\/wp\/v2\/product"}],"about":[{"href":"https:\/\/roveyayinevi.com.tr\/index.php\/wp-json\/wp\/v2\/types\/product"}],"wp:attachment":[{"href":"https:\/\/roveyayinevi.com.tr\/index.php\/wp-json\/wp\/v2\/media?parent=766728"}],"wp:term":[{"taxonomy":"product_brand","embeddable":true,"href":"https:\/\/roveyayinevi.com.tr\/index.php\/wp-json\/wp\/v2\/product_brand?post=766728"},{"taxonomy":"product_cat","embeddable":true,"href":"https:\/\/roveyayinevi.com.tr\/index.php\/wp-json\/wp\/v2\/product_cat?post=766728"},{"taxonomy":"product_tag","embeddable":true,"href":"https:\/\/roveyayinevi.com.tr\/index.php\/wp-json\/wp\/v2\/product_tag?post=766728"}],"curies":[{"name":"wp","href":"https:\/\/api.w.org\/{rel}","templated":true}]}}