{"id":766725,"date":"2025-08-28T12:23:05","date_gmt":"2025-08-28T09:23:05","guid":{"rendered":"https:\/\/roveyayinevi.com.tr\/index.php\/urun\/anthony-faucinin-gercek-yuzu\/"},"modified":"2026-04-15T03:32:37","modified_gmt":"2026-04-15T00:32:37","slug":"anthony-faucinin-gercek-yuzu","status":"publish","type":"product","link":"https:\/\/roveyayinevi.com.tr\/index.php\/urun\/anthony-faucinin-gercek-yuzu\/","title":{"rendered":"Anthony Fauci\u2019nin Ger\u00e7ek Y\u00fcz\u00fc"},"content":{"rendered":"<p>\u201cAmerika\u2019n\u0131n Doktoru\u201d ismiyle an\u0131lan ve \u00f6zellikle pandemi d\u00f6neminde kahramanla\u015ft\u0131r\u0131lan Anthony Fauci\u2019nin ve ila\u00e7 \u015firketlerinin ger\u00e7ek y\u00fcz\u00fc\u2026ABD Sa\u011fl\u0131k Bakan\u0131 aday\u0131 Robert F. Kennedy Jr., y\u0131llard\u0131r s\u00fcregelen sa\u011fl\u0131k skandallar\u0131n\u0131 mercek alt\u0131na al\u0131yor.Yazar, Amerika\u2019n\u0131n sa\u011fl\u0131k sisteminde mutlak g\u00fc\u00e7 sahibi olan Anthony Fauci ve yanda\u015flar\u0131n\u0131n uzun bir s\u00fcredir ellerindeki para kayna\u011f\u0131n\u0131 ila\u00e7 \u015firketlerine aktararak bilimsel sa\u011fl\u0131k ara\u015ft\u0131rmalar\u0131n\u0131 manip\u00fcle etti\u011fini iddia ediyor. Yazara g\u00f6re sa\u011fl\u0131k sistemindeki hastaneler, \u00fcniversiteler, dergiler, sa\u011fl\u0131k \u00e7al\u0131\u015fanlar\u0131, doktorlar bu g\u00fc\u00e7 sahiplerinin finanse etti\u011fi ara\u015ft\u0131rmalar do\u011frultusunda hareket ediyor. Aksini iddia eden muhalifleri susturuyor, kendi \u00e7\u0131karlar\u0131 i\u00e7in yanl\u0131 bilgileri b\u00fct\u00fcn d\u00fcnyaya kabul ettiriyorlar. AIDS tedavilerini sabote ediyor, pandemi kurmacalar\u0131yla insanlar\u0131n g\u00f6z\u00fcn\u00fc korkutuyor, Bill Gates\u2019le birlikte i\u015fe yaramaya n a\u015f\u0131 kampanyalar\u0131 d\u00fczenliyor, hatta kendi \u00e7\u0131karlar\u0131 i\u00e7in yoksul \u00e7ocuklar\u0131 kobay olarak kullan\u0131yorlar.B\u00fcy\u00fck \u0130la\u00e7 \u015eirketleri-Fauci-Bill Gates ittifak\u0131, finansman g\u00fcc\u00fc, devlet ba\u015fkanlar\u0131, \u00f6nde gelen geleneksel ve sosyal medya kurulu\u015flar\u0131yla \u00f6zenle geli\u015ftirdi\u011fi ki\u015fisel ili\u015fkiler sayesinde k\u00fcresel sa\u011fl\u0131k politikas\u0131 \u00fczerinde h\u00e2kimiyet kuruyor.Anthony Fauci\u2019nin Ger\u00e7ek Y\u00fcz\u00fc, ila\u00e7 \u015firketlerinin k\u00e2r\u0131 i\u00e7in d\u00fcnya \u00e7ap\u0131nda y\u0131llard\u0131r oynanan bir \u201csa\u011fl\u0131k oyununu\u201d y\u00fczlerce belge ve ara\u015ft\u0131rmayla g\u00fcn y\u00fcz\u00fcne \u00e7\u0131kar\u0131yor. D\u00fcnyay\u0131 COVID-19 pandemisine s\u00fcr\u00fckleyen, kirli s\u0131rlarla dolu bir sa\u011fl\u0131k sisteminin i\u00e7 y\u00fcz\u00fcn\u00fc, ila\u00e7 sekt\u00f6r\u00fcndeki korkun\u00e7 ger\u00e7ekleri ortaya \u00e7\u0131kar\u0131yor. <\/p>\n","protected":false},"excerpt":{"rendered":"<p>\u201cAmerika\u2019n\u0131n Doktoru\u201d ismiyle an\u0131lan ve \u00f6zellikle pandemi d\u00f6neminde kahramanla\u015ft\u0131r\u0131lan Anthony Fauci\u2019nin ve ila\u00e7 \u015firketlerinin ger\u00e7ek y\u00fcz\u00fc\u2026ABD Sa\u011fl\u0131k Bakan\u0131 aday\u0131 Robert F. Kennedy Jr., y\u0131llard\u0131r s\u00fcregelen sa\u011fl\u0131k<span class=\"excerpt-hellip\"> [\u2026]<\/span><\/p>\n","protected":false},"featured_media":0,"template":"","meta":{"_monsterinsights_skip_tracking":false,"_monsterinsights_sitenote_active":false,"_monsterinsights_sitenote_note":"","_monsterinsights_sitenote_category":0},"product_brand":[],"product_cat":[13366,13365],"product_tag":[],"class_list":{"0":"post-766725","1":"product","2":"type-product","3":"status-publish","5":"product_cat-diger-saglik","6":"product_cat-saglik","7":"pa_cilt-ciltsiz","8":"pa_tur-kitap","9":"pa_yayinevi-altin-kitaplar","10":"pa_yazar-robert-f-kennedy-jr","12":"first","13":"instock","14":"sale","15":"shipping-taxable","16":"purchasable","17":"product-type-simple"},"_links":{"self":[{"href":"https:\/\/roveyayinevi.com.tr\/index.php\/wp-json\/wp\/v2\/product\/766725","targetHints":{"allow":["GET"]}}],"collection":[{"href":"https:\/\/roveyayinevi.com.tr\/index.php\/wp-json\/wp\/v2\/product"}],"about":[{"href":"https:\/\/roveyayinevi.com.tr\/index.php\/wp-json\/wp\/v2\/types\/product"}],"wp:attachment":[{"href":"https:\/\/roveyayinevi.com.tr\/index.php\/wp-json\/wp\/v2\/media?parent=766725"}],"wp:term":[{"taxonomy":"product_brand","embeddable":true,"href":"https:\/\/roveyayinevi.com.tr\/index.php\/wp-json\/wp\/v2\/product_brand?post=766725"},{"taxonomy":"product_cat","embeddable":true,"href":"https:\/\/roveyayinevi.com.tr\/index.php\/wp-json\/wp\/v2\/product_cat?post=766725"},{"taxonomy":"product_tag","embeddable":true,"href":"https:\/\/roveyayinevi.com.tr\/index.php\/wp-json\/wp\/v2\/product_tag?post=766725"}],"curies":[{"name":"wp","href":"https:\/\/api.w.org\/{rel}","templated":true}]}}