{"id":766722,"date":"2025-08-28T12:22:59","date_gmt":"2025-08-28T09:22:59","guid":{"rendered":"https:\/\/roveyayinevi.com.tr\/index.php\/urun\/turkiyede-bolgesel-gelir-dagilimi-ve-bolgesel-esitsizlikler\/"},"modified":"2026-04-15T03:32:36","modified_gmt":"2026-04-15T00:32:36","slug":"turkiyede-bolgesel-gelir-dagilimi-ve-bolgesel-esitsizlikler","status":"publish","type":"product","link":"https:\/\/roveyayinevi.com.tr\/index.php\/urun\/turkiyede-bolgesel-gelir-dagilimi-ve-bolgesel-esitsizlikler\/","title":{"rendered":"T\u00fcrkiye\u2019de B\u00f6lgesel Gelir Da\u011f\u0131l\u0131m\u0131 ve B\u00f6lgesel E\u015fitsizlikler"},"content":{"rendered":"<p>Bu kitab\u0131n temel amac\u0131 T\u00fcrkiye\u2019de b\u00f6lgesel gelir da\u011f\u0131l\u0131m\u0131na ili\u015fkin dinamikleri ortaya \u00e7\u0131karmak ve b\u00f6lgeler aras\u0131ndaki gelir e\u015fitsizliklerini tarihsel bir perspektifle inceleyerek var olan e\u015fitsizlikleri en uygun y\u00f6ntemlerle analiz etmektir. Bu ama\u00e7la, bu kitapta T\u00fcrkiye\u2019deki b\u00f6lgesel gelir da\u011f\u0131l\u0131m\u0131 ve geli\u015fmi\u015flik farklar\u0131n\u0131n tarihsel k\u00f6klerine inilmeye gayret edilmi\u015f, Osmanl\u0131 \u0130mparatorlu\u011fu\u2019nun son d\u00f6nemlerinden Cumhuriyet d\u00f6nemine ve g\u00fcn\u00fcm\u00fcze kadar uygulanan b\u00f6lgesel politikalar tart\u0131\u015f\u0131lm\u0131\u015f ve b\u00f6lgeler aras\u0131ndaki e\u015fitsizlik s\u00fcre\u00e7leri ampirik olarak incelenmi\u015f ve g\u00f6rselle\u015ftirilmi\u015ftir.   Elde edilen bulgular, b\u00f6lgesel gelir da\u011f\u0131l\u0131m\u0131 e\u015fitsizli\u011finin as\u0131l kayna\u011f\u0131n\u0131n b\u00f6lgelerin kendi i\u00e7lerindeki e\u015fitsizlikten de\u011fil, b\u00f6lgeler aras\u0131ndaki e\u015fitsizlikten kaynakland\u0131\u011f\u0131n\u0131 g\u00f6stermektedir. Sonu\u00e7lar, T\u00fcrkiye\u2019de b\u00f6lgesel gelir da\u011f\u0131l\u0131m\u0131 a\u00e7\u0131s\u0131ndan do\u011fu-bat\u0131 aks\u0131nda bir farkl\u0131la\u015fman\u0131n oldu\u011funu ve bu farkl\u0131la\u015fman\u0131n uygulanan b\u00fct\u00fcn b\u00f6lgesel kalk\u0131nma politikalar\u0131na ra\u011fmen diren\u00e7li bir karakter sergiledi\u011fini g\u00f6stermektedir. T\u00fcrkiye\u2019de b\u00f6lgelerin b\u00fcy\u00fcme potansiyelleri a\u00e7\u0131s\u0131ndan yava\u015f bir iyile\u015fme g\u00f6r\u00fclse de b\u00f6lgesel b\u00fcy\u00fcme, b\u00f6lgesel gelir da\u011f\u0131l\u0131m\u0131n\u0131 daha e\u015fit bir hale getirmemektedir. Sonu\u00e7lar b\u00f6lgeler aras\u0131ndaki gelir da\u011f\u0131l\u0131m\u0131n\u0131 d\u00fczenlemek i\u00e7in \u00f6zel sekt\u00f6re te\u015fvik ve piyasa mekanizmas\u0131na sinyal g\u00f6nderen politikalardan ziyade, b\u00f6lgesel \u00f6zg\u00fcnl\u00fckleri dikkate alan kamucu kalk\u0131nma politikalar\u0131na olan ihtiyac\u0131 ortaya koymaktad\u0131r.<\/p>\n","protected":false},"excerpt":{"rendered":"<p>Bu kitab\u0131n temel amac\u0131 T\u00fcrkiye\u2019de b\u00f6lgesel gelir da\u011f\u0131l\u0131m\u0131na ili\u015fkin dinamikleri ortaya \u00e7\u0131karmak ve b\u00f6lgeler aras\u0131ndaki gelir e\u015fitsizliklerini tarihsel bir perspektifle inceleyerek var olan e\u015fitsizlikleri en uygun<span class=\"excerpt-hellip\"> [\u2026]<\/span><\/p>\n","protected":false},"featured_media":0,"template":"","meta":{"_monsterinsights_skip_tracking":false,"_monsterinsights_sitenote_active":false,"_monsterinsights_sitenote_note":"","_monsterinsights_sitenote_category":0},"product_brand":[],"product_cat":[13043],"product_tag":[],"class_list":{"0":"post-766722","1":"product","2":"type-product","3":"status-publish","5":"product_cat-ekonomi","6":"pa_cilt-ciltsiz","7":"pa_tur-kitap","8":"pa_yayinevi-efil-yayinevi","9":"pa_yazar-firat-gundem","11":"first","12":"instock","13":"sale","14":"shipping-taxable","15":"purchasable","16":"product-type-simple"},"_links":{"self":[{"href":"https:\/\/roveyayinevi.com.tr\/index.php\/wp-json\/wp\/v2\/product\/766722","targetHints":{"allow":["GET"]}}],"collection":[{"href":"https:\/\/roveyayinevi.com.tr\/index.php\/wp-json\/wp\/v2\/product"}],"about":[{"href":"https:\/\/roveyayinevi.com.tr\/index.php\/wp-json\/wp\/v2\/types\/product"}],"wp:attachment":[{"href":"https:\/\/roveyayinevi.com.tr\/index.php\/wp-json\/wp\/v2\/media?parent=766722"}],"wp:term":[{"taxonomy":"product_brand","embeddable":true,"href":"https:\/\/roveyayinevi.com.tr\/index.php\/wp-json\/wp\/v2\/product_brand?post=766722"},{"taxonomy":"product_cat","embeddable":true,"href":"https:\/\/roveyayinevi.com.tr\/index.php\/wp-json\/wp\/v2\/product_cat?post=766722"},{"taxonomy":"product_tag","embeddable":true,"href":"https:\/\/roveyayinevi.com.tr\/index.php\/wp-json\/wp\/v2\/product_tag?post=766722"}],"curies":[{"name":"wp","href":"https:\/\/api.w.org\/{rel}","templated":true}]}}