{"id":766721,"date":"2025-08-28T12:22:58","date_gmt":"2025-08-28T09:22:58","guid":{"rendered":"https:\/\/roveyayinevi.com.tr\/index.php\/urun\/ucma-hayali\/"},"modified":"2026-04-15T03:32:36","modified_gmt":"2026-04-15T00:32:36","slug":"ucma-hayali","status":"publish","type":"product","link":"https:\/\/roveyayinevi.com.tr\/index.php\/urun\/ucma-hayali\/","title":{"rendered":"U\u00e7ma Hayali"},"content":{"rendered":"<p>Prospect\u2019in 2013 anketinde d\u00fcnyan\u0131n en iyi d\u00fc\u015f\u00fcn\u00fcr\u00fc se\u00e7ilen Richard Dawkins, son y\u0131llar\u0131n en heyecan verici \u00e7al\u0131\u015fmalar\u0131ndan biri olan bu kitab\u0131nda, u\u00e7mak denilen o mucizevi eylemi t\u00fcm y\u00f6nleriyle ele al\u0131yor. Do\u011fa ve insanlar\u0131n yer\u00e7ekimine kar\u015f\u0131 verdi\u011fi m\u00fccadeleye ve g\u00f6\u011f\u00fc ele ge\u00e7irme deneyimine tan\u0131kl\u0131k ediyor ve hakikat ile hayal aras\u0131nda bir k\u00f6pr\u00fc kuruyor. U\u00e7ma Hayali okuru g\u00fcnl\u00fck y\u00f6r\u00fcngeden bir s\u00fcreli\u011fine sapmaya, bilimsel olanla hayali olan aras\u0131nda bir yolculu\u011fa \u00e7\u0131kmaya, bu yolculuk esnas\u0131nda mitsel ve tarihsel kahramanlarla \u00e7arp\u0131\u015fmaya ve nihayetinde evrimle teknolojinin o kusursuz in\u015fas\u0131na yak\u0131ndan bakmaya davet ediyor. \u201cUstaca kaleme al\u0131nm\u0131\u015f, her ya\u015ftan okura hitap eden bir kitap.\u201d \u2013Alexander McCall Smith \u201cDawkins ustal\u0131\u011f\u0131, hazz\u0131 ve berrakl\u0131\u011f\u0131 birbirine kar\u0131p yaz\u0131yor.\u201d \u2013Michael Frayn \u201cKurgud\u0131\u015f\u0131n\u0131n ya\u015fayan en b\u00fcy\u00fck temsilcilerinden biri.\u201d \u2013Steven Pinker<\/p>\n","protected":false},"excerpt":{"rendered":"<p>Prospect\u2019in 2013 anketinde d\u00fcnyan\u0131n en iyi d\u00fc\u015f\u00fcn\u00fcr\u00fc se\u00e7ilen Richard Dawkins, son y\u0131llar\u0131n en heyecan verici \u00e7al\u0131\u015fmalar\u0131ndan biri olan bu kitab\u0131nda, u\u00e7mak denilen o mucizevi eylemi t\u00fcm<span class=\"excerpt-hellip\"> [\u2026]<\/span><\/p>\n","protected":false},"featured_media":0,"template":"","meta":{"_monsterinsights_skip_tracking":false,"_monsterinsights_sitenote_active":false,"_monsterinsights_sitenote_note":"","_monsterinsights_sitenote_category":0},"product_brand":[],"product_cat":[13005],"product_tag":[],"class_list":{"0":"post-766721","1":"product","2":"type-product","3":"status-publish","5":"product_cat-bilim-muhendislik","6":"pa_cilt-ciltsiz","7":"pa_tur-kitap","8":"pa_yayinevi-alfa-yayinlari","9":"pa_yazar-richard-dawkins","11":"first","12":"instock","13":"sale","14":"shipping-taxable","15":"purchasable","16":"product-type-simple"},"_links":{"self":[{"href":"https:\/\/roveyayinevi.com.tr\/index.php\/wp-json\/wp\/v2\/product\/766721","targetHints":{"allow":["GET"]}}],"collection":[{"href":"https:\/\/roveyayinevi.com.tr\/index.php\/wp-json\/wp\/v2\/product"}],"about":[{"href":"https:\/\/roveyayinevi.com.tr\/index.php\/wp-json\/wp\/v2\/types\/product"}],"wp:attachment":[{"href":"https:\/\/roveyayinevi.com.tr\/index.php\/wp-json\/wp\/v2\/media?parent=766721"}],"wp:term":[{"taxonomy":"product_brand","embeddable":true,"href":"https:\/\/roveyayinevi.com.tr\/index.php\/wp-json\/wp\/v2\/product_brand?post=766721"},{"taxonomy":"product_cat","embeddable":true,"href":"https:\/\/roveyayinevi.com.tr\/index.php\/wp-json\/wp\/v2\/product_cat?post=766721"},{"taxonomy":"product_tag","embeddable":true,"href":"https:\/\/roveyayinevi.com.tr\/index.php\/wp-json\/wp\/v2\/product_tag?post=766721"}],"curies":[{"name":"wp","href":"https:\/\/api.w.org\/{rel}","templated":true}]}}