{"id":766720,"date":"2025-08-28T12:22:55","date_gmt":"2025-08-28T09:22:55","guid":{"rendered":"https:\/\/roveyayinevi.com.tr\/index.php\/urun\/kimsesiz-kiz-cocugu\/"},"modified":"2026-04-15T03:32:36","modified_gmt":"2026-04-15T00:32:36","slug":"kimsesiz-kiz-cocugu","status":"publish","type":"product","link":"https:\/\/roveyayinevi.com.tr\/index.php\/urun\/kimsesiz-kiz-cocugu\/","title":{"rendered":"Kimsesiz K\u0131z \u00c7ocu\u011fu"},"content":{"rendered":"<p>\u201cKimsesizlik anne baba sahibi olmak ya da olmamakla alakal\u0131 de\u011fildir. Kimsesizlik, anla\u015f\u0131lmamak, tam olarak sevilmemek, hi\u00e7bir zaman ki\u015fisel ya da sosyal alan\u0131nda kimse taraf\u0131ndan tam bir kabulleni\u015f, sahiplenilme ya da koruma g\u00f6rmemek, \u015fefkati kendi kendine vermeye \u00e7al\u0131\u015f\u0131rken berbat bir \u015fekilde k\u00f6\u015feli, sert, korkudan delik de\u015fik olmak ama ayn\u0131 zamanda yaralar\u0131n\u0131n kabu\u011fundan z\u0131rh yapmak, t\u00fcm ac\u0131s\u0131n\u0131 da o z\u0131rh\u0131n ard\u0131na saklam\u0131\u015f bir ruh olarak tek ba\u015f\u0131na b\u00fcy\u00fcmek, yola devam etmek, ummak ve belki de en tats\u0131z\u0131, hi\u00e7bir zaman ger\u00e7ekten ya\u015fayamamak demektir.\u201d\u2013PiaKendi evinde kabul g\u00f6rmemi\u015f, varl\u0131\u011f\u0131, istekleri, ac\u0131lar\u0131 ya da maruz kald\u0131\u011f\u0131 hi\u00e7bir t\u00fcrden duygu dalgalanmas\u0131 fark edilmemi\u015f k\u00fc\u00e7\u00fck bir k\u0131z \u00e7ocu\u011funun ac\u0131n\u0131n ve hayal k\u0131r\u0131kl\u0131klar\u0131n\u0131n her t\u00fcrl\u00fcs\u00fcyle s\u0131nanm\u0131\u015f ya\u015fam\u0131na G\u00fcm\u00fc\u015fsuyu\u2019nun yoku\u015flar\u0131, K\u0131nal\u0131ada\u2019n\u0131n serin sular\u0131, Bebek\u2019in dar sokaklar\u0131 yuva olur. Bu kimsesiz k\u0131z \u00e7ocu\u011fu, kendi evinde \u00e2deta bir otel odas\u0131na s\u0131\u011f\u0131nm\u0131\u015f, sesi duyulmayan, varl\u0131\u011f\u0131 ile yoklu\u011fu bir g\u00f6r\u00fclen, s\u0131radan, de\u011fersiz bir misafir gibidir. Ne yaz\u0131k ki hi\u00e7bir zaman ailesinin bir par\u00e7as\u0131 olamaz ama kendi ailesini kurma hayallerinden, o yaln\u0131z ve mutsuz otel odas\u0131ndan kurtulma iste\u011finden de asla vazge\u00e7mez. Bazen k\u00f6t\u00fc bir r\u00fcya olarak d\u00fc\u015f\u00fcnmek istedi\u011fi, bazense hi\u00e7 unutulmayacak bir masal gibi ge\u00e7en t\u00fcm hayat\u0131 boyunca zorluklara inat, \u0131\u015f\u0131l \u0131\u015f\u0131l var olman\u0131n emsalini sergiler.<\/p>\n","protected":false},"excerpt":{"rendered":"<p>\u201cKimsesizlik anne baba sahibi olmak ya da olmamakla alakal\u0131 de\u011fildir. Kimsesizlik, anla\u015f\u0131lmamak, tam olarak sevilmemek, hi\u00e7bir zaman ki\u015fisel ya da sosyal alan\u0131nda kimse taraf\u0131ndan tam bir<span class=\"excerpt-hellip\"> [\u2026]<\/span><\/p>\n","protected":false},"featured_media":0,"template":"","meta":{"_monsterinsights_skip_tracking":false,"_monsterinsights_sitenote_active":false,"_monsterinsights_sitenote_note":"","_monsterinsights_sitenote_category":0},"product_brand":[],"product_cat":[12291,12711],"product_tag":[],"class_list":{"0":"post-766720","1":"product","2":"type-product","3":"status-publish","5":"product_cat-edebiyat","6":"product_cat-roman-oyku","7":"pa_cilt-ciltsiz","8":"pa_tur-kitap","9":"pa_yayinevi-mona-kitap","10":"pa_yazar-pia","12":"first","13":"instock","14":"sale","15":"shipping-taxable","16":"purchasable","17":"product-type-simple"},"_links":{"self":[{"href":"https:\/\/roveyayinevi.com.tr\/index.php\/wp-json\/wp\/v2\/product\/766720","targetHints":{"allow":["GET"]}}],"collection":[{"href":"https:\/\/roveyayinevi.com.tr\/index.php\/wp-json\/wp\/v2\/product"}],"about":[{"href":"https:\/\/roveyayinevi.com.tr\/index.php\/wp-json\/wp\/v2\/types\/product"}],"wp:attachment":[{"href":"https:\/\/roveyayinevi.com.tr\/index.php\/wp-json\/wp\/v2\/media?parent=766720"}],"wp:term":[{"taxonomy":"product_brand","embeddable":true,"href":"https:\/\/roveyayinevi.com.tr\/index.php\/wp-json\/wp\/v2\/product_brand?post=766720"},{"taxonomy":"product_cat","embeddable":true,"href":"https:\/\/roveyayinevi.com.tr\/index.php\/wp-json\/wp\/v2\/product_cat?post=766720"},{"taxonomy":"product_tag","embeddable":true,"href":"https:\/\/roveyayinevi.com.tr\/index.php\/wp-json\/wp\/v2\/product_tag?post=766720"}],"curies":[{"name":"wp","href":"https:\/\/api.w.org\/{rel}","templated":true}]}}