{"id":766710,"date":"2025-08-28T12:22:35","date_gmt":"2025-08-28T09:22:35","guid":{"rendered":"https:\/\/roveyayinevi.com.tr\/index.php\/urun\/hikaye-yuklu-sandik\/"},"modified":"2026-04-15T03:32:36","modified_gmt":"2026-04-15T00:32:36","slug":"hikaye-yuklu-sandik","status":"publish","type":"product","link":"https:\/\/roveyayinevi.com.tr\/index.php\/urun\/hikaye-yuklu-sandik\/","title":{"rendered":"Hikaye Y\u00fckl\u00fc Sand\u0131k"},"content":{"rendered":"<p>Ve nihayetinde a\u011fz\u0131na kadar dolu sand\u0131\u011f\u0131mda olduk\u00e7a gen\u00e7 addedilen bir ya\u015fta \u00e7eyiz niyetine gelecek nesillere sunaca\u011f\u0131m manevi miras\u0131m\u0131n b\u00fcy\u00fccek b\u00f6l\u00fcm\u00fcm\u00fc kararak sa\u011fl\u0131kl\u0131dan ziyade varl\u0131kl\u0131 bir birey haline gelmi\u015ftim. Ger\u00e7ekte olmayan\u0131 kelimeler arac\u0131l\u0131\u011f\u0131yla oldurmaya \u00e7abalamak; yani eldeki k\u0131t kanaat malzemeyle hik\u00e2ye pi\u015firmek zordu elbette. Ancak \u015fu saatten itibaren daha zor olan\u0131 ele avuca gelene sahip \u00e7\u0131kmakt\u0131. Bunun i\u00e7inse mirasyedi davran\u0131\u015f\u0131 sergilemeyecek p\u0131r\u0131l p\u0131r\u0131l zihinli, ufku a\u00e7\u0131k, sanatla beslenmeye gereksinim duyan nesle g\u00fcvenmem gerekiyordu. Yani benim de b\u00fct\u00fcn \u00fcmidim gen\u00e7likteydi. Sanat\u0131n, edebiyat\u0131n, \u015fiirin en \u00e7ok iyile\u015ftirmek i\u00e7in var oldu\u011funu da biliyordu \u00e7akmaktan ate\u015fli g\u00f6zleri.   Hil\u00e2l Numano\u011flu, yarat\u0131c\u0131 yazarl\u0131k patikalar\u0131nda dola\u015ft\u0131\u011f\u0131 ikinci \u00f6yk\u00fc kitab\u0131nda okuru yepyeni 14 hik\u00e2yeden olu\u015fan bir gezintiye \u00e7\u0131kar\u0131yor.<\/p>\n","protected":false},"excerpt":{"rendered":"<p>Ve nihayetinde a\u011fz\u0131na kadar dolu sand\u0131\u011f\u0131mda olduk\u00e7a gen\u00e7 addedilen bir ya\u015fta \u00e7eyiz niyetine gelecek nesillere sunaca\u011f\u0131m manevi miras\u0131m\u0131n b\u00fcy\u00fccek b\u00f6l\u00fcm\u00fcm\u00fc kararak sa\u011fl\u0131kl\u0131dan ziyade varl\u0131kl\u0131 bir birey<span class=\"excerpt-hellip\"> [\u2026]<\/span><\/p>\n","protected":false},"featured_media":0,"template":"","meta":{"_monsterinsights_skip_tracking":false,"_monsterinsights_sitenote_active":false,"_monsterinsights_sitenote_note":"","_monsterinsights_sitenote_category":0},"product_brand":[],"product_cat":[12291,12711],"product_tag":[],"class_list":{"0":"post-766710","1":"product","2":"type-product","3":"status-publish","5":"product_cat-edebiyat","6":"product_cat-roman-oyku","7":"pa_cilt-ciltsiz","8":"pa_tur-kitap","9":"pa_yayinevi-elpis-yayinlari","10":"pa_yazar-hilal-numanoglu","12":"first","13":"instock","14":"sale","15":"shipping-taxable","16":"purchasable","17":"product-type-simple"},"_links":{"self":[{"href":"https:\/\/roveyayinevi.com.tr\/index.php\/wp-json\/wp\/v2\/product\/766710","targetHints":{"allow":["GET"]}}],"collection":[{"href":"https:\/\/roveyayinevi.com.tr\/index.php\/wp-json\/wp\/v2\/product"}],"about":[{"href":"https:\/\/roveyayinevi.com.tr\/index.php\/wp-json\/wp\/v2\/types\/product"}],"wp:attachment":[{"href":"https:\/\/roveyayinevi.com.tr\/index.php\/wp-json\/wp\/v2\/media?parent=766710"}],"wp:term":[{"taxonomy":"product_brand","embeddable":true,"href":"https:\/\/roveyayinevi.com.tr\/index.php\/wp-json\/wp\/v2\/product_brand?post=766710"},{"taxonomy":"product_cat","embeddable":true,"href":"https:\/\/roveyayinevi.com.tr\/index.php\/wp-json\/wp\/v2\/product_cat?post=766710"},{"taxonomy":"product_tag","embeddable":true,"href":"https:\/\/roveyayinevi.com.tr\/index.php\/wp-json\/wp\/v2\/product_tag?post=766710"}],"curies":[{"name":"wp","href":"https:\/\/api.w.org\/{rel}","templated":true}]}}