{"id":766709,"date":"2025-08-28T12:22:33","date_gmt":"2025-08-28T09:22:33","guid":{"rendered":"https:\/\/roveyayinevi.com.tr\/index.php\/urun\/cig-kofteci-dededen-siirler\/"},"modified":"2026-04-15T03:32:36","modified_gmt":"2026-04-15T00:32:36","slug":"cig-kofteci-dededen-siirler","status":"publish","type":"product","link":"https:\/\/roveyayinevi.com.tr\/index.php\/urun\/cig-kofteci-dededen-siirler\/","title":{"rendered":"\u00c7i\u011f K\u00f6fteci Dede\u2019den \u015eiirler"},"content":{"rendered":"<p>\u00dcn\u00fc mahalleyi a\u015ft\u0131 \u00c7i\u011f k\u00f6fteci dedeyi merak ettiler  \u00c7ok uzaklardan geldiler: \u2018\u2019Nas\u0131l bu kadar lezzetli \u00e7i\u011f k\u00f6ften? \u00c7i\u011f k\u00f6fteci miydi senin de deden? Ne kat\u0131yorsun i\u00e7ine? Bu lezzetin s\u0131rr\u0131 ne?\u2018\u2019 \u00c7i\u011f k\u00f6fteci Dede de bilmiyordu sebebini Neden bu kadar lezzetliydi? Belki de yo\u011fururken D\u00f6kt\u00fc\u011f\u00fc g\u00f6zya\u015f\u0131 \u0130\u00e7ine katt\u0131\u011f\u0131 kederi Biraz da ne\u015fesiydi Okudu\u011fu dualar da lezzete lezzet kat\u0131yordu Helal r\u0131z\u0131k sebebiyle bu kadar \u00e7ok sat\u0131yordu Sadece \u00e7i\u011f k\u00f6fte satm\u0131yordu Tecr\u00fcbesini de aktar\u0131yordu \u00c7ocuklara ak\u0131l veriyor Gen\u00e7lere hayat\u0131 anlat\u0131yordu Derdi olan\u0131n derdini dinliyor <\/p>\n","protected":false},"excerpt":{"rendered":"<p>\u00dcn\u00fc mahalleyi a\u015ft\u0131 \u00c7i\u011f k\u00f6fteci dedeyi merak ettiler \u00c7ok uzaklardan geldiler: \u2018\u2019Nas\u0131l bu kadar lezzetli \u00e7i\u011f k\u00f6ften? \u00c7i\u011f k\u00f6fteci miydi senin de deden? Ne kat\u0131yorsun i\u00e7ine?<span class=\"excerpt-hellip\"> [\u2026]<\/span><\/p>\n","protected":false},"featured_media":0,"template":"","meta":{"_monsterinsights_skip_tracking":false,"_monsterinsights_sitenote_active":false,"_monsterinsights_sitenote_note":"","_monsterinsights_sitenote_category":0},"product_brand":[],"product_cat":[12291,12509],"product_tag":[],"class_list":{"0":"post-766709","1":"product","2":"type-product","3":"status-publish","5":"product_cat-edebiyat","6":"product_cat-siir","7":"pa_cilt-ciltsiz","8":"pa_tur-kitap","9":"pa_yayinevi-somut-yayinlari","10":"pa_yazar-yunus-emre-albayrak","12":"first","13":"instock","14":"sale","15":"shipping-taxable","16":"purchasable","17":"product-type-simple"},"_links":{"self":[{"href":"https:\/\/roveyayinevi.com.tr\/index.php\/wp-json\/wp\/v2\/product\/766709","targetHints":{"allow":["GET"]}}],"collection":[{"href":"https:\/\/roveyayinevi.com.tr\/index.php\/wp-json\/wp\/v2\/product"}],"about":[{"href":"https:\/\/roveyayinevi.com.tr\/index.php\/wp-json\/wp\/v2\/types\/product"}],"wp:attachment":[{"href":"https:\/\/roveyayinevi.com.tr\/index.php\/wp-json\/wp\/v2\/media?parent=766709"}],"wp:term":[{"taxonomy":"product_brand","embeddable":true,"href":"https:\/\/roveyayinevi.com.tr\/index.php\/wp-json\/wp\/v2\/product_brand?post=766709"},{"taxonomy":"product_cat","embeddable":true,"href":"https:\/\/roveyayinevi.com.tr\/index.php\/wp-json\/wp\/v2\/product_cat?post=766709"},{"taxonomy":"product_tag","embeddable":true,"href":"https:\/\/roveyayinevi.com.tr\/index.php\/wp-json\/wp\/v2\/product_tag?post=766709"}],"curies":[{"name":"wp","href":"https:\/\/api.w.org\/{rel}","templated":true}]}}