{"id":766708,"date":"2025-08-28T12:22:31","date_gmt":"2025-08-28T09:22:31","guid":{"rendered":"https:\/\/roveyayinevi.com.tr\/index.php\/urun\/bilim-etik-surec-ve-tiyatroya-yansimalar\/"},"modified":"2026-04-15T03:32:36","modified_gmt":"2026-04-15T00:32:36","slug":"bilim-etik-surec-ve-tiyatroya-yansimalar","status":"publish","type":"product","link":"https:\/\/roveyayinevi.com.tr\/index.php\/urun\/bilim-etik-surec-ve-tiyatroya-yansimalar\/","title":{"rendered":"Bilim-Etik-S\u00fcre\u00e7 ve Tiyatroya Yans\u0131malar"},"content":{"rendered":"<p>Sanat\u0131n ve bilimin, yas\u0327ama sanat\u0131n\u0131 temel almas\u0131 ayn\u0131 zamanda her ikisini de \u201cS\u0131n\u0131rs\u0131zl\u0131k\u201d ve \u201c\u00d6zg\u00fcrl\u00fck\u201d kavramlar\u0131yla birlikte d\u00fcs\u0327\u00fcnmemiz gerektig\u0306ine vurgu yapmaz m\u0131? \u00c7\u00fcnk\u00fc ancak s\u0131n\u0131rs\u0131z ve \u00f6zg\u00fcr kos\u0327ullarda insan kendini ve yas\u0327am\u0131 var eder; kendini, varl\u0131k nedenini, d\u00fcnyay\u0131, evreni, \u00e7evresini, bir bas\u0327kas\u0131n\u0131 sorgular ve yan\u0131tlar\u0131n\u0131 arar. Bu s\u00fcre\u00e7 yarat\u0131c\u0131 bir s\u00fcre\u00e7tir ayn\u0131 zamanda. Merak, cesaret, \u00f6zg\u00fcven, kararl\u0131l\u0131k, aray\u0131s\u0327 gibi \u00f6zellikleri de kendinde gelis\u0327tirerek bilimsel-sanatsal gelis\u0327meleri var eder. Bilim \u201cger\u00e7eg\u0306i \u201d t\u00fcm boyutlar\u0131yla aras\u0327t\u0131r\u0131r, dener, inceler, sorgular, sonuca var\u0131r. Sanat \u201cse\u00e7ilmis\u0327 ger\u00e7eg\u0306i\u201d aras\u0327t\u0131r\u0131r, inceler, sorgular ve bir sanat yap\u0131t\u0131yla sonland\u0131r\u0131r.               Bilim i\u00e7in insan\u0131n, dog\u0306an\u0131n g\u00fcc\u00fcn\u00fc denetim alt\u0131na giris\u0327iminin toplam\u0131d\u0131r da denilebilir. Ger\u00e7ek olaylara dayan\u0131r, lojik ve sistematiktir. Objektif ve eles\u0327tireldir ve kendi kendini d\u00fczeltir. Geneldir, betimleyici ve a\u00e7\u0131klay\u0131c\u0131d\u0131r. Bilim ge\u00e7ici ve s\u00fcrekli gelis\u0327en bir olgudur. Bilim insan\u0131 ise, evrensel deg\u0306erler olgusu i\u00e7inde s\u00fcrekli kendini arayan ve kendini buldug\u0306u ak\u0131l ve duygu d\u00fcnyas\u0131nda da isyan\u0131 ile i\u00e7 bar\u0131s\u0327\u0131n\u0131 dengeleyebilen insand\u0131r. Bu isyan ile i\u00e7 bar\u0131s\u0327\u0131 aras\u0131nda kurdug\u0306u hassas denge, kus\u0327ku ve merak duygular\u0131yla yeni olana dog\u0306ru s\u00fcrekli evrilir, evrilmelidir de. Dolay\u0131s\u0131yla bilim insan\u0131 da, t\u0131pk\u0131 sanat insan\u0131 gibi \u00f6zg\u00fcrl\u00fcg\u0306e ve \u00f6zg\u00fcnl\u00fcg\u0306e tutkundur. Merak, heyecan, cesaret, d\u00fcr\u00fcstl\u00fck, a\u00e7\u0131kl\u0131k, nesnellik, kus\u0327ku, kararl\u0131l\u0131k, tutarl\u0131l\u0131k, ahl\u00e2kl\u0131l\u0131k gibi etik ve bilimsel ilkelerle beslenen bir karakteristig\u0306i vard\u0131r bilim insan\u0131n. R\u00f6nesansla birlikte, bireysel olarak tek tek deha bilim insanlar\u0131n\u0131n \u00e7abalar\u0131yla, felsefeden koparak kendi bas\u0327\u0131na sahneye \u00e7\u0131kan ve egemen g\u00fc\u00e7 kiliseye kars\u0327\u0131 bas\u0327kald\u0131ran bilim, bag\u0306\u0131ms\u0131zl\u0131k kazand\u0131g\u0306\u0131 modern bilim s\u00fcrecine evrilmis\u0327, sanayi devrimiyle birlikte teknolojik uygulamalarla gelis\u0327iminin dorug\u0306una \u00e7\u0131km\u0131s\u0327t\u0131r. Ancak bug\u00fcn devletler ve sistemler aras\u0131 rekabetin ve para d\u00fczeninin bas\u0327\u0131n\u0131 \u00e7eken bir Truva at\u0131na d\u00f6n\u00fcs\u0327en bilim ve teknoloji, tas\u0327\u0131d\u0131g\u0306\u0131 b\u00fcy\u00fck risklerle yeniden sorgulanmas\u0131 gereken bir konuma gelmis\u0327, hayat\u0131 kolaylas\u0327t\u0131rmak yerine dog\u0306ay\u0131 ve insanl\u0131g\u0306\u0131 tehdit eder durumda bir distopyan\u0131n \u00f6nemli akt\u00f6rlerinden biri haline gelmis\u0327tir.   Dolay\u0131s\u0131yla bilim ve teknolojinin bug\u00fcn ulas\u0327t\u0131g\u0306\u0131 nokta, t\u0131pk\u0131 insanl\u0131g\u0306\u0131n geldig\u0306i nokta gibi yeniden ele al\u0131nmal\u0131, kazand\u0131rd\u0131klar\u0131 ve kaybettirdikleriyle birlikte yeniden deg\u0306erlendirilmelidir. Ancak \u00f6zg\u00fcr kos\u0327ullarda yes\u0327erebilen ve yas\u0327ayan bir sanat dal\u0131 olan tiyatro sanat\u0131n\u0131n da, bilimin bu yolculug\u0306undan etkilendig\u0306ini ve pek \u00e7ok oyuna bilim, bilimsel gelis\u0327meler, bilim insan\u0131 ve her d\u00f6nemin egemeniyle ilis\u0327kileri-\u00e7at\u0131s\u0327malar\u0131, farkl\u0131 yaklas\u0327\u0131mlarla yans\u0131m\u0131s\u0327t\u0131r. Bu eserde de birbiriyle bu kadar ilintili olan tiyatro ve bilim tarihinin sosyo-ekonomik ko\u015fullar\u0131n geli\u015fimine ve de\u011fi\u015fimine ko\u015fut olarak bilimde tiyatroya yans\u0131mas\u0131 tiyatro oyunlar\u0131ndan \u00f6rneklerle incelenmi\u015ftir. \u0130nsanl\u0131k varolu\u015fundan bu yana tarihin her d\u00f6neminde bilimden sanata uzanan k\u00f6pr\u00fcde birbiriyle kucakla\u015fm\u0131\u015ft\u0131r. Bu muhte\u015fem k\u00f6pr\u00fcy\u00fc g\u00f6rmemezlikten gelenlerin yan\u0131ld\u0131\u011f\u0131n\u0131 tarih g\u00f6stermi\u015ftir, g\u00f6sterecektir de. <\/p>\n","protected":false},"excerpt":{"rendered":"<p>Sanat\u0131n ve bilimin, yas\u0327ama sanat\u0131n\u0131 temel almas\u0131 ayn\u0131 zamanda her ikisini de \u201cS\u0131n\u0131rs\u0131zl\u0131k\u201d ve \u201c\u00d6zg\u00fcrl\u00fck\u201d kavramlar\u0131yla birlikte d\u00fcs\u0327\u00fcnmemiz gerektig\u0306ine vurgu yapmaz m\u0131? \u00c7\u00fcnk\u00fc ancak s\u0131n\u0131rs\u0131z ve<span class=\"excerpt-hellip\"> [\u2026]<\/span><\/p>\n","protected":false},"featured_media":0,"template":"","meta":{"_monsterinsights_skip_tracking":false,"_monsterinsights_sitenote_active":false,"_monsterinsights_sitenote_note":"","_monsterinsights_sitenote_category":0},"product_brand":[],"product_cat":[12291,15566],"product_tag":[],"class_list":{"0":"post-766708","1":"product","2":"type-product","3":"status-publish","5":"product_cat-edebiyat","6":"product_cat-oyun","7":"pa_cilt-ciltsiz","8":"pa_tur-kitap","9":"pa_yayinevi-bambu-kultur-yayinlar","10":"pa_yazar-nurhan-tekerek","12":"first","13":"instock","14":"sale","15":"shipping-taxable","16":"purchasable","17":"product-type-simple"},"_links":{"self":[{"href":"https:\/\/roveyayinevi.com.tr\/index.php\/wp-json\/wp\/v2\/product\/766708","targetHints":{"allow":["GET"]}}],"collection":[{"href":"https:\/\/roveyayinevi.com.tr\/index.php\/wp-json\/wp\/v2\/product"}],"about":[{"href":"https:\/\/roveyayinevi.com.tr\/index.php\/wp-json\/wp\/v2\/types\/product"}],"wp:attachment":[{"href":"https:\/\/roveyayinevi.com.tr\/index.php\/wp-json\/wp\/v2\/media?parent=766708"}],"wp:term":[{"taxonomy":"product_brand","embeddable":true,"href":"https:\/\/roveyayinevi.com.tr\/index.php\/wp-json\/wp\/v2\/product_brand?post=766708"},{"taxonomy":"product_cat","embeddable":true,"href":"https:\/\/roveyayinevi.com.tr\/index.php\/wp-json\/wp\/v2\/product_cat?post=766708"},{"taxonomy":"product_tag","embeddable":true,"href":"https:\/\/roveyayinevi.com.tr\/index.php\/wp-json\/wp\/v2\/product_tag?post=766708"}],"curies":[{"name":"wp","href":"https:\/\/api.w.org\/{rel}","templated":true}]}}