{"id":766707,"date":"2025-08-28T12:22:29","date_gmt":"2025-08-28T09:22:29","guid":{"rendered":"https:\/\/roveyayinevi.com.tr\/index.php\/urun\/satranc-stefan-zweigin-cokusu\/"},"modified":"2026-04-15T03:32:36","modified_gmt":"2026-04-15T00:32:36","slug":"satranc-stefan-zweigin-cokusu","status":"publish","type":"product","link":"https:\/\/roveyayinevi.com.tr\/index.php\/urun\/satranc-stefan-zweigin-cokusu\/","title":{"rendered":"Satran\u00e7-Stefan Zwe\u0131g\u2019in \u00c7\u00f6k\u00fc\u015f\u00fc"},"content":{"rendered":"<p>SATRAN\u00c7             Satran\u00e7 \u00f6yk\u00fcs\u00fcn\u00fcn sa\u011flam kurgusu d\u00f6neme farkl\u0131 bir pencereden bakmam\u0131za olanak sa\u011flamaktad\u0131r. \u00d6zg\u00fcr d\u00fc\u015f\u00fcncenin, demokrasinin, akl\u0131n, kin, nefret ve zorbal\u0131kla susturuldu\u011fu bir d\u00f6nemde Satran\u00e7, umudun bitti\u011fi yerde yeniden do\u011fmay\u0131 anlat\u0131yor. Fakat bu yeniden do\u011fu\u015f beraberinde insan\u0131n hi\u00e7likle, yaln\u0131zl\u0131kla ne denli sava\u015f verdi\u011fini, bireyin bu hi\u00e7lik kar\u015f\u0131s\u0131nda bir cesaret nas\u0131l dikildi\u011fini g\u00f6steriyor. Sadece sandalye, masa, yatak gibi e\u015fyalar\u0131n kullan\u0131ld\u0131\u011f\u0131 tahtalarla \u00f6r\u00fcl\u00fc pencere ile izole edilmi\u015f bir otel odas\u0131nda, gardiyandan ba\u015fka insan olmayan, kendi sesinden ba\u015fka bir ses duyulmayan yerde insan nas\u0131l hayata tutunur? Her g\u00fcn rutin yap\u0131lan kontroller esnas\u0131nda, gardiyan\u0131n cebinden \u00e7al\u0131nd\u0131\u011f\u0131 d\u00fc\u015f\u00fcn\u00fclen! bir kitap ve bayat ekmek k\u0131r\u0131nt\u0131lar\u0131yla. Satran\u00e7 \u00f6yk\u00fcs\u00fcn\u00fcn tiyatro uyarlamas\u0131 da i\u015fte bu noktada ba\u015flar. Umut etmekte burada\u2026 Delilik de\u2026             Peki ya san\u0131ld\u0131\u011f\u0131 gibi hayata tutunacak \u015fey ger\u00e7ekte yoksa?             1938\u20131941 y\u0131llar\u0131 aras\u0131nda s\u00fcrg\u00fcn ya\u015fam\u0131ndaki son dura\u011f\u0131 olan Brezilya\u2019da yazd\u0131\u011f\u0131 ve 1942 y\u0131l\u0131nda Buenos Aires\u2019te yay\u0131mlad\u0131\u011f\u0131 Satran\u00e7, Zweig\u2019\u0131n edebiyata ve D\u00fcnya\u2019ya vedas\u0131d\u0131r. E\u015fi Lotte ile birlikte 22 \u015eubat 1942 tarihinde intihar etmeden \u00f6nce tamamlad\u0131\u011f\u0131 son yap\u0131tt\u0131r.             STEFAN ZWEIG&#8217;IN \u00c7\u00d6K\u00dc\u015e\u00dc             Eser, Stefan Zweig&#8217;\u0131n Brezilya&#8217;da ge\u00e7irdi\u011fi son g\u00fcnlerini anlat\u0131rken bir yandan Avrupa&#8217;n\u0131n nas\u0131l bir Orta\u00e7a\u011f karanl\u0131\u011f\u0131na d\u00fc\u015ft\u00fc\u011f\u00fcn\u00fc, bir yandan da ayd\u0131nlar\u0131n \u00fclkelerinden s\u00fcrg\u00fcn edili\u015fini, kimisinin Nazi&#8217;lerin elinde katledildi\u011fini kimisinin ise akli dengesini yitirerek \u00f6l\u00fcme terk edildi\u011fini ac\u0131 deneyimlerle g\u00f6sterir. Stefan Zweig\u2019\u0131n da \u00e7\u00f6k\u00fc\u015f\u00fc burada ba\u015flar. O \u00e7ok sevdi\u011fi Avrupa yan\u0131p k\u00fcl olmaktad\u0131r ve bir \u00e7\u00f6k\u00fc\u015f\u00fcn i\u00e7indedir. Zweig&#8217;\u0131n ruhu gibi. O &#8220;birisi bar\u0131\u015f\u0131 ba\u015flatmal\u0131 t\u0131pk\u0131 sava\u015f\u0131 ba\u015flatt\u0131\u011f\u0131 gibi&#8221; derken asl\u0131nda son yard\u0131m \u00e7\u0131\u011fl\u0131klar\u0131n\u0131 iletir fakat kimse duymaz. O da bu derin sessizlik i\u00e7inde art\u0131k i\u015fin i\u00e7inden \u00e7\u0131k\u0131lamayaca\u011f\u0131n\u0131 d\u00fc\u015f\u00fcn\u00fcr&#8230; Avrupa gibi gitgide kendi sonunu haz\u0131rlamaya ba\u015flar. <\/p>\n","protected":false},"excerpt":{"rendered":"<p>SATRAN\u00c7 Satran\u00e7 \u00f6yk\u00fcs\u00fcn\u00fcn sa\u011flam kurgusu d\u00f6neme farkl\u0131 bir pencereden bakmam\u0131za olanak sa\u011flamaktad\u0131r. \u00d6zg\u00fcr d\u00fc\u015f\u00fcncenin, demokrasinin, akl\u0131n, kin, nefret ve zorbal\u0131kla susturuldu\u011fu bir d\u00f6nemde Satran\u00e7, umudun bitti\u011fi<span class=\"excerpt-hellip\"> [\u2026]<\/span><\/p>\n","protected":false},"featured_media":0,"template":"","meta":{"_monsterinsights_skip_tracking":false,"_monsterinsights_sitenote_active":false,"_monsterinsights_sitenote_note":"","_monsterinsights_sitenote_category":0},"product_brand":[],"product_cat":[12291,15566],"product_tag":[],"class_list":{"0":"post-766707","1":"product","2":"type-product","3":"status-publish","5":"product_cat-edebiyat","6":"product_cat-oyun","7":"pa_cilt-ciltsiz","8":"pa_tur-kitap","9":"pa_yayinevi-bambu-kultur-yayinlar","10":"pa_yazar-ahmet-yapar","12":"first","13":"instock","14":"sale","15":"shipping-taxable","16":"purchasable","17":"product-type-simple"},"_links":{"self":[{"href":"https:\/\/roveyayinevi.com.tr\/index.php\/wp-json\/wp\/v2\/product\/766707","targetHints":{"allow":["GET"]}}],"collection":[{"href":"https:\/\/roveyayinevi.com.tr\/index.php\/wp-json\/wp\/v2\/product"}],"about":[{"href":"https:\/\/roveyayinevi.com.tr\/index.php\/wp-json\/wp\/v2\/types\/product"}],"wp:attachment":[{"href":"https:\/\/roveyayinevi.com.tr\/index.php\/wp-json\/wp\/v2\/media?parent=766707"}],"wp:term":[{"taxonomy":"product_brand","embeddable":true,"href":"https:\/\/roveyayinevi.com.tr\/index.php\/wp-json\/wp\/v2\/product_brand?post=766707"},{"taxonomy":"product_cat","embeddable":true,"href":"https:\/\/roveyayinevi.com.tr\/index.php\/wp-json\/wp\/v2\/product_cat?post=766707"},{"taxonomy":"product_tag","embeddable":true,"href":"https:\/\/roveyayinevi.com.tr\/index.php\/wp-json\/wp\/v2\/product_tag?post=766707"}],"curies":[{"name":"wp","href":"https:\/\/api.w.org\/{rel}","templated":true}]}}