{"id":766705,"date":"2025-08-28T12:22:24","date_gmt":"2025-08-28T09:22:24","guid":{"rendered":"https:\/\/roveyayinevi.com.tr\/index.php\/urun\/olum-uykudaydi\/"},"modified":"2026-04-15T03:32:36","modified_gmt":"2026-04-15T00:32:36","slug":"olum-uykudaydi","status":"publish","type":"product","link":"https:\/\/roveyayinevi.com.tr\/index.php\/urun\/olum-uykudaydi\/","title":{"rendered":"\u00d6l\u00fcm Uykudayd\u0131"},"content":{"rendered":"<p>\u00dclkede ordu y\u00f6netime el koymu\u015f ve t\u00fcm sa\u011f ya da sol kamplardan ayd\u0131n ve sanat\u00e7\u0131lara bir cad\u0131 av\u0131 ba\u015flatm\u0131\u015ft\u0131r. Bir m\u00fczisyen, bir yazar, bir ressam ve bir oyuncu ise tutulduklar\u0131 hapishanede ellerinde kalan tek de\u011feri, onurlar\u0131n\u0131 koruyabilmek ad\u0131na uykudaki \u00f6l\u00fcm\u00fc uyand\u0131rarak bir direni\u015fe, \u00f6l\u00fcm orucuna ba\u015flarlar&#8230; \u201c\u2026O d\u00f6nem biz gen\u00e7ler i\u00e7in daha bir beterdi. Bizler baz\u0131lar\u0131 i\u00e7in derttik. Kap\u0131lar zamanl\u0131 zamans\u0131z \u00e7al\u0131n\u0131rd\u0131. \u0130stendi\u011fi zaman.Say\u0131n heyet bize kar\u015f\u0131 giri\u015filen sald\u0131r\u0131 t\u00fcr\u00fcn\u00fcn, art\u0131k bizim bir politik tutuklu olmam\u0131z ya da olmamam\u0131zla bir ilgisi yoktu. Asl\u0131nda bizim ki\u015fili\u011fimizde, insanl\u0131\u011fa sald\u0131r\u0131yorlard\u0131.Onurlu bir \u00f6l\u00fcm\u00fc, b\u00f6yle bir ya\u015fama tercih ederim. Yeri geldi\u011finde \u00f6lmesini bilmeyen zaten \u00f6l\u00fcden farks\u0131zd\u0131r. Bizim bir \u00f6l\u00fcden fark\u0131m\u0131z m\u0131 var yoksa? Yok. Kutsal bildi\u011fimiz t\u00fcm de\u011ferler bize kar\u015f\u0131 kullan\u0131l\u0131yor. Biz de \u00f6l\u00fcm\u00fc onlara kar\u015f\u0131 silah olarak kullanmal\u0131y\u0131z.\u2026Sine\u011fin v\u0131z\u0131lt\u0131s\u0131 kesilmi\u015fti. Belli ki o da \u00f6lm\u00fc\u015ft\u00fc. T\u00fcm bunlar\u0131 d\u0131\u015far\u0131ya ta\u015f\u0131yacak birileri olmal\u0131yd\u0131, burada ya\u015fananlar\u0131 adam gibi anlatacak biri olmal\u0131yd\u0131\u2026 <\/p>\n","protected":false},"excerpt":{"rendered":"<p>\u00dclkede ordu y\u00f6netime el koymu\u015f ve t\u00fcm sa\u011f ya da sol kamplardan ayd\u0131n ve sanat\u00e7\u0131lara bir cad\u0131 av\u0131 ba\u015flatm\u0131\u015ft\u0131r. Bir m\u00fczisyen, bir yazar, bir ressam ve<span class=\"excerpt-hellip\"> [\u2026]<\/span><\/p>\n","protected":false},"featured_media":0,"template":"","meta":{"_monsterinsights_skip_tracking":false,"_monsterinsights_sitenote_active":false,"_monsterinsights_sitenote_note":"","_monsterinsights_sitenote_category":0},"product_brand":[],"product_cat":[12291,15566],"product_tag":[],"class_list":{"0":"post-766705","1":"product","2":"type-product","3":"status-publish","5":"product_cat-edebiyat","6":"product_cat-oyun","7":"pa_cilt-ciltsiz","8":"pa_tur-kitap","9":"pa_yayinevi-bambu-kultur-yayinlar","10":"pa_yazar-cuma-boynukara","12":"first","13":"instock","14":"sale","15":"shipping-taxable","16":"purchasable","17":"product-type-simple"},"_links":{"self":[{"href":"https:\/\/roveyayinevi.com.tr\/index.php\/wp-json\/wp\/v2\/product\/766705","targetHints":{"allow":["GET"]}}],"collection":[{"href":"https:\/\/roveyayinevi.com.tr\/index.php\/wp-json\/wp\/v2\/product"}],"about":[{"href":"https:\/\/roveyayinevi.com.tr\/index.php\/wp-json\/wp\/v2\/types\/product"}],"wp:attachment":[{"href":"https:\/\/roveyayinevi.com.tr\/index.php\/wp-json\/wp\/v2\/media?parent=766705"}],"wp:term":[{"taxonomy":"product_brand","embeddable":true,"href":"https:\/\/roveyayinevi.com.tr\/index.php\/wp-json\/wp\/v2\/product_brand?post=766705"},{"taxonomy":"product_cat","embeddable":true,"href":"https:\/\/roveyayinevi.com.tr\/index.php\/wp-json\/wp\/v2\/product_cat?post=766705"},{"taxonomy":"product_tag","embeddable":true,"href":"https:\/\/roveyayinevi.com.tr\/index.php\/wp-json\/wp\/v2\/product_tag?post=766705"}],"curies":[{"name":"wp","href":"https:\/\/api.w.org\/{rel}","templated":true}]}}