{"id":766704,"date":"2025-08-28T12:22:22","date_gmt":"2025-08-28T09:22:22","guid":{"rendered":"https:\/\/roveyayinevi.com.tr\/index.php\/urun\/buyuk-odul-2\/"},"modified":"2026-04-11T03:30:36","modified_gmt":"2026-04-11T00:30:36","slug":"buyuk-odul-2","status":"publish","type":"product","link":"https:\/\/roveyayinevi.com.tr\/index.php\/urun\/buyuk-odul-2\/","title":{"rendered":"B\u00fcy\u00fck \u00d6d\u00fcl"},"content":{"rendered":"<p>Sizi Mercan ile tan\u0131\u015ft\u0131ray\u0131m. Otizmli bir \u00e7ocuk o. Yani \u00f6zel bir \u00e7ocuk. Ta\u015f\u0131nd\u0131klar\u0131 yeni yerde Mercan, Sohbet Bakkal\u0131\u2019n\u0131n sahibi Patik nineyle ve \u015eelale isimli atla tan\u0131\u015f\u0131yor. Onlarla sohbet etmeye bay\u0131l\u0131yor. Bir de kedisi Mizito var. O da Mercan\u2019\u0131 dinlemeyi \u00e7ok seviyor. Sonra hep birlikte bir hik\u00e2yeye yol al\u0131yorlar. Var m\u0131s\u0131n, sen de \u201cSohbet Bakkal\u0131\u201dna misafir olmaya? Peki ya Mercan\u2019\u0131 t\u00fcm s\u0131cakl\u0131\u011f\u0131yla kucaklayan, sar\u0131p sarmalayan Patik nine ile tan\u0131\u015fmaya? Bir de b\u00fcy\u00fck \u00f6d\u00fcl\u00fc kazanmaya ne dersin? \u201cE peki b\u00fcy\u00fck \u00f6d\u00fcl de ne?\u201d diye soracaks\u0131n sen \u015fimdi. \u0130\u015fte cevab\u0131 bu kitapta, hi\u00e7 durma hemen okumaya ba\u015fla\u2026 <\/p>\n","protected":false},"excerpt":{"rendered":"<p>Sizi Mercan ile tan\u0131\u015ft\u0131ray\u0131m. Otizmli bir \u00e7ocuk o. Yani \u00f6zel bir \u00e7ocuk. Ta\u015f\u0131nd\u0131klar\u0131 yeni yerde Mercan, Sohbet Bakkal\u0131\u2019n\u0131n sahibi Patik nineyle ve \u015eelale isimli atla tan\u0131\u015f\u0131yor.<span class=\"excerpt-hellip\"> [\u2026]<\/span><\/p>\n","protected":false},"featured_media":0,"template":"","meta":{"_monsterinsights_skip_tracking":false,"_monsterinsights_sitenote_active":false,"_monsterinsights_sitenote_note":"","_monsterinsights_sitenote_category":0},"product_brand":[],"product_cat":[12274,12284],"product_tag":[],"class_list":{"0":"post-766704","1":"product","2":"type-product","3":"status-publish","5":"product_cat-cocuk-ve-genclik-kitaplari","6":"product_cat-hikayeler","7":"pa_cilt-ciltsiz","8":"pa_tur-kitap","9":"pa_yayinevi-nesil-cocuk-yayinlari","10":"pa_yazar-tulay-bilici","12":"first","13":"instock","14":"sale","15":"shipping-taxable","16":"purchasable","17":"product-type-simple"},"_links":{"self":[{"href":"https:\/\/roveyayinevi.com.tr\/index.php\/wp-json\/wp\/v2\/product\/766704","targetHints":{"allow":["GET"]}}],"collection":[{"href":"https:\/\/roveyayinevi.com.tr\/index.php\/wp-json\/wp\/v2\/product"}],"about":[{"href":"https:\/\/roveyayinevi.com.tr\/index.php\/wp-json\/wp\/v2\/types\/product"}],"wp:attachment":[{"href":"https:\/\/roveyayinevi.com.tr\/index.php\/wp-json\/wp\/v2\/media?parent=766704"}],"wp:term":[{"taxonomy":"product_brand","embeddable":true,"href":"https:\/\/roveyayinevi.com.tr\/index.php\/wp-json\/wp\/v2\/product_brand?post=766704"},{"taxonomy":"product_cat","embeddable":true,"href":"https:\/\/roveyayinevi.com.tr\/index.php\/wp-json\/wp\/v2\/product_cat?post=766704"},{"taxonomy":"product_tag","embeddable":true,"href":"https:\/\/roveyayinevi.com.tr\/index.php\/wp-json\/wp\/v2\/product_tag?post=766704"}],"curies":[{"name":"wp","href":"https:\/\/api.w.org\/{rel}","templated":true}]}}