{"id":766702,"date":"2025-08-28T12:22:19","date_gmt":"2025-08-28T09:22:19","guid":{"rendered":"https:\/\/roveyayinevi.com.tr\/index.php\/urun\/hadi-balkona-cikalim-bi-nefes-aliriz\/"},"modified":"2026-04-07T03:26:49","modified_gmt":"2026-04-07T00:26:49","slug":"hadi-balkona-cikalim-bi-nefes-aliriz","status":"publish","type":"product","link":"https:\/\/roveyayinevi.com.tr\/index.php\/urun\/hadi-balkona-cikalim-bi-nefes-aliriz\/","title":{"rendered":"Hadi Balkona \u00c7\u0131kal\u0131m Bi Nefes Al\u0131r\u0131z"},"content":{"rendered":"<p>Bu kitapta, \u201cKula\u011f\u0131n\u0131zdan \u0131spanak suyu d\u00f6k\u00fcp yan yatarsan\u0131z zihin detoksu yapars\u0131n\u0131z.\u201d gibi tavsiyeler yok. \u201cMutlulu\u011fun 5 s\u0131rr\u0131n\u0131 ke\u015ffetmek i\u00e7in aya\u011f\u0131n\u0131za so\u011fan kabu\u011fu sar\u0131n, \u00f6yle uyuyun.\u201d gibi tavsiyeler de yok. Bu kitapta toplum olarak foto\u011fraf\u0131m\u0131z var. Komik yanlar\u0131m\u0131z, olmam\u0131\u015fl\u0131klar\u0131m\u0131z, en insan yanlar\u0131m\u0131z, \u00e7abalar\u0131m\u0131z, bo\u015fa \u00e7ekti\u011fimiz k\u00fcreklerimiz, d\u00fc\u015fmelerimiz ve dizlerimizdeki yaralar\u0131m\u0131z var. <\/p>\n","protected":false},"excerpt":{"rendered":"<p>Bu kitapta, \u201cKula\u011f\u0131n\u0131zdan \u0131spanak suyu d\u00f6k\u00fcp yan yatarsan\u0131z zihin detoksu yapars\u0131n\u0131z.\u201d gibi tavsiyeler yok. \u201cMutlulu\u011fun 5 s\u0131rr\u0131n\u0131 ke\u015ffetmek i\u00e7in aya\u011f\u0131n\u0131za so\u011fan kabu\u011fu sar\u0131n, \u00f6yle uyuyun.\u201d gibi<span class=\"excerpt-hellip\"> [\u2026]<\/span><\/p>\n","protected":false},"featured_media":0,"template":"","meta":{"_monsterinsights_skip_tracking":false,"_monsterinsights_sitenote_active":false,"_monsterinsights_sitenote_note":"","_monsterinsights_sitenote_category":0},"product_brand":[],"product_cat":[12364,12376],"product_tag":[],"class_list":{"0":"post-766702","1":"product","2":"type-product","3":"status-publish","5":"product_cat-genel-konular","6":"product_cat-kisisel-gelisim","7":"pa_cilt-ciltsiz","8":"pa_tur-kitap","9":"pa_yayinevi-nesil-yayinlari","10":"pa_yazar-ezgi-akgul","12":"first","13":"instock","14":"sale","15":"shipping-taxable","16":"purchasable","17":"product-type-simple"},"_links":{"self":[{"href":"https:\/\/roveyayinevi.com.tr\/index.php\/wp-json\/wp\/v2\/product\/766702","targetHints":{"allow":["GET"]}}],"collection":[{"href":"https:\/\/roveyayinevi.com.tr\/index.php\/wp-json\/wp\/v2\/product"}],"about":[{"href":"https:\/\/roveyayinevi.com.tr\/index.php\/wp-json\/wp\/v2\/types\/product"}],"wp:attachment":[{"href":"https:\/\/roveyayinevi.com.tr\/index.php\/wp-json\/wp\/v2\/media?parent=766702"}],"wp:term":[{"taxonomy":"product_brand","embeddable":true,"href":"https:\/\/roveyayinevi.com.tr\/index.php\/wp-json\/wp\/v2\/product_brand?post=766702"},{"taxonomy":"product_cat","embeddable":true,"href":"https:\/\/roveyayinevi.com.tr\/index.php\/wp-json\/wp\/v2\/product_cat?post=766702"},{"taxonomy":"product_tag","embeddable":true,"href":"https:\/\/roveyayinevi.com.tr\/index.php\/wp-json\/wp\/v2\/product_tag?post=766702"}],"curies":[{"name":"wp","href":"https:\/\/api.w.org\/{rel}","templated":true}]}}