{"id":766701,"date":"2025-08-28T12:22:17","date_gmt":"2025-08-28T09:22:17","guid":{"rendered":"https:\/\/roveyayinevi.com.tr\/index.php\/urun\/tutsu-kutsal-duman\/"},"modified":"2026-04-15T03:32:36","modified_gmt":"2026-04-15T00:32:36","slug":"tutsu-kutsal-duman","status":"publish","type":"product","link":"https:\/\/roveyayinevi.com.tr\/index.php\/urun\/tutsu-kutsal-duman\/","title":{"rendered":"T\u00fcts\u00fc : Kutsal Duman"},"content":{"rendered":"<p>Koku, insanlar aras\u0131ndaki ileti\u015fimi en \u00e7ok etkileyen, insanlara huzur ve mutluluk veren bir duygudur. Bir\u00e7ok kokunun insan psikolojisi \u00fczerine do\u011frudan etkisi vard\u0131r. \u0130nsanlar\u0131n an\u0131lar\u0131n\u0131 canl\u0131 tutmada en \u00f6nemli fakt\u00f6rd\u00fcr. Bundan dolay\u0131 insanl\u0131\u011f\u0131n en erken evrelerinden ibaren insanlar g\u00fczel kokmak ve bulunduklar\u0131 ortam\u0131 g\u00fczel kokutmak i\u00e7in \u00e7aba sarf etmi\u015fler, k\u0131sa s\u00fcre i\u00e7inde do\u011fada bulunan her t\u00fcr g\u00fczel koku veren maddeyi ke\u015ffetmi\u015flerdir. \u0130nsan hayat\u0131nda bu kadar etkili olan koku k\u0131sa s\u00fcrede dini rit\u00fcellerin vazge\u00e7ilmez bir par\u00e7as\u0131 olmu\u015f, insanlar her t\u00fcr ayinde tanr\u0131lar\u0131 i\u00e7in t\u00fcts\u00fc yakmaya ba\u015flam\u0131\u015flard\u0131r. \u00dclkemizin en \u00f6nde gelen koku uzmanlar\u0131ndan Bihter T\u00fcrkan Erg\u00fcl taraf\u0131ndan kaleme al\u0131nan bu kitapta, S\u00fcmerler\u2019den g\u00fcn\u00fcm\u00fcze de\u011fin uzanan t\u00fcts\u00fc ve buhur geleneklerini, t\u00fcts\u00fc ve buhurun ne t\u00fcr kaplarda yap\u0131ld\u0131\u011f\u0131n\u0131, t\u00fcts\u00fcn\u00fcn dini rit\u00fcellerdeki yerini ve \u00f6nemini bulacaks\u0131n\u0131z. Bol resimlerle desteklenmi\u015f ve \u00f6zenle haz\u0131rlanm\u0131\u015f bu kitab\u0131, koku, t\u00fcts\u00fc ve buhura ilgi duyan herkesin zevkle okuyaca\u011f\u0131n\u0131 umuyoruz. <\/p>\n","protected":false},"excerpt":{"rendered":"<p>Koku, insanlar aras\u0131ndaki ileti\u015fimi en \u00e7ok etkileyen, insanlara huzur ve mutluluk veren bir duygudur. Bir\u00e7ok kokunun insan psikolojisi \u00fczerine do\u011frudan etkisi vard\u0131r. \u0130nsanlar\u0131n an\u0131lar\u0131n\u0131 canl\u0131 tutmada<span class=\"excerpt-hellip\"> [\u2026]<\/span><\/p>\n","protected":false},"featured_media":0,"template":"","meta":{"_monsterinsights_skip_tracking":false,"_monsterinsights_sitenote_active":false,"_monsterinsights_sitenote_note":"","_monsterinsights_sitenote_category":0},"product_brand":[],"product_cat":[12365,12364],"product_tag":[],"class_list":{"0":"post-766701","1":"product","2":"type-product","3":"status-publish","5":"product_cat-diger-genel-konular","6":"product_cat-genel-konular","7":"pa_cilt-ciltsiz","8":"pa_tur-kitap","9":"pa_yayinevi-myrina-yayinlari","10":"pa_yazar-bihter-turkan-ergul","12":"first","13":"instock","14":"sale","15":"shipping-taxable","16":"purchasable","17":"product-type-simple"},"_links":{"self":[{"href":"https:\/\/roveyayinevi.com.tr\/index.php\/wp-json\/wp\/v2\/product\/766701","targetHints":{"allow":["GET"]}}],"collection":[{"href":"https:\/\/roveyayinevi.com.tr\/index.php\/wp-json\/wp\/v2\/product"}],"about":[{"href":"https:\/\/roveyayinevi.com.tr\/index.php\/wp-json\/wp\/v2\/types\/product"}],"wp:attachment":[{"href":"https:\/\/roveyayinevi.com.tr\/index.php\/wp-json\/wp\/v2\/media?parent=766701"}],"wp:term":[{"taxonomy":"product_brand","embeddable":true,"href":"https:\/\/roveyayinevi.com.tr\/index.php\/wp-json\/wp\/v2\/product_brand?post=766701"},{"taxonomy":"product_cat","embeddable":true,"href":"https:\/\/roveyayinevi.com.tr\/index.php\/wp-json\/wp\/v2\/product_cat?post=766701"},{"taxonomy":"product_tag","embeddable":true,"href":"https:\/\/roveyayinevi.com.tr\/index.php\/wp-json\/wp\/v2\/product_tag?post=766701"}],"curies":[{"name":"wp","href":"https:\/\/api.w.org\/{rel}","templated":true}]}}