{"id":766700,"date":"2025-08-28T12:22:16","date_gmt":"2025-08-28T09:22:16","guid":{"rendered":"https:\/\/roveyayinevi.com.tr\/index.php\/urun\/iskit-kozmoloji-ve-sanati\/"},"modified":"2026-04-15T03:32:36","modified_gmt":"2026-04-15T00:32:36","slug":"iskit-kozmoloji-ve-sanati","status":"publish","type":"product","link":"https:\/\/roveyayinevi.com.tr\/index.php\/urun\/iskit-kozmoloji-ve-sanati\/","title":{"rendered":"\u0130skit Kozmoloji ve Sanat\u0131"},"content":{"rendered":"<p>\u201c\u0130skit Kozmoloji ve Sanat\u0131\u201d adl\u0131 bu \u00e7al\u0131\u015fma, Ara\u015ft\u0131rmac\u0131 Yazar Onur Yi\u011fit\u2019in uzun s\u00fcren kapsaml\u0131 ara\u015ft\u0131rmalar\u0131n\u0131n sonu\u00e7lar\u0131n\u0131 i\u00e7ermektedir. Onur Yi\u011fit, Orta Asya k\u00fclt\u00fcrlerinin, \u015eamanizm\u2019in, \u00f6zellikle de \u0130skit k\u00fclt\u00fcr\u00fcn\u00fcn Bat\u0131 k\u00fclt\u00fcr\u00fcn\u00fc nas\u0131l etkiledi\u011fini, sanat eserleri ve yaz\u0131l\u0131 kaynaklardan yola \u00e7\u0131karak bir\u00e7ok \u00f6rnekle a\u00e7\u0131klamaya \u00e7al\u0131\u015f\u0131yor. \u00d6zellikle dini rit\u00fceller ve bu rit\u00fcellerde kullan\u0131lan bir\u00e7ok sembol ve uygulama dolayl\u0131 yollardan Bat\u0131 k\u00fclt\u00fc- r\u00fcne ge\u00e7mi\u015f, k\u00fc\u00e7\u00fck de\u011fi\u015fikliklerle g\u00fcn\u00fcm\u00fcze kadar ula\u015fm\u0131\u015ft\u0131r. \u00d6zellikle Paz\u0131r\u0131k\u2019taki kurganlarda yap\u0131lan kaz\u0131lar ve burada bulunan her biri sanat \u015faheseri olan eserler, bu b\u00f6lgedeki k\u00fclt\u00fcr\u00fcn ne seviyede oldu\u011funu g\u00f6zler \u00f6n\u00fcne sermektedir. B\u00f6ylesine geli\u015fmi\u015f bir k\u00fclt\u00fcr ve sanat ebetteki kendili\u011finden birdenbire yok olmam\u0131\u015ft\u0131r. Mutlaka ba\u015fka k\u00fclt\u00fcrleri etkilemi\u015f ve orada yeniden hayat bulmu\u015ftur. Elinizde tutmu\u015f oldu\u011funuz bu kitapta, hem \u0130skit k\u00fclt\u00fcr\u00fc ve sanat\u0131n\u0131n kozmolojik k\u00f6kenlerini hem de bu sanat\u0131n g\u00f6\u00e7ler yoluyla nerelere nas\u0131l ula\u015ft\u0131\u011f\u0131n\u0131 g\u00f6receksiniz. <\/p>\n","protected":false},"excerpt":{"rendered":"<p>\u201c\u0130skit Kozmoloji ve Sanat\u0131\u201d adl\u0131 bu \u00e7al\u0131\u015fma, Ara\u015ft\u0131rmac\u0131 Yazar Onur Yi\u011fit\u2019in uzun s\u00fcren kapsaml\u0131 ara\u015ft\u0131rmalar\u0131n\u0131n sonu\u00e7lar\u0131n\u0131 i\u00e7ermektedir. Onur Yi\u011fit, Orta Asya k\u00fclt\u00fcrlerinin, \u015eamanizm\u2019in, \u00f6zellikle de \u0130skit<span class=\"excerpt-hellip\"> [\u2026]<\/span><\/p>\n","protected":false},"featured_media":0,"template":"","meta":{"_monsterinsights_skip_tracking":false,"_monsterinsights_sitenote_active":false,"_monsterinsights_sitenote_note":"","_monsterinsights_sitenote_category":0},"product_brand":[],"product_cat":[52477,52478],"product_tag":[],"class_list":{"0":"post-766700","1":"product","2":"type-product","3":"status-publish","5":"product_cat-arastirma","6":"product_cat-arkeoloji","7":"pa_cilt-ciltsiz","8":"pa_tur-kitap","9":"pa_yayinevi-myrina-yayinlari","10":"pa_yazar-onur-yigit","12":"first","13":"instock","14":"sale","15":"shipping-taxable","16":"purchasable","17":"product-type-simple"},"_links":{"self":[{"href":"https:\/\/roveyayinevi.com.tr\/index.php\/wp-json\/wp\/v2\/product\/766700","targetHints":{"allow":["GET"]}}],"collection":[{"href":"https:\/\/roveyayinevi.com.tr\/index.php\/wp-json\/wp\/v2\/product"}],"about":[{"href":"https:\/\/roveyayinevi.com.tr\/index.php\/wp-json\/wp\/v2\/types\/product"}],"wp:attachment":[{"href":"https:\/\/roveyayinevi.com.tr\/index.php\/wp-json\/wp\/v2\/media?parent=766700"}],"wp:term":[{"taxonomy":"product_brand","embeddable":true,"href":"https:\/\/roveyayinevi.com.tr\/index.php\/wp-json\/wp\/v2\/product_brand?post=766700"},{"taxonomy":"product_cat","embeddable":true,"href":"https:\/\/roveyayinevi.com.tr\/index.php\/wp-json\/wp\/v2\/product_cat?post=766700"},{"taxonomy":"product_tag","embeddable":true,"href":"https:\/\/roveyayinevi.com.tr\/index.php\/wp-json\/wp\/v2\/product_tag?post=766700"}],"curies":[{"name":"wp","href":"https:\/\/api.w.org\/{rel}","templated":true}]}}