{"id":766699,"date":"2025-08-28T12:22:14","date_gmt":"2025-08-28T09:22:14","guid":{"rendered":"https:\/\/roveyayinevi.com.tr\/index.php\/urun\/yoksun-3\/"},"modified":"2026-04-15T03:32:36","modified_gmt":"2026-04-15T00:32:36","slug":"yoksun-3","status":"publish","type":"product","link":"https:\/\/roveyayinevi.com.tr\/index.php\/urun\/yoksun-3\/","title":{"rendered":"Yoksun"},"content":{"rendered":"<p>Yoksun; a\u00e7l\u0131ktan \u00f6lmek \u00fczere olan Afrikal\u0131 k\u00fc\u00e7\u00fck k\u0131z \u00e7ocu\u011fu ve tepesinde onun \u00f6lmesini bekleyen akbabay\u0131 yans\u0131tan foto\u011fraf\u0131 ile Pulitzer \u00d6d\u00fcl\u00fc&#8217;n\u00fc kazand\u0131ran Kevin Carter&#8217;\u0131n hik\u00e2yesini anlat\u0131yor.Carter&#8217;\u0131n, \u00e7ekti\u011fi bu foto\u011fraf y\u0131llar sonra Afrika&#8217;daki \u0131st\u0131rab\u0131n ikonu oldu.\u00c7ocu\u011fu orada \u00f6ylece b\u0131rak\u0131p giden, bu nedenle de yo\u011fun ele\u015ftiriler alan Carter &#8220;Profesyonel foto\u011fraf\u00e7\u0131 oldu\u011funu, yard\u0131m g\u00f6revlisi olmad\u0131\u011f\u0131n\u0131&#8221; s\u00f6yleyerek kendisini savunmu\u015f ancak &#8220;o an&#8221; kendi trajedisinin ba\u015flang\u0131c\u0131 olmu\u015ftu. <\/p>\n","protected":false},"excerpt":{"rendered":"<p>Yoksun; a\u00e7l\u0131ktan \u00f6lmek \u00fczere olan Afrikal\u0131 k\u00fc\u00e7\u00fck k\u0131z \u00e7ocu\u011fu ve tepesinde onun \u00f6lmesini bekleyen akbabay\u0131 yans\u0131tan foto\u011fraf\u0131 ile Pulitzer \u00d6d\u00fcl\u00fc&#8217;n\u00fc kazand\u0131ran Kevin Carter&#8217;\u0131n hik\u00e2yesini anlat\u0131yor.Carter&#8217;\u0131n, \u00e7ekti\u011fi<span class=\"excerpt-hellip\"> [\u2026]<\/span><\/p>\n","protected":false},"featured_media":0,"template":"","meta":{"_monsterinsights_skip_tracking":false,"_monsterinsights_sitenote_active":false,"_monsterinsights_sitenote_note":"","_monsterinsights_sitenote_category":0},"product_brand":[],"product_cat":[12291,15566],"product_tag":[],"class_list":{"0":"post-766699","1":"product","2":"type-product","3":"status-publish","5":"product_cat-edebiyat","6":"product_cat-oyun","7":"pa_cilt-ciltsiz","8":"pa_tur-kitap","9":"pa_yayinevi-bambu-kultur-yayinlar","10":"pa_yazar-cuma-boynukara","12":"first","13":"instock","14":"sale","15":"shipping-taxable","16":"purchasable","17":"product-type-simple"},"_links":{"self":[{"href":"https:\/\/roveyayinevi.com.tr\/index.php\/wp-json\/wp\/v2\/product\/766699","targetHints":{"allow":["GET"]}}],"collection":[{"href":"https:\/\/roveyayinevi.com.tr\/index.php\/wp-json\/wp\/v2\/product"}],"about":[{"href":"https:\/\/roveyayinevi.com.tr\/index.php\/wp-json\/wp\/v2\/types\/product"}],"wp:attachment":[{"href":"https:\/\/roveyayinevi.com.tr\/index.php\/wp-json\/wp\/v2\/media?parent=766699"}],"wp:term":[{"taxonomy":"product_brand","embeddable":true,"href":"https:\/\/roveyayinevi.com.tr\/index.php\/wp-json\/wp\/v2\/product_brand?post=766699"},{"taxonomy":"product_cat","embeddable":true,"href":"https:\/\/roveyayinevi.com.tr\/index.php\/wp-json\/wp\/v2\/product_cat?post=766699"},{"taxonomy":"product_tag","embeddable":true,"href":"https:\/\/roveyayinevi.com.tr\/index.php\/wp-json\/wp\/v2\/product_tag?post=766699"}],"curies":[{"name":"wp","href":"https:\/\/api.w.org\/{rel}","templated":true}]}}