{"id":766696,"date":"2025-08-28T12:22:06","date_gmt":"2025-08-28T09:22:06","guid":{"rendered":"https:\/\/roveyayinevi.com.tr\/index.php\/urun\/kelebekler-kanat-cirpinca\/"},"modified":"2026-04-15T03:32:36","modified_gmt":"2026-04-15T00:32:36","slug":"kelebekler-kanat-cirpinca","status":"publish","type":"product","link":"https:\/\/roveyayinevi.com.tr\/index.php\/urun\/kelebekler-kanat-cirpinca\/","title":{"rendered":"Kelebekler Kanat \u00c7\u0131rp\u0131nca"},"content":{"rendered":"<p>Genelevde bir kad\u0131na i\u015faret etti. Kad\u0131n oda numaras\u0131n\u0131 s\u00f6yledi. Belirtilen odaya \u00e7\u0131k\u0131p yata\u011f\u0131n \u00fcst\u00fcne oturdu. Tedirgindi. Kad\u0131n odan\u0131n kap\u0131s\u0131nda belirdi, \u201cNiye soyunmad\u0131n sen?\u201d diye sordu sert\u00e7e. Soruya, \u201cBenim derdim ba\u015fka, ordudan ayr\u0131lmak istiyorum. Benimle formaliteden evlenir misiniz?\u201d diyerek, soruyla kar\u015f\u0131l\u0131k verdi. Ama \u00f6yle bir kar\u015f\u0131l\u0131k ald\u0131 ki\u2026 *** Irak\u2019a yap\u0131lan operasyon ilk g\u00fcnlerinde t\u0131kanm\u0131\u015f, \u00e7ok say\u0131da \u015fehit verilmi\u015fti. 15 g\u00fcn\u00fcn sonunda nihayet Zap\u2019\u0131n derinliklerine ilerlemeye ba\u015flanm\u0131\u015ft\u0131. Tam o s\u0131rada, d\u00f6nemin Genelkurmay 2. Ba\u015fkan\u0131, Harek\u00e2t\u0131 y\u00f6neten Kolordu Komutan\u0131n\u0131 arad\u0131 ve \u201cABD\u2019lilerin, operasyonun durmas\u0131n\u0131 istediklerini\u201d s\u00f6yledi. Kolordu Komutan\u0131, \u201cAma\u00e7lar\u0131 belli. PKK\u2019l\u0131lar\u0131n b\u00f6lgeden s\u0131yr\u0131lmas\u0131n\u0131 istiyorlar. Bu iste\u011fi yerine getirmeyece\u011fim komutan\u0131m!\u201d diye kar\u015f\u0131l\u0131k verip telefonu \u00f6yle \u00f6fkeyle kapatt\u0131 ki telefonun ahizesi k\u0131r\u0131lm\u0131\u015ft\u0131! Sonra \u00f6yle \u015feyler olacakt\u0131 ki\u2026 *** Okurken, bazen \u00e7\u00f6pten ekmek toplayan \u00e7ocuk, bazen bitlerin v\u00fccudunda dans etti\u011fi \u00f6\u011frenci, bazen \u00e7ok kritik bir ameliyat ile hastas\u0131na hayat veren cerrah; Bazen ye\u015fil sahalarda hakem, bazen \u00e7at\u0131\u015fman\u0131n ortas\u0131nda asker, bazen Irak\u2019\u0131n kuzeyindeki \u00fcs b\u00f6lgesinde sabah karavanaya ka\u015f\u0131k sallarken ak\u015fam Paris\u2019te l\u00fcks bir lokantada yemek yiyen bir insan, bazen kumpasa u\u011fray\u0131p cezaevinde \u00e7ile dolduran subay olacak; Bazen h\u00fcng\u00fcr h\u00fcng\u00fcr a\u011flayacak, bazen \u00f6fkelenecek, bazen kahkahalarla g\u00fclecek, \u00e7o\u011fu kez hayret edeceksiniz! <\/p>\n","protected":false},"excerpt":{"rendered":"<p>Genelevde bir kad\u0131na i\u015faret etti. Kad\u0131n oda numaras\u0131n\u0131 s\u00f6yledi. Belirtilen odaya \u00e7\u0131k\u0131p yata\u011f\u0131n \u00fcst\u00fcne oturdu. Tedirgindi. Kad\u0131n odan\u0131n kap\u0131s\u0131nda belirdi, \u201cNiye soyunmad\u0131n sen?\u201d diye sordu sert\u00e7e.<span class=\"excerpt-hellip\"> [\u2026]<\/span><\/p>\n","protected":false},"featured_media":0,"template":"","meta":{"_monsterinsights_skip_tracking":false,"_monsterinsights_sitenote_active":false,"_monsterinsights_sitenote_note":"","_monsterinsights_sitenote_category":0},"product_brand":[],"product_cat":[13072,12291],"product_tag":[],"class_list":{"0":"post-766696","1":"product","2":"type-product","3":"status-publish","5":"product_cat-arastirma-inceleme-referans","6":"product_cat-edebiyat","7":"pa_cilt-ciltsiz","8":"pa_tur-kitap","9":"pa_yayinevi-kirmizi-kedi-yayinevi","10":"pa_yazar-mustafa-onsel","12":"first","13":"instock","14":"sale","15":"shipping-taxable","16":"purchasable","17":"product-type-simple"},"_links":{"self":[{"href":"https:\/\/roveyayinevi.com.tr\/index.php\/wp-json\/wp\/v2\/product\/766696","targetHints":{"allow":["GET"]}}],"collection":[{"href":"https:\/\/roveyayinevi.com.tr\/index.php\/wp-json\/wp\/v2\/product"}],"about":[{"href":"https:\/\/roveyayinevi.com.tr\/index.php\/wp-json\/wp\/v2\/types\/product"}],"wp:attachment":[{"href":"https:\/\/roveyayinevi.com.tr\/index.php\/wp-json\/wp\/v2\/media?parent=766696"}],"wp:term":[{"taxonomy":"product_brand","embeddable":true,"href":"https:\/\/roveyayinevi.com.tr\/index.php\/wp-json\/wp\/v2\/product_brand?post=766696"},{"taxonomy":"product_cat","embeddable":true,"href":"https:\/\/roveyayinevi.com.tr\/index.php\/wp-json\/wp\/v2\/product_cat?post=766696"},{"taxonomy":"product_tag","embeddable":true,"href":"https:\/\/roveyayinevi.com.tr\/index.php\/wp-json\/wp\/v2\/product_tag?post=766696"}],"curies":[{"name":"wp","href":"https:\/\/api.w.org\/{rel}","templated":true}]}}