{"id":766693,"date":"2025-08-28T12:22:00","date_gmt":"2025-08-28T09:22:00","guid":{"rendered":"https:\/\/roveyayinevi.com.tr\/index.php\/urun\/lanetli-prenses-kulubu-1\/"},"modified":"2026-04-15T03:32:36","modified_gmt":"2026-04-15T00:32:36","slug":"lanetli-prenses-kulubu-1","status":"publish","type":"product","link":"https:\/\/roveyayinevi.com.tr\/index.php\/urun\/lanetli-prenses-kulubu-1\/","title":{"rendered":"Lanetli Prenses Kul\u00fcb\u00fc 1"},"content":{"rendered":"<p>EN \u0130Y\u0130 M\u0130ZAH WEBCOMIC KATEGOR\u0130S\u0130NDE RINGO \u00d6D\u00dcL\u00dc ADAYLI\u011eI   GWENDOLYN\u2019LE TANI\u015eIN \u2014 Prenseslerin her zaman her \u015feye sahip olamayacaklar\u0131n\u0131n canl\u0131 kan\u0131t\u0131 o.  Gwendolyn bir kalede ya\u015f\u0131yor ve babas\u0131 da bir kral ancak kendisi ne bir masal prensesine benziyor ne de yeterince \u00e7ekici&#8230; Fakat bir gece yanl\u0131\u015fl\u0131kla Lanetli Prenses Kul\u00fcb\u00fc&#8217;n\u00fcn \u00e7arp\u0131k d\u00fcnyas\u0131na ad\u0131m atmas\u0131yla hayat\u0131 asla eskisi gibi olmayacak&#8230; Lanetlenmi\u015f ve d\u0131\u015flanm\u0131\u015f bu kad\u0131nlar, Gwendolyn&#8217;in kal\u0131ba uymamas\u0131na&#8221; ra\u011fmen en az di\u011ferleri kadar prenses oldu\u011funu fark etmesi i\u00e7in tam da ihtiya\u00e7 duydu\u011fu ki\u015filer&#8230;   \u201cSevimli\u201d tasar\u0131m\u0131 ve pek \u00e7ok insanda merak uyand\u0131ran e\u011flenceli hik\u00e2yesiyle ho\u015f bir \u00e7izgi roman. Hepimize, d\u00fcnyaya g\u00fczellik bor\u00e7lu olmad\u0131\u011f\u0131m\u0131z\u0131 ve ger\u00e7ekte oldu\u011fumuz gibi sevilmek i\u00e7in illa fiziksel olarak \u00e7ekici olmam\u0131z\u0131n gerekmedi\u011fini hat\u0131rlat\u0131yor.   \u2014  Sequential Planet <\/p>\n","protected":false},"excerpt":{"rendered":"<p>EN \u0130Y\u0130 M\u0130ZAH WEBCOMIC KATEGOR\u0130S\u0130NDE RINGO \u00d6D\u00dcL\u00dc ADAYLI\u011eI GWENDOLYN\u2019LE TANI\u015eIN \u2014 Prenseslerin her zaman her \u015feye sahip olamayacaklar\u0131n\u0131n canl\u0131 kan\u0131t\u0131 o. Gwendolyn bir kalede ya\u015f\u0131yor ve<span class=\"excerpt-hellip\"> [\u2026]<\/span><\/p>\n","protected":false},"featured_media":0,"template":"","meta":{"_monsterinsights_skip_tracking":false,"_monsterinsights_sitenote_active":false,"_monsterinsights_sitenote_note":"","_monsterinsights_sitenote_category":0},"product_brand":[],"product_cat":[12689,12274],"product_tag":[],"class_list":{"0":"post-766693","1":"product","2":"type-product","3":"status-publish","5":"product_cat-cizgi-roman-cocuk-ve-genclik-kitaplari","6":"product_cat-cocuk-ve-genclik-kitaplari","7":"pa_cilt-ciltsiz","8":"pa_tur-kitap","9":"pa_yayinevi-athica-yayinlari","10":"pa_yazar-lambcat","12":"first","13":"instock","14":"sale","15":"shipping-taxable","16":"purchasable","17":"product-type-simple"},"_links":{"self":[{"href":"https:\/\/roveyayinevi.com.tr\/index.php\/wp-json\/wp\/v2\/product\/766693","targetHints":{"allow":["GET"]}}],"collection":[{"href":"https:\/\/roveyayinevi.com.tr\/index.php\/wp-json\/wp\/v2\/product"}],"about":[{"href":"https:\/\/roveyayinevi.com.tr\/index.php\/wp-json\/wp\/v2\/types\/product"}],"wp:attachment":[{"href":"https:\/\/roveyayinevi.com.tr\/index.php\/wp-json\/wp\/v2\/media?parent=766693"}],"wp:term":[{"taxonomy":"product_brand","embeddable":true,"href":"https:\/\/roveyayinevi.com.tr\/index.php\/wp-json\/wp\/v2\/product_brand?post=766693"},{"taxonomy":"product_cat","embeddable":true,"href":"https:\/\/roveyayinevi.com.tr\/index.php\/wp-json\/wp\/v2\/product_cat?post=766693"},{"taxonomy":"product_tag","embeddable":true,"href":"https:\/\/roveyayinevi.com.tr\/index.php\/wp-json\/wp\/v2\/product_tag?post=766693"}],"curies":[{"name":"wp","href":"https:\/\/api.w.org\/{rel}","templated":true}]}}