{"id":766691,"date":"2025-08-28T12:21:56","date_gmt":"2025-08-28T09:21:56","guid":{"rendered":"https:\/\/roveyayinevi.com.tr\/index.php\/urun\/soyagacini-sifalandirma-rehberi\/"},"modified":"2026-04-15T03:32:36","modified_gmt":"2026-04-15T00:32:36","slug":"soyagacini-sifalandirma-rehberi","status":"publish","type":"product","link":"https:\/\/roveyayinevi.com.tr\/index.php\/urun\/soyagacini-sifalandirma-rehberi\/","title":{"rendered":"Soya\u011fac\u0131n\u0131 \u015eifaland\u0131rma Rehberi"},"content":{"rendered":"<p>BUG\u00dcN\u00dcN EN DER\u0130N YARALARININ \u00c7\u00d6Z\u00dcM\u00dc, GE\u00c7M\u0130\u015eTE SAKLI&#8230;   Hayat\u0131n\u0131zda tekrar tekrar kar\u015f\u0131la\u015ft\u0131\u011f\u0131n\u0131z sorunlar\u0131n\u0131z m\u0131 var? \u0130simler, yerler, y\u00fczler, adresler hatta \u015fehirler de\u011fi\u015fse bile problemler hep ayn\u0131 m\u0131 kal\u0131yor? Ne yapsan\u0131z olmuyor ve hayat sizi \u015fa\u015f\u0131rtmay\u0131 s\u00fcrd\u00fcr\u00fcyor mu? Gelen, gideni arat\u0131yor mu? Belki de \u00e7\u00f6z\u00fcm, sand\u0131\u011f\u0131n\u0131z gibi bug\u00fcnde de\u011fil; k\u00f6klerinizde, ge\u00e7mi\u015finizde&#8230; Atalar\u0131m\u0131z\u0131n dedi\u011fi gibi: Dede erik yemi\u015f, torunun di\u015fi kama\u015fm\u0131\u015f&#8230; Kendinizi i\u00e7inden \u00e7\u0131k\u0131lamaz bir d\u00f6ng\u00fcn\u00fcn esiri gibi hissediyorsan\u0131z soya\u011fac\u0131n\u0131z\u0131 \u015fifaland\u0131rman\u0131n zaman\u0131 geldi. Bu kitap, ge\u00e7mi\u015fin izlerini silmek, sizi ve sevdiklerinizi \u00f6zg\u00fcrle\u015ftirmek i\u00e7in bir rehber. Ge\u00e7mi\u015ften gelen s\u0131navlar\u0131, karmalar\u0131 temizlemeniz, insanlarla helalle\u015fmeniz ve huzura do\u011fru bir ad\u0131m atman\u0131z i\u00e7in yol g\u00f6sterecek. Kendi hik\u00e2yenizi yeniden yazmak i\u00e7in bir ad\u0131m at\u0131n&#8230; <\/p>\n","protected":false},"excerpt":{"rendered":"<p>BUG\u00dcN\u00dcN EN DER\u0130N YARALARININ \u00c7\u00d6Z\u00dcM\u00dc, GE\u00c7M\u0130\u015eTE SAKLI&#8230; Hayat\u0131n\u0131zda tekrar tekrar kar\u015f\u0131la\u015ft\u0131\u011f\u0131n\u0131z sorunlar\u0131n\u0131z m\u0131 var? \u0130simler, yerler, y\u00fczler, adresler hatta \u015fehirler de\u011fi\u015fse bile problemler hep ayn\u0131 m\u0131<span class=\"excerpt-hellip\"> [\u2026]<\/span><\/p>\n","protected":false},"featured_media":0,"template":"","meta":{"_monsterinsights_skip_tracking":false,"_monsterinsights_sitenote_active":false,"_monsterinsights_sitenote_note":"","_monsterinsights_sitenote_category":0},"product_brand":[],"product_cat":[12364,12376],"product_tag":[],"class_list":{"0":"post-766691","1":"product","2":"type-product","3":"status-publish","5":"product_cat-genel-konular","6":"product_cat-kisisel-gelisim","7":"pa_cilt-ciltsiz","8":"pa_tur-kitap","9":"pa_yayinevi-destek-yayinlari","10":"pa_yazar-bulent-gardiyanoglu","12":"first","13":"instock","14":"sale","15":"shipping-taxable","16":"purchasable","17":"product-type-simple"},"_links":{"self":[{"href":"https:\/\/roveyayinevi.com.tr\/index.php\/wp-json\/wp\/v2\/product\/766691","targetHints":{"allow":["GET"]}}],"collection":[{"href":"https:\/\/roveyayinevi.com.tr\/index.php\/wp-json\/wp\/v2\/product"}],"about":[{"href":"https:\/\/roveyayinevi.com.tr\/index.php\/wp-json\/wp\/v2\/types\/product"}],"wp:attachment":[{"href":"https:\/\/roveyayinevi.com.tr\/index.php\/wp-json\/wp\/v2\/media?parent=766691"}],"wp:term":[{"taxonomy":"product_brand","embeddable":true,"href":"https:\/\/roveyayinevi.com.tr\/index.php\/wp-json\/wp\/v2\/product_brand?post=766691"},{"taxonomy":"product_cat","embeddable":true,"href":"https:\/\/roveyayinevi.com.tr\/index.php\/wp-json\/wp\/v2\/product_cat?post=766691"},{"taxonomy":"product_tag","embeddable":true,"href":"https:\/\/roveyayinevi.com.tr\/index.php\/wp-json\/wp\/v2\/product_tag?post=766691"}],"curies":[{"name":"wp","href":"https:\/\/api.w.org\/{rel}","templated":true}]}}