{"id":766689,"date":"2025-08-28T12:21:51","date_gmt":"2025-08-28T09:21:51","guid":{"rendered":"https:\/\/roveyayinevi.com.tr\/index.php\/urun\/defolu-kelimeler\/"},"modified":"2026-04-15T03:32:36","modified_gmt":"2026-04-15T00:32:36","slug":"defolu-kelimeler","status":"publish","type":"product","link":"https:\/\/roveyayinevi.com.tr\/index.php\/urun\/defolu-kelimeler\/","title":{"rendered":"Defolu Kelimeler"},"content":{"rendered":"<p>B\u0130ZLER, AYNI ACILARI PAYLA\u015eAN YABANCILARIZ. \u00d6L\u00dcM\u00dcN MUTLAK GER\u00c7EK OLDU\u011eU BU D\u00dcNYADA, H\u0130\u00c7B\u0130R \u015eEY KALICI DE\u011e\u0130LD\u0130R. TUTUNACAK DAL B\u0130LE!   Birka\u00e7 \u015fiir yazd\u0131m ge\u00e7en g\u00fcn. Sonra y\u0131rt\u0131p att\u0131m. Fazlal\u0131klar\u0131 da bir kitab\u0131n aras\u0131na s\u0131k\u0131\u015ft\u0131rd\u0131m. \u015eimdi daha iyi anlad\u0131m. Y\u0131rt\u0131p att\u0131klar\u0131m, fazlal\u0131klar\u0131mdan farks\u0131zm\u0131\u015f. \u00c7ok \u015fey yazm\u0131\u015ft\u0131m, bir kitab\u0131n aras\u0131nda saklanaca\u011f\u0131n\u0131 bilmeden. \u00c7ok \u015fey ya\u015fam\u0131\u015ft\u0131m, kelimelerin defolu oldu\u011funu bilmeden. Sevgili okur:Kimi insanlar vard\u0131r, tutunacak dal aram\u0131\u015ft\u0131r. Kimi insanlar vard\u0131r, tutunacak dala sahip olamam\u0131\u015ft\u0131r. Ve kimi insanlar vard\u0131r, tutunacak dala tutunmu\u015f ancak ait olamam\u0131\u015ft\u0131r. Afiyet olsun. <\/p>\n","protected":false},"excerpt":{"rendered":"<p>B\u0130ZLER, AYNI ACILARI PAYLA\u015eAN YABANCILARIZ. \u00d6L\u00dcM\u00dcN MUTLAK GER\u00c7EK OLDU\u011eU BU D\u00dcNYADA, H\u0130\u00c7B\u0130R \u015eEY KALICI DE\u011e\u0130LD\u0130R. TUTUNACAK DAL B\u0130LE! Birka\u00e7 \u015fiir yazd\u0131m ge\u00e7en g\u00fcn. Sonra y\u0131rt\u0131p att\u0131m.<span class=\"excerpt-hellip\"> [\u2026]<\/span><\/p>\n","protected":false},"featured_media":0,"template":"","meta":{"_monsterinsights_skip_tracking":false,"_monsterinsights_sitenote_active":false,"_monsterinsights_sitenote_note":"","_monsterinsights_sitenote_category":0},"product_brand":[],"product_cat":[12777,12291],"product_tag":[],"class_list":{"0":"post-766689","1":"product","2":"type-product","3":"status-publish","5":"product_cat-deneme","6":"product_cat-edebiyat","7":"pa_cilt-ciltsiz","8":"pa_tur-kitap","9":"pa_yayinevi-destek-yayinlari","10":"pa_yazar-fars-meyus","12":"first","13":"instock","14":"sale","15":"shipping-taxable","16":"purchasable","17":"product-type-simple"},"_links":{"self":[{"href":"https:\/\/roveyayinevi.com.tr\/index.php\/wp-json\/wp\/v2\/product\/766689","targetHints":{"allow":["GET"]}}],"collection":[{"href":"https:\/\/roveyayinevi.com.tr\/index.php\/wp-json\/wp\/v2\/product"}],"about":[{"href":"https:\/\/roveyayinevi.com.tr\/index.php\/wp-json\/wp\/v2\/types\/product"}],"wp:attachment":[{"href":"https:\/\/roveyayinevi.com.tr\/index.php\/wp-json\/wp\/v2\/media?parent=766689"}],"wp:term":[{"taxonomy":"product_brand","embeddable":true,"href":"https:\/\/roveyayinevi.com.tr\/index.php\/wp-json\/wp\/v2\/product_brand?post=766689"},{"taxonomy":"product_cat","embeddable":true,"href":"https:\/\/roveyayinevi.com.tr\/index.php\/wp-json\/wp\/v2\/product_cat?post=766689"},{"taxonomy":"product_tag","embeddable":true,"href":"https:\/\/roveyayinevi.com.tr\/index.php\/wp-json\/wp\/v2\/product_tag?post=766689"}],"curies":[{"name":"wp","href":"https:\/\/api.w.org\/{rel}","templated":true}]}}