{"id":766687,"date":"2025-08-28T12:21:46","date_gmt":"2025-08-28T09:21:46","guid":{"rendered":"https:\/\/roveyayinevi.com.tr\/index.php\/urun\/canim-ogretmenim-2\/"},"modified":"2026-04-13T03:27:51","modified_gmt":"2026-04-13T00:27:51","slug":"canim-ogretmenim-2","status":"publish","type":"product","link":"https:\/\/roveyayinevi.com.tr\/index.php\/urun\/canim-ogretmenim-2\/","title":{"rendered":"Can\u0131m \u00d6\u011fretmenim"},"content":{"rendered":"<p>Kimdir her g\u00fcn d\u00fcnyay\u0131 de\u011fi\u015ftiren? Yeteneklerimizi birle\u015ftiren? En b\u00fcy\u00fck zorluklara kar\u015f\u0131 bizi \u00f6\u011fretmendir sevgiyle yeti\u015ftiren!    \u00c7ok satan yazar Gregory E. Lang\u2019dan, hayatlar\u0131m\u0131z\u0131 harika bi\u00e7imde \u015fekillendiren \u00f6\u011fretmenler, ment\u00f6rler ve ko\u00e7lar i\u00e7in \u00f6zel bir kutlama! Can\u0131m \u00d6\u011fretmenim kitab\u0131, \u00f6zel anlar\u0131 yakal\u0131yor ve zihinlerimizi a\u00e7\u0131p kalplerimize dokunan bu harika insanlara olan minnettarl\u0131\u011f\u0131m\u0131z\u0131 payla\u015f\u0131yor. <\/p>\n","protected":false},"excerpt":{"rendered":"<p>Kimdir her g\u00fcn d\u00fcnyay\u0131 de\u011fi\u015ftiren? Yeteneklerimizi birle\u015ftiren? En b\u00fcy\u00fck zorluklara kar\u015f\u0131 bizi \u00f6\u011fretmendir sevgiyle yeti\u015ftiren! \u00c7ok satan yazar Gregory E. Lang\u2019dan, hayatlar\u0131m\u0131z\u0131 harika bi\u00e7imde \u015fekillendiren \u00f6\u011fretmenler,<span class=\"excerpt-hellip\"> [\u2026]<\/span><\/p>\n","protected":false},"featured_media":0,"template":"","meta":{"_monsterinsights_skip_tracking":false,"_monsterinsights_sitenote_active":false,"_monsterinsights_sitenote_note":"","_monsterinsights_sitenote_category":0},"product_brand":[],"product_cat":[12274,12284],"product_tag":[],"class_list":{"0":"post-766687","1":"product","2":"type-product","3":"status-publish","5":"product_cat-cocuk-ve-genclik-kitaplari","6":"product_cat-hikayeler","7":"pa_cilt-ciltsiz","8":"pa_tur-kitap","9":"pa_yayinevi-buyulu-fener-yayinlari","10":"pa_yazar-gregory-e-lang","12":"first","13":"instock","14":"sale","15":"shipping-taxable","16":"purchasable","17":"product-type-simple"},"_links":{"self":[{"href":"https:\/\/roveyayinevi.com.tr\/index.php\/wp-json\/wp\/v2\/product\/766687","targetHints":{"allow":["GET"]}}],"collection":[{"href":"https:\/\/roveyayinevi.com.tr\/index.php\/wp-json\/wp\/v2\/product"}],"about":[{"href":"https:\/\/roveyayinevi.com.tr\/index.php\/wp-json\/wp\/v2\/types\/product"}],"wp:attachment":[{"href":"https:\/\/roveyayinevi.com.tr\/index.php\/wp-json\/wp\/v2\/media?parent=766687"}],"wp:term":[{"taxonomy":"product_brand","embeddable":true,"href":"https:\/\/roveyayinevi.com.tr\/index.php\/wp-json\/wp\/v2\/product_brand?post=766687"},{"taxonomy":"product_cat","embeddable":true,"href":"https:\/\/roveyayinevi.com.tr\/index.php\/wp-json\/wp\/v2\/product_cat?post=766687"},{"taxonomy":"product_tag","embeddable":true,"href":"https:\/\/roveyayinevi.com.tr\/index.php\/wp-json\/wp\/v2\/product_tag?post=766687"}],"curies":[{"name":"wp","href":"https:\/\/api.w.org\/{rel}","templated":true}]}}