{"id":766686,"date":"2025-08-28T12:21:44","date_gmt":"2025-08-28T09:21:44","guid":{"rendered":"https:\/\/roveyayinevi.com.tr\/index.php\/urun\/ruhun-aynasi\/"},"modified":"2026-04-15T03:32:36","modified_gmt":"2026-04-15T00:32:36","slug":"ruhun-aynasi","status":"publish","type":"product","link":"https:\/\/roveyayinevi.com.tr\/index.php\/urun\/ruhun-aynasi\/","title":{"rendered":"Ruhun Aynas\u0131"},"content":{"rendered":"<p>Bu d\u00fcnyada ne ekersen Onu bi\u00e7ersin evlat Uyan art\u0131k r\u00fcyadan Kendinden ge\u00e7me EVLAT K\u00f6t\u00fcl\u00fckten bir \u015fey \u00e7\u0131kmaz \u0130yilikten \u015fa\u015fma evlat \u0130nsan olan hat\u0131r y\u0131kmaz Sak\u0131n g\u00f6n\u00fcl k\u0131rma EVLAT Ana Baban\u0131 ATANI Sayg\u0131yla tan\u0131 evlat Bayra\u011f\u0131mla Vatan\u0131n\u0131 Sonuna kadar koru EVLAT <\/p>\n","protected":false},"excerpt":{"rendered":"<p>Bu d\u00fcnyada ne ekersen Onu bi\u00e7ersin evlat Uyan art\u0131k r\u00fcyadan Kendinden ge\u00e7me EVLAT K\u00f6t\u00fcl\u00fckten bir \u015fey \u00e7\u0131kmaz \u0130yilikten \u015fa\u015fma evlat \u0130nsan olan hat\u0131r y\u0131kmaz Sak\u0131n g\u00f6n\u00fcl<span class=\"excerpt-hellip\"> [\u2026]<\/span><\/p>\n","protected":false},"featured_media":0,"template":"","meta":{"_monsterinsights_skip_tracking":false,"_monsterinsights_sitenote_active":false,"_monsterinsights_sitenote_note":"","_monsterinsights_sitenote_category":0},"product_brand":[],"product_cat":[12291,12509],"product_tag":[],"class_list":{"0":"post-766686","1":"product","2":"type-product","3":"status-publish","5":"product_cat-edebiyat","6":"product_cat-siir","7":"pa_cilt-ciltsiz","8":"pa_tur-kitap","9":"pa_yayinevi-elpis-yayinlari","10":"pa_yazar-ulya-nur","12":"first","13":"instock","14":"sale","15":"shipping-taxable","16":"purchasable","17":"product-type-simple"},"_links":{"self":[{"href":"https:\/\/roveyayinevi.com.tr\/index.php\/wp-json\/wp\/v2\/product\/766686","targetHints":{"allow":["GET"]}}],"collection":[{"href":"https:\/\/roveyayinevi.com.tr\/index.php\/wp-json\/wp\/v2\/product"}],"about":[{"href":"https:\/\/roveyayinevi.com.tr\/index.php\/wp-json\/wp\/v2\/types\/product"}],"wp:attachment":[{"href":"https:\/\/roveyayinevi.com.tr\/index.php\/wp-json\/wp\/v2\/media?parent=766686"}],"wp:term":[{"taxonomy":"product_brand","embeddable":true,"href":"https:\/\/roveyayinevi.com.tr\/index.php\/wp-json\/wp\/v2\/product_brand?post=766686"},{"taxonomy":"product_cat","embeddable":true,"href":"https:\/\/roveyayinevi.com.tr\/index.php\/wp-json\/wp\/v2\/product_cat?post=766686"},{"taxonomy":"product_tag","embeddable":true,"href":"https:\/\/roveyayinevi.com.tr\/index.php\/wp-json\/wp\/v2\/product_tag?post=766686"}],"curies":[{"name":"wp","href":"https:\/\/api.w.org\/{rel}","templated":true}]}}