{"id":766685,"date":"2025-08-28T12:21:42","date_gmt":"2025-08-28T09:21:42","guid":{"rendered":"https:\/\/roveyayinevi.com.tr\/index.php\/urun\/kendi-olamamislar\/"},"modified":"2026-04-15T03:32:35","modified_gmt":"2026-04-15T00:32:35","slug":"kendi-olamamislar","status":"publish","type":"product","link":"https:\/\/roveyayinevi.com.tr\/index.php\/urun\/kendi-olamamislar\/","title":{"rendered":"Kendi Olamam\u0131\u015flar"},"content":{"rendered":"<p>Uyumun benli\u011fi yuttu\u011fu bir d\u00fcnyada, &#8216;Kendi Olamam\u0131\u015flar&#8217; bizi toplumsal beklentiler ile kaybolmu\u015f i\u00e7 sesleri aras\u0131nda s\u0131k\u0131\u015f\u0131p kalm\u0131\u015flar\u0131n ama\u00e7s\u0131zca ge\u00e7ip giden hayatlar\u0131na g\u00f6t\u00fcr\u00fcyor. Bantl\u0131 \u00fcretim sisteminin ad\u0131 olmayan i\u015f\u00e7ilerinden, ger\u00e7ekli\u011fin ac\u0131mas\u0131zl\u0131\u011f\u0131ndan fantezi d\u00fcnyas\u0131n\u0131n konforuna s\u0131\u011f\u0131nan delilere kadar her karakter i\u00e7lerindeki bo\u015flu\u011fu doldurmaya \u00e7al\u0131\u015f\u0131yor.   Kara mizah ve soyut imgelerle bezeli hikayeler basit\u00e7e ya\u015fad\u0131\u011f\u0131m\u0131z d\u00fcnyada kendimiz olabilir miyiz diye soruyor? Kendi Olamam\u0131\u015flar, sordu\u011fu sorulara cevaplar veren bir kitap olmaktan ziyade modern hayat\u0131n kaosunda kendini kaybetmenin \u00e7ok kolay oldu\u011fu ger\u00e7e\u011fini if\u015fal\u0131yor.<\/p>\n","protected":false},"excerpt":{"rendered":"<p>Uyumun benli\u011fi yuttu\u011fu bir d\u00fcnyada, &#8216;Kendi Olamam\u0131\u015flar&#8217; bizi toplumsal beklentiler ile kaybolmu\u015f i\u00e7 sesleri aras\u0131nda s\u0131k\u0131\u015f\u0131p kalm\u0131\u015flar\u0131n ama\u00e7s\u0131zca ge\u00e7ip giden hayatlar\u0131na g\u00f6t\u00fcr\u00fcyor. Bantl\u0131 \u00fcretim sisteminin ad\u0131<span class=\"excerpt-hellip\"> [\u2026]<\/span><\/p>\n","protected":false},"featured_media":0,"template":"","meta":{"_monsterinsights_skip_tracking":false,"_monsterinsights_sitenote_active":false,"_monsterinsights_sitenote_note":"","_monsterinsights_sitenote_category":0},"product_brand":[],"product_cat":[12291,12711],"product_tag":[],"class_list":{"0":"post-766685","1":"product","2":"type-product","3":"status-publish","5":"product_cat-edebiyat","6":"product_cat-roman-oyku","7":"pa_cilt-ciltsiz","8":"pa_tur-kitap","9":"pa_yayinevi-elpis-yayinlari","10":"pa_yazar-guven-eren","12":"first","13":"instock","14":"sale","15":"shipping-taxable","16":"purchasable","17":"product-type-simple"},"_links":{"self":[{"href":"https:\/\/roveyayinevi.com.tr\/index.php\/wp-json\/wp\/v2\/product\/766685","targetHints":{"allow":["GET"]}}],"collection":[{"href":"https:\/\/roveyayinevi.com.tr\/index.php\/wp-json\/wp\/v2\/product"}],"about":[{"href":"https:\/\/roveyayinevi.com.tr\/index.php\/wp-json\/wp\/v2\/types\/product"}],"wp:attachment":[{"href":"https:\/\/roveyayinevi.com.tr\/index.php\/wp-json\/wp\/v2\/media?parent=766685"}],"wp:term":[{"taxonomy":"product_brand","embeddable":true,"href":"https:\/\/roveyayinevi.com.tr\/index.php\/wp-json\/wp\/v2\/product_brand?post=766685"},{"taxonomy":"product_cat","embeddable":true,"href":"https:\/\/roveyayinevi.com.tr\/index.php\/wp-json\/wp\/v2\/product_cat?post=766685"},{"taxonomy":"product_tag","embeddable":true,"href":"https:\/\/roveyayinevi.com.tr\/index.php\/wp-json\/wp\/v2\/product_tag?post=766685"}],"curies":[{"name":"wp","href":"https:\/\/api.w.org\/{rel}","templated":true}]}}