{"id":766684,"date":"2025-08-28T12:21:40","date_gmt":"2025-08-28T09:21:40","guid":{"rendered":"https:\/\/roveyayinevi.com.tr\/index.php\/urun\/hayallerime-dusen-son-damlalar\/"},"modified":"2026-04-15T03:32:35","modified_gmt":"2026-04-15T00:32:35","slug":"hayallerime-dusen-son-damlalar","status":"publish","type":"product","link":"https:\/\/roveyayinevi.com.tr\/index.php\/urun\/hayallerime-dusen-son-damlalar\/","title":{"rendered":"Hayallerime D\u00fc\u015fen Son Damlalar"},"content":{"rendered":"<p>Asl\u0131han, gen\u00e7 bir edebiyat \u00f6\u011fretmeni olarak sakin bir mahallede ya\u015farken, kalbinin tek sahibi olan Karan&#8217;a kar\u015f\u0131 derin bir a\u015fk beslemektedir. Ancak Karan, hayat\u0131n\u0131 tehlikeye atan g\u00f6revleriyle hep bir ad\u0131m uzaktad\u0131r. Asl\u0131han&#8217;\u0131n i\u00e7indeki belirsizlik b\u00fcy\u00fcrken, sevginin zamana ve uzakl\u0131\u011fa kar\u015f\u0131 durup duramayaca\u011f\u0131n\u0131 sorgulamaya ba\u015flar.   &#8216;Seviyor, sevmiyor&#8217; aras\u0131nda s\u0131k\u0131\u015fan bir kad\u0131n\u0131n hikayesi&#8230; Papatya fallar\u0131yla yaz\u0131lm\u0131\u015f kaderine direnebilecek mi, yoksa zaman onu da a\u015fk\u0131n\u0131 da elinden mi alacak?<\/p>\n","protected":false},"excerpt":{"rendered":"<p>Asl\u0131han, gen\u00e7 bir edebiyat \u00f6\u011fretmeni olarak sakin bir mahallede ya\u015farken, kalbinin tek sahibi olan Karan&#8217;a kar\u015f\u0131 derin bir a\u015fk beslemektedir. Ancak Karan, hayat\u0131n\u0131 tehlikeye atan g\u00f6revleriyle<span class=\"excerpt-hellip\"> [\u2026]<\/span><\/p>\n","protected":false},"featured_media":0,"template":"","meta":{"_monsterinsights_skip_tracking":false,"_monsterinsights_sitenote_active":false,"_monsterinsights_sitenote_note":"","_monsterinsights_sitenote_category":0},"product_brand":[],"product_cat":[12291,12711],"product_tag":[],"class_list":{"0":"post-766684","1":"product","2":"type-product","3":"status-publish","5":"product_cat-edebiyat","6":"product_cat-roman-oyku","7":"pa_cilt-ciltsiz","8":"pa_tur-kitap","9":"pa_yayinevi-elpis-yayinlari","10":"pa_yazar-sevim-ogmenoglu","12":"first","13":"instock","14":"sale","15":"shipping-taxable","16":"purchasable","17":"product-type-simple"},"_links":{"self":[{"href":"https:\/\/roveyayinevi.com.tr\/index.php\/wp-json\/wp\/v2\/product\/766684","targetHints":{"allow":["GET"]}}],"collection":[{"href":"https:\/\/roveyayinevi.com.tr\/index.php\/wp-json\/wp\/v2\/product"}],"about":[{"href":"https:\/\/roveyayinevi.com.tr\/index.php\/wp-json\/wp\/v2\/types\/product"}],"wp:attachment":[{"href":"https:\/\/roveyayinevi.com.tr\/index.php\/wp-json\/wp\/v2\/media?parent=766684"}],"wp:term":[{"taxonomy":"product_brand","embeddable":true,"href":"https:\/\/roveyayinevi.com.tr\/index.php\/wp-json\/wp\/v2\/product_brand?post=766684"},{"taxonomy":"product_cat","embeddable":true,"href":"https:\/\/roveyayinevi.com.tr\/index.php\/wp-json\/wp\/v2\/product_cat?post=766684"},{"taxonomy":"product_tag","embeddable":true,"href":"https:\/\/roveyayinevi.com.tr\/index.php\/wp-json\/wp\/v2\/product_tag?post=766684"}],"curies":[{"name":"wp","href":"https:\/\/api.w.org\/{rel}","templated":true}]}}