{"id":766683,"date":"2025-08-28T12:21:38","date_gmt":"2025-08-28T09:21:38","guid":{"rendered":"https:\/\/roveyayinevi.com.tr\/index.php\/urun\/kralligi-kurtarmak\/"},"modified":"2026-04-15T03:32:35","modified_gmt":"2026-04-15T00:32:35","slug":"kralligi-kurtarmak","status":"publish","type":"product","link":"https:\/\/roveyayinevi.com.tr\/index.php\/urun\/kralligi-kurtarmak\/","title":{"rendered":"Krall\u0131\u011f\u0131 Kurtarmak"},"content":{"rendered":"<p>Farkl\u0131l\u0131klar\u0131ndan dolay\u0131 akran zorbal\u0131\u011f\u0131na u\u011frayan gen\u00e7 bir k\u0131z, bir krall\u0131\u011f\u0131n kaderini de\u011fi\u015ftiriyor\u2026   Babas\u0131zl\u0131\u011f\u0131 ve annesinin yoklu\u011funu ya\u015fayan Karen, bilinmeyen bir yerde bildi\u011fi okullara hi\u00e7 benzemeyen bir okula ba\u015flad\u0131\u011f\u0131nda olacaklardan habersizdir. Burada kaderiyle ve kendisine bir sihirle ba\u011flanan Mike ile kar\u015f\u0131la\u015f\u0131r.   Bir krall\u0131\u011f\u0131n varisi ve G\u00fcne\u015f Tanr\u0131\u00e7as\u0131&#8217;n\u0131n k\u0131z\u0131 oldu\u011funu \u00f6\u011frenen Karen, kahraman\u0131n\u0131 bekleyen karanl\u0131\u011fa s\u00fcr\u00fcklenmi\u015f krall\u0131\u011f\u0131n kurtar\u0131c\u0131s\u0131 olurken Mike ile cesur bir m\u00fccadeleye giri\u015fir. Halk\u0131n ona ihtiyac\u0131 vard\u0131r ve tutsak G\u00fcne\u015f Tanr\u0131\u00e7as\u0131&#8217;n\u0131n da\u2026 Gen\u00e7 yazar Selin Demir&#8217;in kaleminden \u00e7\u0131kan serinin ilk kitab\u0131 olan bu eserde; gen\u00e7 Karen, \u00e7\u0131kt\u0131\u011f\u0131 tehlikelerle dolu yolculukta hem kendi i\u00e7indeki g\u00fcc\u00fc ke\u015ffediyor hem de cesaret ve adanm\u0131\u015fl\u0131\u011f\u0131n s\u0131n\u0131rlar\u0131n\u0131 zorluyor\u2026<\/p>\n","protected":false},"excerpt":{"rendered":"<p>Farkl\u0131l\u0131klar\u0131ndan dolay\u0131 akran zorbal\u0131\u011f\u0131na u\u011frayan gen\u00e7 bir k\u0131z, bir krall\u0131\u011f\u0131n kaderini de\u011fi\u015ftiriyor\u2026 Babas\u0131zl\u0131\u011f\u0131 ve annesinin yoklu\u011funu ya\u015fayan Karen, bilinmeyen bir yerde bildi\u011fi okullara hi\u00e7 benzemeyen bir<span class=\"excerpt-hellip\"> [\u2026]<\/span><\/p>\n","protected":false},"featured_media":0,"template":"","meta":{"_monsterinsights_skip_tracking":false,"_monsterinsights_sitenote_active":false,"_monsterinsights_sitenote_note":"","_monsterinsights_sitenote_category":0},"product_brand":[],"product_cat":[12291,14777],"product_tag":[],"class_list":{"0":"post-766683","1":"product","2":"type-product","3":"status-publish","5":"product_cat-edebiyat","6":"product_cat-fantastik","7":"pa_cilt-ciltsiz","8":"pa_tur-kitap","9":"pa_yayinevi-elpis-yayinlari","10":"pa_yazar-selin-demir","12":"first","13":"instock","14":"sale","15":"shipping-taxable","16":"purchasable","17":"product-type-simple"},"_links":{"self":[{"href":"https:\/\/roveyayinevi.com.tr\/index.php\/wp-json\/wp\/v2\/product\/766683","targetHints":{"allow":["GET"]}}],"collection":[{"href":"https:\/\/roveyayinevi.com.tr\/index.php\/wp-json\/wp\/v2\/product"}],"about":[{"href":"https:\/\/roveyayinevi.com.tr\/index.php\/wp-json\/wp\/v2\/types\/product"}],"wp:attachment":[{"href":"https:\/\/roveyayinevi.com.tr\/index.php\/wp-json\/wp\/v2\/media?parent=766683"}],"wp:term":[{"taxonomy":"product_brand","embeddable":true,"href":"https:\/\/roveyayinevi.com.tr\/index.php\/wp-json\/wp\/v2\/product_brand?post=766683"},{"taxonomy":"product_cat","embeddable":true,"href":"https:\/\/roveyayinevi.com.tr\/index.php\/wp-json\/wp\/v2\/product_cat?post=766683"},{"taxonomy":"product_tag","embeddable":true,"href":"https:\/\/roveyayinevi.com.tr\/index.php\/wp-json\/wp\/v2\/product_tag?post=766683"}],"curies":[{"name":"wp","href":"https:\/\/api.w.org\/{rel}","templated":true}]}}