{"id":766682,"date":"2025-08-28T12:21:36","date_gmt":"2025-08-28T09:21:36","guid":{"rendered":"https:\/\/roveyayinevi.com.tr\/index.php\/urun\/kaderin-yolu\/"},"modified":"2026-04-15T03:32:35","modified_gmt":"2026-04-15T00:32:35","slug":"kaderin-yolu","status":"publish","type":"product","link":"https:\/\/roveyayinevi.com.tr\/index.php\/urun\/kaderin-yolu\/","title":{"rendered":"Kaderin Yolu"},"content":{"rendered":"<p>Krali\u00e7e, yok olu\u015funa do\u011fru ilerliyordu. Hemen tek kabul etti\u011fi o\u011fluna bir mektup yazmal\u0131yd\u0131. O\u011flu her \u015feyin sebebini onun kelimelerinden \u00f6\u011frenmeliydi. Ya\u015fam enerjisi \u00e7ekilmi\u015fti. Kor ate\u015fin merkezi bile onu b\u00f6ylesine y\u0131pratmam\u0131\u015ft\u0131. \u00d6lmeye yak\u0131nken anlam\u0131\u015ft\u0131, hayat\u0131n \u00f6l\u00fcrken bile \u00f6\u011fretti\u011fini\u2026 Me\u011fer \u00f6nemli olan mek\u00e2n de\u011fil, yan\u0131ndakine duydu\u011fun sevgiymi\u015f. \u015eimdi her \u015feyi varm\u0131\u015f gibi g\u00f6r\u00fcn\u00fcyordu, oysa hepsi bir serapt\u0131. Hi\u00e7bir \u015feyi kalmam\u0131\u015ft\u0131. Eldora&#8217;n\u0131n ya\u015fad\u0131klar\u0131n\u0131 okurken elinizden b\u0131rakamayacak, kendinizi bamba\u015fka bir d\u00fcnyan\u0131n i\u00e7inde bulacaks\u0131n\u0131z. Aoran, Alex, Ares\u2026 Hangisi ger\u00e7ek hangisi sahte? Kim do\u011fru s\u00f6yl\u00fcyor? Neden Eldora&#8217;n\u0131n pe\u015findeler? T\u00fcm bu olanlar\u0131n Athena ile ba\u011flant\u0131s\u0131 ne? Sorular\u0131n cevab\u0131n\u0131 \u00f6\u011frenmek i\u00e7in maceraya haz\u0131r olun. Ba\u015fl\u0131yoruz\u2026<\/p>\n","protected":false},"excerpt":{"rendered":"<p>Krali\u00e7e, yok olu\u015funa do\u011fru ilerliyordu. Hemen tek kabul etti\u011fi o\u011fluna bir mektup yazmal\u0131yd\u0131. O\u011flu her \u015feyin sebebini onun kelimelerinden \u00f6\u011frenmeliydi. Ya\u015fam enerjisi \u00e7ekilmi\u015fti. Kor ate\u015fin merkezi<span class=\"excerpt-hellip\"> [\u2026]<\/span><\/p>\n","protected":false},"featured_media":0,"template":"","meta":{"_monsterinsights_skip_tracking":false,"_monsterinsights_sitenote_active":false,"_monsterinsights_sitenote_note":"","_monsterinsights_sitenote_category":0},"product_brand":[],"product_cat":[12291,14777],"product_tag":[],"class_list":{"0":"post-766682","1":"product","2":"type-product","3":"status-publish","5":"product_cat-edebiyat","6":"product_cat-fantastik","7":"pa_cilt-ciltsiz","8":"pa_tur-kitap","9":"pa_yayinevi-elpis-yayinlari","10":"pa_yazar-eylul-demirdag","12":"first","13":"instock","14":"sale","15":"shipping-taxable","16":"purchasable","17":"product-type-simple"},"_links":{"self":[{"href":"https:\/\/roveyayinevi.com.tr\/index.php\/wp-json\/wp\/v2\/product\/766682","targetHints":{"allow":["GET"]}}],"collection":[{"href":"https:\/\/roveyayinevi.com.tr\/index.php\/wp-json\/wp\/v2\/product"}],"about":[{"href":"https:\/\/roveyayinevi.com.tr\/index.php\/wp-json\/wp\/v2\/types\/product"}],"wp:attachment":[{"href":"https:\/\/roveyayinevi.com.tr\/index.php\/wp-json\/wp\/v2\/media?parent=766682"}],"wp:term":[{"taxonomy":"product_brand","embeddable":true,"href":"https:\/\/roveyayinevi.com.tr\/index.php\/wp-json\/wp\/v2\/product_brand?post=766682"},{"taxonomy":"product_cat","embeddable":true,"href":"https:\/\/roveyayinevi.com.tr\/index.php\/wp-json\/wp\/v2\/product_cat?post=766682"},{"taxonomy":"product_tag","embeddable":true,"href":"https:\/\/roveyayinevi.com.tr\/index.php\/wp-json\/wp\/v2\/product_tag?post=766682"}],"curies":[{"name":"wp","href":"https:\/\/api.w.org\/{rel}","templated":true}]}}