{"id":766679,"date":"2025-08-28T12:21:30","date_gmt":"2025-08-28T09:21:30","guid":{"rendered":"https:\/\/roveyayinevi.com.tr\/index.php\/urun\/elestiri-ve-mimarlik\/"},"modified":"2026-04-15T03:32:20","modified_gmt":"2026-04-15T00:32:20","slug":"elestiri-ve-mimarlik","status":"publish","type":"product","link":"https:\/\/roveyayinevi.com.tr\/index.php\/urun\/elestiri-ve-mimarlik\/","title":{"rendered":"Ele\u015ftiri ve Mimarl\u0131k"},"content":{"rendered":"<p>Bir mek\u00e2n kurgusunda bir kenti, tarihi ve onu t\u00fcketen insan\u0131 d\u00f6n\u00fc\u015ft\u00fcren mimarl\u0131k \u00fczerine d\u00fc\u015f\u00fcnmek ve mimarl\u0131\u011f\u0131 d\u00fc\u015f\u00fcnmeyi d\u00fc\u015f\u00fcnmek\u2026 Ele\u015ftiriyi \u00e7a\u011f\u0131ran her d\u00fc\u015f\u00fcnme prati\u011fini mimarl\u0131kla yan yana getirdi\u011fimizde sanat\u0131, esteti\u011fi, tarihi ve felsefeyi de kapsayan geni\u015f bir kesi\u015fim k\u00fcmesi bizi hayat\u0131n ve\u00e7heleri \u00fczerine d\u00fc\u015f\u00fcnmeye sevk eder. Celal Abdi G\u00fczer\u2019in edit\u00f6rl\u00fc\u011f\u00fcnde bir araya gelen mimarl\u0131k tarihinin de\u011ferli isimleri, bu geni\u015f perspektiften ele\u015ftiri ve mimarl\u0131\u011f\u0131n d\u00fc\u015f\u00fcncede ve \u00fcretimde yaratt\u0131klar\u0131 incelikleri ele al\u0131yor. Okuyucuya g\u00fcndelik hayattan soyut d\u00fc\u015f\u00fcnce evrenine kadar \u00e7e\u015fitli sorular sorduran, basmakal\u0131p d\u00fc\u015f\u00fcncelerin nas\u0131l yenildi\u011fi ve her zaman yenilebilece\u011fini g\u00f6steren bu kitap, ele\u015ftirinin tarihteki d\u00f6n\u00fc\u015ft\u00fcr\u00fcc\u00fc g\u00fcc\u00fcn\u00fc de g\u00f6zler \u00f6n\u00fcne seriyor.<\/p>\n","protected":false},"excerpt":{"rendered":"<p>Bir mek\u00e2n kurgusunda bir kenti, tarihi ve onu t\u00fcketen insan\u0131 d\u00f6n\u00fc\u015ft\u00fcren mimarl\u0131k \u00fczerine d\u00fc\u015f\u00fcnmek ve mimarl\u0131\u011f\u0131 d\u00fc\u015f\u00fcnmeyi d\u00fc\u015f\u00fcnmek\u2026 Ele\u015ftiriyi \u00e7a\u011f\u0131ran her d\u00fc\u015f\u00fcnme prati\u011fini mimarl\u0131kla yan yana<span class=\"excerpt-hellip\"> [\u2026]<\/span><\/p>\n","protected":false},"featured_media":0,"template":"","meta":{"_monsterinsights_skip_tracking":false,"_monsterinsights_sitenote_active":false,"_monsterinsights_sitenote_note":"","_monsterinsights_sitenote_category":0},"product_brand":[],"product_cat":[13512,12408],"product_tag":[],"class_list":{"0":"post-766679","1":"product","2":"type-product","3":"status-publish","5":"product_cat-mimarlik","6":"product_cat-sanat","7":"pa_cilt-ciltsiz","8":"pa_tur-kitap","9":"pa_yayinevi-fol-kitap","10":"pa_yazar-kolektif","12":"first","13":"instock","14":"sale","15":"shipping-taxable","16":"purchasable","17":"product-type-simple"},"_links":{"self":[{"href":"https:\/\/roveyayinevi.com.tr\/index.php\/wp-json\/wp\/v2\/product\/766679","targetHints":{"allow":["GET"]}}],"collection":[{"href":"https:\/\/roveyayinevi.com.tr\/index.php\/wp-json\/wp\/v2\/product"}],"about":[{"href":"https:\/\/roveyayinevi.com.tr\/index.php\/wp-json\/wp\/v2\/types\/product"}],"wp:attachment":[{"href":"https:\/\/roveyayinevi.com.tr\/index.php\/wp-json\/wp\/v2\/media?parent=766679"}],"wp:term":[{"taxonomy":"product_brand","embeddable":true,"href":"https:\/\/roveyayinevi.com.tr\/index.php\/wp-json\/wp\/v2\/product_brand?post=766679"},{"taxonomy":"product_cat","embeddable":true,"href":"https:\/\/roveyayinevi.com.tr\/index.php\/wp-json\/wp\/v2\/product_cat?post=766679"},{"taxonomy":"product_tag","embeddable":true,"href":"https:\/\/roveyayinevi.com.tr\/index.php\/wp-json\/wp\/v2\/product_tag?post=766679"}],"curies":[{"name":"wp","href":"https:\/\/api.w.org\/{rel}","templated":true}]}}