{"id":766678,"date":"2025-08-28T12:21:29","date_gmt":"2025-08-28T09:21:29","guid":{"rendered":"https:\/\/roveyayinevi.com.tr\/index.php\/urun\/bilincli-zihin\/"},"modified":"2026-04-15T03:32:20","modified_gmt":"2026-04-15T00:32:20","slug":"bilincli-zihin","status":"publish","type":"product","link":"https:\/\/roveyayinevi.com.tr\/index.php\/urun\/bilincli-zihin\/","title":{"rendered":"Bilin\u00e7li Zihin"},"content":{"rendered":"<p>Modern bilim, insan genomunu haritaland\u0131rd\u0131, ak\u0131l almaz uzakl\u0131ktaki karadeliklerin foto\u011fraf\u0131n\u0131 \u00e7ekti, evrendeki en b\u00fcy\u00fck nesneleri matematik form\u00fcllerine s\u0131\u011fd\u0131rd\u0131, en k\u00fc\u00e7\u00fck nesnelerin d\u00fcnyas\u0131na pencereler a\u00e7t\u0131. Hatta bir \u00fcr\u00fcn\u00fc oldu\u011fu canl\u0131l\u0131\u011f\u0131n \u00f6yk\u00fcs\u00fcn\u00fc bile ba\u015flang\u0131c\u0131ndan itibaren yazmay\u0131 ba\u015fard\u0131. Yine de insanl\u0131\u011f\u0131n en eski bilmecelerinden biri, her t\u00fcrl\u00fc bilimsel a\u00e7\u0131klamaya inatla direnmeye devam ediyor: bilin\u00e7li, \u00f6znel deneyim.  Beyin ad\u0131n\u0131 verdi\u011fimiz gri, k\u0131r\u0131lgan madde nas\u0131l oluyor da bilin\u00e7 denen ele avuca s\u0131\u011fmaz muammay\u0131 \u00fcretebiliyor? Bilin\u00e7 nas\u0131l oluyor da bilimi \u00fcretebiliyor? Nas\u0131l bir yandan en yak\u0131ndan tan\u0131d\u0131\u011f\u0131m\u0131z \u015feyken di\u011fer yandan en az bildi\u011fimiz \u015fey olabiliyor? G\u00fcne\u015f\u2019in s\u0131cakl\u0131\u011f\u0131n\u0131, elman\u0131n tad\u0131n\u0131, \u00e7i\u00e7eklerin kokusunu, k\u0131rm\u0131z\u0131n\u0131n k\u0131rm\u0131z\u0131l\u0131\u011f\u0131n\u0131, ac\u0131y\u0131 ve mutlulu\u011fu deneyimlemek ve \u201cbiri\u201d olmak ne demek? Kimilerine g\u00f6re, t\u0131pk\u0131 suyun \u015faraba d\u00f6n\u00fc\u015fmesi gibi beynin bilinci \u00fcretmesi de bir mucize. Kimilerine g\u00f6reyse bilin\u00e7 kimyasal ve fiziksel s\u00fcre\u00e7lere indirgenebilecek basit bir yan\u0131lsama, uyanman\u0131n olanaks\u0131z oldu\u011fu bir \u00e7e\u015fit r\u00fcya. Yay\u0131mland\u0131\u011f\u0131 tarihten bu yana bili\u015fsel bilim ve zihin felsefesi alanlar\u0131n\u0131n \u00e7ehresini de\u011fi\u015ftiren, modern klasiklerden biri h\u00e2line gelen Bilin\u00e7li Zihin, bilin\u00e7 hakk\u0131nda \u00f6teden beri sorulagelen i\u015fte bu ve benzeri sorulara ayr\u0131nt\u0131l\u0131 ve \u00e7arp\u0131c\u0131 yan\u0131tlar veriyor. Ya\u015fayan en \u00f6nemli zihin felsefecilerinden David Chalmers, felsefe, n\u00f6robilim, bili\u015fsel bilim, kuantum fizi\u011fi ve yapay zek\u00e2 \u00e7al\u0131\u015fmalar\u0131 alanlar\u0131ndan \u00f6rneklerle, \u201cbilincin zor sorunu\u201d dedi\u011fi en derin felsefi sorulardan birine yan\u0131t ar\u0131yor. Analitik felsefecilere \u00f6zg\u00fc cerrah hassasiyetiyle bilincin indirgenebilirli\u011fi anlay\u0131\u015f\u0131n\u0131 ve bilincin do\u011fal bir olgu olmad\u0131\u011f\u0131 inanc\u0131n\u0131 en ince par\u00e7alar\u0131na kadar ay\u0131r\u0131p bilincin, bilin\u00e7li \u00f6znel deneyimin bir hilkat garibesi de\u011fil, do\u011fan\u0131n temel kuvvetlerinden biri olabilece\u011fini ortaya koyuyor. <\/p>\n","protected":false},"excerpt":{"rendered":"<p>Modern bilim, insan genomunu haritaland\u0131rd\u0131, ak\u0131l almaz uzakl\u0131ktaki karadeliklerin foto\u011fraf\u0131n\u0131 \u00e7ekti, evrendeki en b\u00fcy\u00fck nesneleri matematik form\u00fcllerine s\u0131\u011fd\u0131rd\u0131, en k\u00fc\u00e7\u00fck nesnelerin d\u00fcnyas\u0131na pencereler a\u00e7t\u0131. Hatta bir<span class=\"excerpt-hellip\"> [\u2026]<\/span><\/p>\n","protected":false},"featured_media":0,"template":"","meta":{"_monsterinsights_skip_tracking":false,"_monsterinsights_sitenote_active":false,"_monsterinsights_sitenote_note":"","_monsterinsights_sitenote_category":0},"product_brand":[],"product_cat":[12388],"product_tag":[],"class_list":{"0":"post-766678","1":"product","2":"type-product","3":"status-publish","5":"product_cat-felsefe","6":"pa_cilt-ciltsiz","7":"pa_tur-kitap","8":"pa_yayinevi-fol-kitap","9":"pa_yazar-david-j-chalmers","11":"first","12":"instock","13":"sale","14":"shipping-taxable","15":"purchasable","16":"product-type-simple"},"_links":{"self":[{"href":"https:\/\/roveyayinevi.com.tr\/index.php\/wp-json\/wp\/v2\/product\/766678","targetHints":{"allow":["GET"]}}],"collection":[{"href":"https:\/\/roveyayinevi.com.tr\/index.php\/wp-json\/wp\/v2\/product"}],"about":[{"href":"https:\/\/roveyayinevi.com.tr\/index.php\/wp-json\/wp\/v2\/types\/product"}],"wp:attachment":[{"href":"https:\/\/roveyayinevi.com.tr\/index.php\/wp-json\/wp\/v2\/media?parent=766678"}],"wp:term":[{"taxonomy":"product_brand","embeddable":true,"href":"https:\/\/roveyayinevi.com.tr\/index.php\/wp-json\/wp\/v2\/product_brand?post=766678"},{"taxonomy":"product_cat","embeddable":true,"href":"https:\/\/roveyayinevi.com.tr\/index.php\/wp-json\/wp\/v2\/product_cat?post=766678"},{"taxonomy":"product_tag","embeddable":true,"href":"https:\/\/roveyayinevi.com.tr\/index.php\/wp-json\/wp\/v2\/product_tag?post=766678"}],"curies":[{"name":"wp","href":"https:\/\/api.w.org\/{rel}","templated":true}]}}