{"id":766676,"date":"2025-08-28T12:21:25","date_gmt":"2025-08-28T09:21:25","guid":{"rendered":"https:\/\/roveyayinevi.com.tr\/index.php\/urun\/aslana-yardim-edelim-dislerini-fircalasin-ciltli\/"},"modified":"2026-04-15T03:32:20","modified_gmt":"2026-04-15T00:32:20","slug":"aslana-yardim-edelim-dislerini-fircalasin-ciltli","status":"publish","type":"product","link":"https:\/\/roveyayinevi.com.tr\/index.php\/urun\/aslana-yardim-edelim-dislerini-fircalasin-ciltli\/","title":{"rendered":"Aslana Yardim Edelim, Di\u015flerini Fir\u00e7alas\u0131n! (Ciltli)"},"content":{"rendered":"<p>Bay Aslan\u2019\u0131n acilen yard\u0131ma ihtiyac\u0131 var: Kendisi \u00e7ok uzun zamand\u0131r di\u015flerini f\u0131r\u00e7alamam\u0131\u015f! \u00dcstelik tek ba\u015f\u0131na di\u015flerini f\u0131r\u00e7alayam\u0131yor. Yard\u0131m eder misin? Kirpi Nane sana nas\u0131l f\u0131r\u00e7alayaca\u011f\u0131n\u0131 g\u00f6sterecek. Di\u015f f\u0131r\u00e7alamay\u0131 \u00f6\u011frenmek \u00e7ok e\u011flenceli!<\/p>\n","protected":false},"excerpt":{"rendered":"<p>Bay Aslan\u2019\u0131n acilen yard\u0131ma ihtiyac\u0131 var: Kendisi \u00e7ok uzun zamand\u0131r di\u015flerini f\u0131r\u00e7alamam\u0131\u015f! \u00dcstelik tek ba\u015f\u0131na di\u015flerini f\u0131r\u00e7alayam\u0131yor. Yard\u0131m eder misin? Kirpi Nane sana nas\u0131l f\u0131r\u00e7alayaca\u011f\u0131n\u0131 g\u00f6sterecek.<span class=\"excerpt-hellip\"> [\u2026]<\/span><\/p>\n","protected":false},"featured_media":0,"template":"","meta":{"_monsterinsights_skip_tracking":false,"_monsterinsights_sitenote_active":false,"_monsterinsights_sitenote_note":"","_monsterinsights_sitenote_category":0},"product_brand":[],"product_cat":[12274,12518],"product_tag":[],"class_list":{"0":"post-766676","1":"product","2":"type-product","3":"status-publish","5":"product_cat-cocuk-ve-genclik-kitaplari","6":"product_cat-okul-oncesi-kitaplar","7":"pa_cilt-ciltli","8":"pa_tur-kitap","9":"pa_yayinevi-is-bankasi-kultur-yayinlari","10":"pa_yazar-sophie-schoenwald","12":"first","13":"instock","14":"sale","15":"shipping-taxable","16":"purchasable","17":"product-type-simple"},"_links":{"self":[{"href":"https:\/\/roveyayinevi.com.tr\/index.php\/wp-json\/wp\/v2\/product\/766676","targetHints":{"allow":["GET"]}}],"collection":[{"href":"https:\/\/roveyayinevi.com.tr\/index.php\/wp-json\/wp\/v2\/product"}],"about":[{"href":"https:\/\/roveyayinevi.com.tr\/index.php\/wp-json\/wp\/v2\/types\/product"}],"wp:attachment":[{"href":"https:\/\/roveyayinevi.com.tr\/index.php\/wp-json\/wp\/v2\/media?parent=766676"}],"wp:term":[{"taxonomy":"product_brand","embeddable":true,"href":"https:\/\/roveyayinevi.com.tr\/index.php\/wp-json\/wp\/v2\/product_brand?post=766676"},{"taxonomy":"product_cat","embeddable":true,"href":"https:\/\/roveyayinevi.com.tr\/index.php\/wp-json\/wp\/v2\/product_cat?post=766676"},{"taxonomy":"product_tag","embeddable":true,"href":"https:\/\/roveyayinevi.com.tr\/index.php\/wp-json\/wp\/v2\/product_tag?post=766676"}],"curies":[{"name":"wp","href":"https:\/\/api.w.org\/{rel}","templated":true}]}}