{"id":766675,"date":"2025-08-28T12:21:22","date_gmt":"2025-08-28T09:21:22","guid":{"rendered":"https:\/\/roveyayinevi.com.tr\/index.php\/urun\/savas-sanati-15\/"},"modified":"2026-04-15T03:32:20","modified_gmt":"2026-04-15T00:32:20","slug":"savas-sanati-15","status":"publish","type":"product","link":"https:\/\/roveyayinevi.com.tr\/index.php\/urun\/savas-sanati-15\/","title":{"rendered":"Sava\u015f Sanat\u0131"},"content":{"rendered":"<p>Asya\u2019n\u0131n en \u00f6nemli \u00e7izerlerinden C. C. Tsai\u2019nin tasvirleriyle yeniden do\u011fan Sun Zi\u2019nin \u00f6l\u00fcms\u00fcz eseri Sava\u015f Sanat\u0131, okuru zamans\u0131z bir bilgelik yolculu\u011funa \u00e7\u0131kar\u0131yor. Yakla\u015f\u0131k 2500 y\u0131l \u00f6nce bir sava\u015f\u00e7\u0131-filozof taraf\u0131ndan kaleme al\u0131nan bu eser, ordu i\u00e7indeki hiyerar\u015fiyi ve korkusuz bir \u00fclke in\u015fa etmenin kadim yollar\u0131n\u0131 anlat\u0131r, \u015fimdiyse derin mesajlar\u0131yla sadece askeri komutanlara de\u011fil, ayn\u0131 zamanda siyaset, i\u015f d\u00fcnyas\u0131 ve hayat\u0131n pek \u00e7ok alan\u0131ndaki liderlere de hitap ediyor.Peki, ba\u015far\u0131ya ula\u015fman\u0131n en ideal yolu nedir? Sava\u015f\u0131n bu s\u00fcre\u00e7teki yeri ne olmal\u0131d\u0131r?Bir komutan\u0131n g\u00fcc\u00fc ve s\u0131n\u0131rlar\u0131 nelerdir? Ya da sava\u015fa girmeden nas\u0131l zafere ula\u015fabilirsiniz? T\u00fcm bu sorulara verilen cevaplar, Tsai\u2019nin usta \u00e7izimleriyle bir kez daha bu sayfalarda hayat buluyor.Sava\u015f Sanat\u0131, insanl\u0131k tarihinin en kadim ve en etkileyici strateji eserlerinden biri olarak, her \u00e7a\u011fda zamans\u0131zl\u0131\u011f\u0131n\u0131 ve g\u00fcc\u00fcn\u00fc korumaya devam ediyor. \u201cC.C. Tsai\u2019nin kitaplar\u0131 tamamen b\u00fcy\u00fcleyici. Zarif \u00e7izgiler; keskin \u00e7izgilerle resmedilmi\u015f karakterler; ince ve yerli yerinde bir mizah; derinlikli bir konu. Karikat\u00fcr sanat\u0131n\u0131n zirvesi.\u201d<\/p>\n","protected":false},"excerpt":{"rendered":"<p>Asya\u2019n\u0131n en \u00f6nemli \u00e7izerlerinden C. C. Tsai\u2019nin tasvirleriyle yeniden do\u011fan Sun Zi\u2019nin \u00f6l\u00fcms\u00fcz eseri Sava\u015f Sanat\u0131, okuru zamans\u0131z bir bilgelik yolculu\u011funa \u00e7\u0131kar\u0131yor. Yakla\u015f\u0131k 2500 y\u0131l \u00f6nce<span class=\"excerpt-hellip\"> [\u2026]<\/span><\/p>\n","protected":false},"featured_media":0,"template":"","meta":{"_monsterinsights_skip_tracking":false,"_monsterinsights_sitenote_active":false,"_monsterinsights_sitenote_note":"","_monsterinsights_sitenote_category":0},"product_brand":[],"product_cat":[12416,12291],"product_tag":[],"class_list":{"0":"post-766675","1":"product","2":"type-product","3":"status-publish","5":"product_cat-cizgi-roman","6":"product_cat-edebiyat","7":"pa_cilt-ciltsiz","8":"pa_tur-kitap","9":"pa_yayinevi-epsilon-yayinlari","10":"pa_yazar-sun-zi","12":"first","13":"instock","14":"sale","15":"shipping-taxable","16":"purchasable","17":"product-type-simple"},"_links":{"self":[{"href":"https:\/\/roveyayinevi.com.tr\/index.php\/wp-json\/wp\/v2\/product\/766675","targetHints":{"allow":["GET"]}}],"collection":[{"href":"https:\/\/roveyayinevi.com.tr\/index.php\/wp-json\/wp\/v2\/product"}],"about":[{"href":"https:\/\/roveyayinevi.com.tr\/index.php\/wp-json\/wp\/v2\/types\/product"}],"wp:attachment":[{"href":"https:\/\/roveyayinevi.com.tr\/index.php\/wp-json\/wp\/v2\/media?parent=766675"}],"wp:term":[{"taxonomy":"product_brand","embeddable":true,"href":"https:\/\/roveyayinevi.com.tr\/index.php\/wp-json\/wp\/v2\/product_brand?post=766675"},{"taxonomy":"product_cat","embeddable":true,"href":"https:\/\/roveyayinevi.com.tr\/index.php\/wp-json\/wp\/v2\/product_cat?post=766675"},{"taxonomy":"product_tag","embeddable":true,"href":"https:\/\/roveyayinevi.com.tr\/index.php\/wp-json\/wp\/v2\/product_tag?post=766675"}],"curies":[{"name":"wp","href":"https:\/\/api.w.org\/{rel}","templated":true}]}}