{"id":766674,"date":"2025-08-28T12:21:21","date_gmt":"2025-08-28T09:21:21","guid":{"rendered":"https:\/\/roveyayinevi.com.tr\/index.php\/urun\/hayvanat-bahcesinde-ters-olan-ne-ciltli\/"},"modified":"2026-04-15T03:32:20","modified_gmt":"2026-04-15T00:32:20","slug":"hayvanat-bahcesinde-ters-olan-ne-ciltli","status":"publish","type":"product","link":"https:\/\/roveyayinevi.com.tr\/index.php\/urun\/hayvanat-bahcesinde-ters-olan-ne-ciltli\/","title":{"rendered":"Hayvanat Bah\u00e7esinde Ters Olan Ne? (Ciltli)"},"content":{"rendered":"<p>Bug\u00fcn hayvanat bah\u00e7esi m\u00fcd\u00fcr\u00fcn\u00fcn nesi var b\u00f6yle? Zebralar\u0131n benekli oldu\u011funu, ahtapotlar\u0131n a\u011fa\u00e7ta ya\u015fad\u0131klar\u0131n\u0131 iddia ediyor. Ama bu do\u011fru de\u011fil, bunu herkes bilir! Zebralar\u0131n benekleri yoktur&#8230; Sen biliyor musun? Hadi sen de kirpiyle hayvanat bah\u00e7esindeki tuhafl\u0131klar\u0131 ke\u015ffet! <\/p>\n","protected":false},"excerpt":{"rendered":"<p>Bug\u00fcn hayvanat bah\u00e7esi m\u00fcd\u00fcr\u00fcn\u00fcn nesi var b\u00f6yle? Zebralar\u0131n benekli oldu\u011funu, ahtapotlar\u0131n a\u011fa\u00e7ta ya\u015fad\u0131klar\u0131n\u0131 iddia ediyor. Ama bu do\u011fru de\u011fil, bunu herkes bilir! Zebralar\u0131n benekleri yoktur&#8230; Sen<span class=\"excerpt-hellip\"> [\u2026]<\/span><\/p>\n","protected":false},"featured_media":0,"template":"","meta":{"_monsterinsights_skip_tracking":false,"_monsterinsights_sitenote_active":false,"_monsterinsights_sitenote_note":"","_monsterinsights_sitenote_category":0},"product_brand":[],"product_cat":[12274,12518],"product_tag":[],"class_list":{"0":"post-766674","1":"product","2":"type-product","3":"status-publish","5":"product_cat-cocuk-ve-genclik-kitaplari","6":"product_cat-okul-oncesi-kitaplar","7":"pa_cilt-ciltli","8":"pa_tur-kitap","9":"pa_yayinevi-is-bankasi-kultur-yayinlari","10":"pa_yazar-sophie-schoenwald","12":"first","13":"instock","14":"sale","15":"shipping-taxable","16":"purchasable","17":"product-type-simple"},"_links":{"self":[{"href":"https:\/\/roveyayinevi.com.tr\/index.php\/wp-json\/wp\/v2\/product\/766674","targetHints":{"allow":["GET"]}}],"collection":[{"href":"https:\/\/roveyayinevi.com.tr\/index.php\/wp-json\/wp\/v2\/product"}],"about":[{"href":"https:\/\/roveyayinevi.com.tr\/index.php\/wp-json\/wp\/v2\/types\/product"}],"wp:attachment":[{"href":"https:\/\/roveyayinevi.com.tr\/index.php\/wp-json\/wp\/v2\/media?parent=766674"}],"wp:term":[{"taxonomy":"product_brand","embeddable":true,"href":"https:\/\/roveyayinevi.com.tr\/index.php\/wp-json\/wp\/v2\/product_brand?post=766674"},{"taxonomy":"product_cat","embeddable":true,"href":"https:\/\/roveyayinevi.com.tr\/index.php\/wp-json\/wp\/v2\/product_cat?post=766674"},{"taxonomy":"product_tag","embeddable":true,"href":"https:\/\/roveyayinevi.com.tr\/index.php\/wp-json\/wp\/v2\/product_tag?post=766674"}],"curies":[{"name":"wp","href":"https:\/\/api.w.org\/{rel}","templated":true}]}}