{"id":766668,"date":"2025-08-28T12:21:09","date_gmt":"2025-08-28T09:21:09","guid":{"rendered":"https:\/\/roveyayinevi.com.tr\/index.php\/urun\/ekspresyonist-tiyatro\/"},"modified":"2026-04-15T03:32:19","modified_gmt":"2026-04-15T00:32:19","slug":"ekspresyonist-tiyatro","status":"publish","type":"product","link":"https:\/\/roveyayinevi.com.tr\/index.php\/urun\/ekspresyonist-tiyatro\/","title":{"rendered":"Ekspresyonist Tiyatro"},"content":{"rendered":"<p>Simay Y\u0131lmaz yo\u011fun emek \u00fcr\u00fcn\u00fc olan bu \u00e7al\u0131\u015fmas\u0131nda, 20. y\u00fczy\u0131l ba\u015f\u0131nda ortaya \u00e7\u0131kan Alman ekspresyonist tiyatrosunun tarihsel ve d\u00fc\u015f\u00fcnsel arkaplan\u0131n\u0131 teorik \u00e7er\u00e7evede ve bu kapsama giren iki temel oyun ekseninde inceliyor&#8230; <\/p>\n","protected":false},"excerpt":{"rendered":"<p>Simay Y\u0131lmaz yo\u011fun emek \u00fcr\u00fcn\u00fc olan bu \u00e7al\u0131\u015fmas\u0131nda, 20. y\u00fczy\u0131l ba\u015f\u0131nda ortaya \u00e7\u0131kan Alman ekspresyonist tiyatrosunun tarihsel ve d\u00fc\u015f\u00fcnsel arkaplan\u0131n\u0131 teorik \u00e7er\u00e7evede ve bu kapsama giren<span class=\"excerpt-hellip\"> [\u2026]<\/span><\/p>\n","protected":false},"featured_media":0,"template":"","meta":{"_monsterinsights_skip_tracking":false,"_monsterinsights_sitenote_active":false,"_monsterinsights_sitenote_note":"","_monsterinsights_sitenote_category":0},"product_brand":[],"product_cat":[12291,14272],"product_tag":[],"class_list":{"0":"post-766668","1":"product","2":"type-product","3":"status-publish","5":"product_cat-edebiyat","6":"product_cat-tiyatro","7":"pa_cilt-ciltsiz","8":"pa_tur-kitap","9":"pa_yayinevi-agora-kitapligi","10":"pa_yazar-simay-yilmaz","12":"first","13":"instock","14":"sale","15":"shipping-taxable","16":"purchasable","17":"product-type-simple"},"_links":{"self":[{"href":"https:\/\/roveyayinevi.com.tr\/index.php\/wp-json\/wp\/v2\/product\/766668","targetHints":{"allow":["GET"]}}],"collection":[{"href":"https:\/\/roveyayinevi.com.tr\/index.php\/wp-json\/wp\/v2\/product"}],"about":[{"href":"https:\/\/roveyayinevi.com.tr\/index.php\/wp-json\/wp\/v2\/types\/product"}],"wp:attachment":[{"href":"https:\/\/roveyayinevi.com.tr\/index.php\/wp-json\/wp\/v2\/media?parent=766668"}],"wp:term":[{"taxonomy":"product_brand","embeddable":true,"href":"https:\/\/roveyayinevi.com.tr\/index.php\/wp-json\/wp\/v2\/product_brand?post=766668"},{"taxonomy":"product_cat","embeddable":true,"href":"https:\/\/roveyayinevi.com.tr\/index.php\/wp-json\/wp\/v2\/product_cat?post=766668"},{"taxonomy":"product_tag","embeddable":true,"href":"https:\/\/roveyayinevi.com.tr\/index.php\/wp-json\/wp\/v2\/product_tag?post=766668"}],"curies":[{"name":"wp","href":"https:\/\/api.w.org\/{rel}","templated":true}]}}