{"id":766665,"date":"2025-08-28T12:21:02","date_gmt":"2025-08-28T09:21:02","guid":{"rendered":"https:\/\/roveyayinevi.com.tr\/index.php\/urun\/cay-koy-yeniden-basliyoruz\/"},"modified":"2026-04-15T03:32:19","modified_gmt":"2026-04-15T00:32:19","slug":"cay-koy-yeniden-basliyoruz","status":"publish","type":"product","link":"https:\/\/roveyayinevi.com.tr\/index.php\/urun\/cay-koy-yeniden-basliyoruz\/","title":{"rendered":"\u00c7ay Koy Yeniden Ba\u015fl\u0131yoruz"},"content":{"rendered":"<p>Baz\u0131 \u015feyleri biraz sab\u0131r, biraz dua, biraz da \u00e7ay ge\u00e7irir. Biliyorum \u00e7ok \u00fcz\u00fcld\u00fcn, \u00e7ok k\u0131r\u0131ld\u0131n. Hayalini kurdu\u011fun, o ilk tan\u0131\u015ft\u0131\u011f\u0131n andan itibaren herkesten farkl\u0131 zannetti\u011fin insanlar seni yine o karanl\u0131\u011f\u0131n ortas\u0131nda b\u0131rak\u0131p gittiler. B\u0131rak gitsinler, yaln\u0131zl\u0131ktan sak\u0131n korkma \u00e7\u00fcnk\u00fc en g\u00fczel ba\u015flang\u0131\u00e7lar yaln\u0131z i\u00e7ilen \u00e7aylar ile ba\u015flar. Otur bir \u00e7ay koy, d\u00fc\u015f\u00fcn ya\u015fad\u0131\u011f\u0131n her \u015feyi. Kurdu\u011fun sonu gelmez hayalleri, etti\u011fin dualar\u0131, umutlar\u0131n\u0131\u2026 Biliyorum eskisi gibi de\u011filsin. Biliyorum kimseye g\u00fcvenin, inanc\u0131n kalmad\u0131, bir daha hi\u00e7bir \u015feyin eskisi gibi olmayaca\u011f\u0131na kendini inand\u0131rm\u0131\u015fs\u0131n. B\u0131rak hi\u00e7bir \u015fey eskisi gibi olmas\u0131n. Her \u015feye ba\u015ftan ba\u015fl\u0131yorsak, yeni bir hik\u00e2ye yazman\u0131n zaman\u0131 gelmedi mi sence de? Emin ol bu ba\u015flang\u0131c\u0131 yapmazsan y\u0131llar sonra yapt\u0131klar\u0131na de\u011fil yapamad\u0131klar\u0131na \u00fcz\u00fcleceksin. Kendini severek ba\u015fla, inan hi\u00e7bir \u015fey i\u00e7in ge\u00e7 de\u011fil, \u201cALLAH\u201d yeniden ba\u015flayanlar\u0131n yard\u0131mc\u0131s\u0131d\u0131r.Ad\u0131m\u0131n anlam\u0131 \u00e2\u015f\u0131k ise G\u00f6nl\u00fcm\u00fcn ferman\u0131 yaz\u0131lm\u0131\u015f ise Mahzun g\u00f6nl\u00fcme dem \u00e7\u00f6km\u00fc\u015f ise Demi benden \u00e7ay\u0131 senden ise Bir \u00e7ay koy azizim yeniden ba\u015fl\u0131yoruz&#8230;<\/p>\n","protected":false},"excerpt":{"rendered":"<p>Baz\u0131 \u015feyleri biraz sab\u0131r, biraz dua, biraz da \u00e7ay ge\u00e7irir. Biliyorum \u00e7ok \u00fcz\u00fcld\u00fcn, \u00e7ok k\u0131r\u0131ld\u0131n. Hayalini kurdu\u011fun, o ilk tan\u0131\u015ft\u0131\u011f\u0131n andan itibaren herkesten farkl\u0131 zannetti\u011fin insanlar<span class=\"excerpt-hellip\"> [\u2026]<\/span><\/p>\n","protected":false},"featured_media":0,"template":"","meta":{"_monsterinsights_skip_tracking":false,"_monsterinsights_sitenote_active":false,"_monsterinsights_sitenote_note":"","_monsterinsights_sitenote_category":0},"product_brand":[],"product_cat":[12777,12291],"product_tag":[],"class_list":{"0":"post-766665","1":"product","2":"type-product","3":"status-publish","5":"product_cat-deneme","6":"product_cat-edebiyat","7":"pa_cilt-ciltsiz","8":"pa_tur-kitap","9":"pa_yayinevi-hayykitap","10":"pa_yazar-emre-gurlek","12":"first","13":"instock","14":"sale","15":"shipping-taxable","16":"purchasable","17":"product-type-simple"},"_links":{"self":[{"href":"https:\/\/roveyayinevi.com.tr\/index.php\/wp-json\/wp\/v2\/product\/766665","targetHints":{"allow":["GET"]}}],"collection":[{"href":"https:\/\/roveyayinevi.com.tr\/index.php\/wp-json\/wp\/v2\/product"}],"about":[{"href":"https:\/\/roveyayinevi.com.tr\/index.php\/wp-json\/wp\/v2\/types\/product"}],"wp:attachment":[{"href":"https:\/\/roveyayinevi.com.tr\/index.php\/wp-json\/wp\/v2\/media?parent=766665"}],"wp:term":[{"taxonomy":"product_brand","embeddable":true,"href":"https:\/\/roveyayinevi.com.tr\/index.php\/wp-json\/wp\/v2\/product_brand?post=766665"},{"taxonomy":"product_cat","embeddable":true,"href":"https:\/\/roveyayinevi.com.tr\/index.php\/wp-json\/wp\/v2\/product_cat?post=766665"},{"taxonomy":"product_tag","embeddable":true,"href":"https:\/\/roveyayinevi.com.tr\/index.php\/wp-json\/wp\/v2\/product_tag?post=766665"}],"curies":[{"name":"wp","href":"https:\/\/api.w.org\/{rel}","templated":true}]}}